{"id":20,"date":"2021-07-15T10:00:25","date_gmt":"2021-07-15T10:00:25","guid":{"rendered":"http:\/\/s877741999.online.de\/?page_id=20"},"modified":"2026-03-03T07:09:40","modified_gmt":"2026-03-03T07:09:40","slug":"karriere","status":"publish","type":"page","link":"http:\/\/www.submikron.com\/en\/karriere","title":{"rendered":"Career"},"content":{"rendered":"<div data-elementor-type=\"wp-page\" data-elementor-id=\"20\" class=\"elementor elementor-20\">\n\t\t\t\t\t\t<section class=\"elementor-section elementor-top-section elementor-element elementor-element-3c05481 elementor-section-full_width elementor-section-stretched elementor-section-height-default elementor-section-height-default\" data-id=\"3c05481\" data-element_type=\"section\" data-e-type=\"section\" data-settings=\"{&quot;stretch_section&quot;:&quot;section-stretched&quot;}\">\n\t\t\t\t\t\t<div class=\"elementor-container elementor-column-gap-default\">\n\t\t\t\t\t<div class=\"elementor-column elementor-col-100 elementor-top-column elementor-element elementor-element-3d248f2\" data-id=\"3d248f2\" data-element_type=\"column\" data-e-type=\"column\">\n\t\t\t<div class=\"elementor-widget-wrap elementor-element-populated\">\n\t\t\t\t\t\t<div class=\"elementor-element elementor-element-4442568 elementor-widget elementor-widget-image\" data-id=\"4442568\" data-element_type=\"widget\" data-e-type=\"widget\" data-widget_type=\"image.default\">\n\t\t\t\t<div class=\"elementor-widget-container\">\n\t\t\t\t\t\t\t\t\t\t\t\t\t\t\t<img fetchpriority=\"high\" decoding=\"async\" width=\"1900\" height=\"420\" src=\"https:\/\/www.submikron.com\/wp-content\/uploads\/2022\/03\/02_submikron_titelbild_karriere.jpg\" class=\"attachment-full size-full wp-image-1737\" alt=\"\" srcset=\"https:\/\/www.submikron.com\/wp-content\/uploads\/2022\/03\/02_submikron_titelbild_karriere.jpg 1900w, https:\/\/www.submikron.com\/wp-content\/uploads\/2022\/03\/02_submikron_titelbild_karriere-300x66.jpg 300w, https:\/\/www.submikron.com\/wp-content\/uploads\/2022\/03\/02_submikron_titelbild_karriere-1024x226.jpg 1024w, https:\/\/www.submikron.com\/wp-content\/uploads\/2022\/03\/02_submikron_titelbild_karriere-768x170.jpg 768w, https:\/\/www.submikron.com\/wp-content\/uploads\/2022\/03\/02_submikron_titelbild_karriere-1536x340.jpg 1536w, https:\/\/www.submikron.com\/wp-content\/uploads\/2022\/03\/02_submikron_titelbild_karriere-18x4.jpg 18w\" sizes=\"(max-width: 1900px) 100vw, 1900px\" \/>\t\t\t\t\t\t\t\t\t\t\t\t\t\t\t<\/div>\n\t\t\t\t<\/div>\n\t\t\t\t\t<\/div>\n\t\t<\/div>\n\t\t\t\t\t<\/div>\n\t\t<\/section>\n\t\t\t\t<section class=\"elementor-section elementor-top-section elementor-element elementor-element-3da5cbe elementor-section-full_width elementor-section-stretched elementor-section-height-default elementor-section-height-default\" data-id=\"3da5cbe\" data-element_type=\"section\" data-e-type=\"section\" data-settings=\"{&quot;stretch_section&quot;:&quot;section-stretched&quot;}\">\n\t\t\t\t\t\t<div class=\"elementor-container elementor-column-gap-default\">\n\t\t\t\t\t<div class=\"elementor-column elementor-col-100 elementor-top-column elementor-element elementor-element-3fc7b13\" data-id=\"3fc7b13\" data-element_type=\"column\" data-e-type=\"column\">\n\t\t\t<div class=\"elementor-widget-wrap elementor-element-populated\">\n\t\t\t\t\t\t<div class=\"elementor-element elementor-element-0ab056e elementor-widget elementor-widget-heading\" data-id=\"0ab056e\" data-element_type=\"widget\" data-e-type=\"widget\" data-widget_type=\"heading.default\">\n\t\t\t\t<div class=\"elementor-widget-container\">\n\t\t\t\t\t<h1 class=\"elementor-heading-title elementor-size-default\">Career<\/h1>\t\t\t\t<\/div>\n\t\t\t\t<\/div>\n\t\t\t\t\t<\/div>\n\t\t<\/div>\n\t\t\t\t\t<\/div>\n\t\t<\/section>\n\t\t\t\t<section class=\"elementor-section elementor-top-section elementor-element elementor-element-600d860 elementor-section-boxed elementor-section-height-default elementor-section-height-default\" data-id=\"600d860\" data-element_type=\"section\" data-e-type=\"section\">\n\t\t\t\t\t\t<div class=\"elementor-container elementor-column-gap-default\">\n\t\t\t\t\t<div class=\"elementor-column elementor-col-100 elementor-top-column elementor-element elementor-element-9da5e7b\" data-id=\"9da5e7b\" data-element_type=\"column\" data-e-type=\"column\">\n\t\t\t<div class=\"elementor-widget-wrap elementor-element-populated\">\n\t\t\t\t\t\t<div class=\"elementor-element elementor-element-c274a67 elementor-widget elementor-widget-text-editor\" data-id=\"c274a67\" data-element_type=\"widget\" data-e-type=\"widget\" data-widget_type=\"text-editor.default\">\n\t\t\t\t<div class=\"elementor-widget-container\">\n\t\t\t\t\t\t\t\t\t<p>Submikron: Career<\/p>\t\t\t\t\t\t\t\t<\/div>\n\t\t\t\t<\/div>\n\t\t\t\t<div class=\"elementor-element elementor-element-07cd844 elementor-widget elementor-widget-text-editor\" data-id=\"07cd844\" data-element_type=\"widget\" data-e-type=\"widget\" data-widget_type=\"text-editor.default\">\n\t\t\t\t<div class=\"elementor-widget-container\">\n\t\t\t\t\t\t\t\t\t<h2 class=\"MsoNoSpacing\" style=\"text-align: center;\" align=\"center\">#s\u2018geilbeiuns<\/h2><p class=\"MsoNoSpacing\">Lerne Submikron kennen! Du wirst es lieben!<\/p><p class=\"MsoNoSpacing\">Wir arbeiten nach einem <b>integralen Wertesystem<\/b>, durch welches eine wertsch\u00e4tzende Unternehmenskultur gelebt wird. Welche eine <b>leistungsgerechte Verg\u00fctung<\/b> und ein umfangreiches <b>Sozialleistungspaket<\/b> umfasst.<\/p><p>Unsere Mitarbeitenden wirken in einer f\u00fcr sie sinnhaften Position und erhalten den Raum zur individuellen Entfaltung ihres Potentials. Durch dein Wirken erschaffen wir f\u00fcr unsere Kunden mit Hingabe und Pr\u00e4zision individuelle Prozesse. Daf\u00fcr setzen wir unsere Expertise und Erfahrung ein. Unser Fokus liegt auf Wachstum, wodurch wir mit Ausdauer &amp; Kreativit\u00e4t unsere Vision verwirklichen. Daf\u00fcr sind wir bereit, Risiken einzugehen.<\/p><p class=\"MsoNoSpacing\">We appear self-confident and authentic on the market - we stand by our word!<\/p><p>Die Bierther Submikron GmbH ist ein Systemanbieter von L\u00f6sungen f\u00fcr Feinschleif-, L\u00e4pp- und Polierprozessen. Wir entwickeln, fertigen und vertreiben erfolgreich nachhaltige Maschinen, Produkte, Dienstleistungen und Prozesse und pflegen eine verantwortungsvolle Kooperation mit unseren Gesch\u00e4ftspartnern.<\/p>\t\t\t\t\t\t\t\t<\/div>\n\t\t\t\t<\/div>\n\t\t\t\t<div class=\"elementor-element elementor-element-856c7b0 elementor-widget elementor-widget-spacer\" data-id=\"856c7b0\" data-element_type=\"widget\" data-e-type=\"widget\" data-widget_type=\"spacer.default\">\n\t\t\t\t<div class=\"elementor-widget-container\">\n\t\t\t\t\t\t\t<div class=\"elementor-spacer\">\n\t\t\t<div class=\"elementor-spacer-inner\"><\/div>\n\t\t<\/div>\n\t\t\t\t\t\t<\/div>\n\t\t\t\t<\/div>\n\t\t\t\t\t<\/div>\n\t\t<\/div>\n\t\t\t\t\t<\/div>\n\t\t<\/section>\n\t\t\t\t<section class=\"elementor-section elementor-top-section elementor-element elementor-element-de28662 elementor-section-boxed elementor-section-height-default elementor-section-height-default\" data-id=\"de28662\" data-element_type=\"section\" data-e-type=\"section\">\n\t\t\t\t\t\t<div class=\"elementor-container elementor-column-gap-default\">\n\t\t\t\t\t<div class=\"elementor-column elementor-col-100 elementor-top-column elementor-element elementor-element-3a5a0d8\" data-id=\"3a5a0d8\" data-element_type=\"column\" data-e-type=\"column\">\n\t\t\t<div class=\"elementor-widget-wrap elementor-element-populated\">\n\t\t\t\t\t\t<div class=\"elementor-element elementor-element-3b74d9b elementor-widget elementor-widget-heading\" data-id=\"3b74d9b\" data-element_type=\"widget\" data-e-type=\"widget\" data-widget_type=\"heading.default\">\n\t\t\t\t<div class=\"elementor-widget-container\">\n\t\t\t\t\t<h2 class=\"elementor-heading-title elementor-size-default\">Job offers at Submikron GmbH <\/h2>\t\t\t\t<\/div>\n\t\t\t\t<\/div>\n\t\t\t\t<div class=\"elementor-element elementor-element-91a3ccd elementor-widget elementor-widget-text-editor\" data-id=\"91a3ccd\" data-element_type=\"widget\" data-e-type=\"widget\" data-widget_type=\"text-editor.default\">\n\t\t\t\t<div class=\"elementor-widget-container\">\n\t\t\t\t\t\t\t\t\t<p><a href=\"https:\/\/www.submikron.com\/wp-content\/uploads\/2026\/03\/Stellenanzeige_Aussendienst_2026.pdf\">Au\u00dfendienstmitarbeiter\/in im technischen Vertrieb (w\/m\/d)<\/a><\/p><p><a href=\"https:\/\/www.submikron.com\/en\/karriere\/produktionsmitarbeiter-in-im-bereich-werkstatt-m-w-d\/\">Produktionsmitarbeiter\/in im Bereich Werkstatt (w\/m\/d)<\/a><\/p>\t\t\t\t\t\t\t\t<\/div>\n\t\t\t\t<\/div>\n\t\t\t\t<div class=\"elementor-element elementor-element-91ad819 elementor-widget elementor-widget-spacer\" data-id=\"91ad819\" data-element_type=\"widget\" data-e-type=\"widget\" data-widget_type=\"spacer.default\">\n\t\t\t\t<div class=\"elementor-widget-container\">\n\t\t\t\t\t\t\t<div class=\"elementor-spacer\">\n\t\t\t<div class=\"elementor-spacer-inner\"><\/div>\n\t\t<\/div>\n\t\t\t\t\t\t<\/div>\n\t\t\t\t<\/div>\n\t\t\t\t\t<\/div>\n\t\t<\/div>\n\t\t\t\t\t<\/div>\n\t\t<\/section>\n\t\t\t\t<section class=\"elementor-section elementor-top-section elementor-element elementor-element-17fa4c2 elementor-section-boxed elementor-section-height-default elementor-section-height-default\" data-id=\"17fa4c2\" data-element_type=\"section\" data-e-type=\"section\">\n\t\t\t\t\t\t<div class=\"elementor-container elementor-column-gap-default\">\n\t\t\t\t\t<div class=\"elementor-column elementor-col-100 elementor-top-column elementor-element elementor-element-5d0e48e\" data-id=\"5d0e48e\" data-element_type=\"column\" data-e-type=\"column\">\n\t\t\t<div class=\"elementor-widget-wrap elementor-element-populated\">\n\t\t\t\t\t\t<div class=\"elementor-element elementor-element-7d45735 elementor-widget elementor-widget-heading\" data-id=\"7d45735\" data-element_type=\"widget\" data-e-type=\"widget\" data-widget_type=\"heading.default\">\n\t\t\t\t<div class=\"elementor-widget-container\">\n\t\t\t\t\t<h2 class=\"elementor-heading-title elementor-size-default\">Apprenticeship at Submikron GmbH<\/h2>\t\t\t\t<\/div>\n\t\t\t\t<\/div>\n\t\t\t\t<div class=\"elementor-element elementor-element-eb5bf3f elementor-widget elementor-widget-text-editor\" data-id=\"eb5bf3f\" data-element_type=\"widget\" data-e-type=\"widget\" data-widget_type=\"text-editor.default\">\n\t\t\t\t<div class=\"elementor-widget-container\">\n\t\t\t\t\t\t\t\t\t<p><a href=\"https:\/\/www.submikron.com\/wp-content\/uploads\/2025\/10\/Ausbildung_Bueromanagement_2026.pdf\">Ausbildung als Kaufmann\/frau f\u00fcr B\u00fcromanagement (w\/m\/d)<\/a><\/p>\t\t\t\t\t\t\t\t<\/div>\n\t\t\t\t<\/div>\n\t\t\t\t<div class=\"elementor-element elementor-element-8e0f1b8 elementor-widget elementor-widget-spacer\" data-id=\"8e0f1b8\" data-element_type=\"widget\" data-e-type=\"widget\" data-widget_type=\"spacer.default\">\n\t\t\t\t<div class=\"elementor-widget-container\">\n\t\t\t\t\t\t\t<div class=\"elementor-spacer\">\n\t\t\t<div class=\"elementor-spacer-inner\"><\/div>\n\t\t<\/div>\n\t\t\t\t\t\t<\/div>\n\t\t\t\t<\/div>\n\t\t\t\t\t<\/div>\n\t\t<\/div>\n\t\t\t\t\t<\/div>\n\t\t<\/section>\n\t\t\t\t<\/div>","protected":false},"excerpt":{"rendered":"<p>Karriere Submikron: Karriere #s\u2018geilbeiuns Lerne Submikron kennen! Du wirst es lieben! Wir arbeiten nach einem integralen Wertesystem, durch welches eine wertsch\u00e4tzende Unternehmenskultur gelebt wird. Welche eine leistungsgerechte Verg\u00fctung und ein umfangreiches Sozialleistungspaket umfasst. Unsere Mitarbeitenden wirken in einer f\u00fcr sie sinnhaften Position und erhalten den Raum zur individuellen Entfaltung ihres Potentials. Durch dein Wirken erschaffen [&hellip;]<\/p>\n","protected":false},"author":5,"featured_media":0,"parent":0,"menu_order":0,"comment_status":"closed","ping_status":"closed","template":"elementor_header_footer","meta":{"footnotes":""},"class_list":["post-20","page","type-page","status-publish","hentry"],"_links":{"self":[{"href":"http:\/\/www.submikron.com\/en\/wp-json\/wp\/v2\/pages\/20","targetHints":{"allow":["GET"]}}],"collection":[{"href":"http:\/\/www.submikron.com\/en\/wp-json\/wp\/v2\/pages"}],"about":[{"href":"http:\/\/www.submikron.com\/en\/wp-json\/wp\/v2\/types\/page"}],"author":[{"embeddable":true,"href":"http:\/\/www.submikron.com\/en\/wp-json\/wp\/v2\/users\/5"}],"replies":[{"embeddable":true,"href":"http:\/\/www.submikron.com\/en\/wp-json\/wp\/v2\/comments?post=20"}],"version-history":[{"count":219,"href":"http:\/\/www.submikron.com\/en\/wp-json\/wp\/v2\/pages\/20\/revisions"}],"predecessor-version":[{"id":3617,"href":"http:\/\/www.submikron.com\/en\/wp-json\/wp\/v2\/pages\/20\/revisions\/3617"}],"wp:attachment":[{"href":"http:\/\/www.submikron.com\/en\/wp-json\/wp\/v2\/media?parent=20"}],"curies":[{"name":"wp","href":"https:\/\/api.w.org\/{rel}","templated":true}]}}