{"id":2168,"date":"2022-09-26T13:15:18","date_gmt":"2022-09-26T13:15:18","guid":{"rendered":"https:\/\/www.submikron.com\/?page_id=2168"},"modified":"2025-01-22T08:10:54","modified_gmt":"2025-01-22T08:10:54","slug":"lohnlaeppen-lohnmessen","status":"publish","type":"page","link":"http:\/\/www.submikron.com\/fr\/lohnlaeppen-lohnmessen","title":{"rendered":"Rodage et mesure en sous-traitance"},"content":{"rendered":"\t\t<div data-elementor-type=\"wp-page\" data-elementor-id=\"2168\" class=\"elementor elementor-2168\">\n\t\t\t\t\t\t<section class=\"elementor-section elementor-top-section elementor-element elementor-element-3d65603 elementor-section-full_width elementor-section-stretched elementor-section-height-default elementor-section-height-default\" data-id=\"3d65603\" data-element_type=\"section\" data-e-type=\"section\" data-settings=\"{&quot;stretch_section&quot;:&quot;section-stretched&quot;}\">\n\t\t\t\t\t\t<div class=\"elementor-container elementor-column-gap-default\">\n\t\t\t\t\t<div class=\"elementor-column elementor-col-100 elementor-top-column elementor-element elementor-element-3a0aad2\" data-id=\"3a0aad2\" data-element_type=\"column\" data-e-type=\"column\">\n\t\t\t<div class=\"elementor-widget-wrap elementor-element-populated\">\n\t\t\t\t\t\t<div class=\"elementor-element elementor-element-1e1ce63 elementor-widget elementor-widget-image\" data-id=\"1e1ce63\" data-element_type=\"widget\" data-e-type=\"widget\" data-widget_type=\"image.default\">\n\t\t\t\t<div class=\"elementor-widget-container\">\n\t\t\t\t\t\t\t\t\t\t\t\t\t\t\t<img fetchpriority=\"high\" decoding=\"async\" width=\"2500\" height=\"434\" src=\"https:\/\/www.submikron.com\/wp-content\/uploads\/2022\/09\/titelbild-lohnlaeppen-lohnmessen.jpg\" class=\"attachment-full size-full wp-image-2176\" alt=\"\" srcset=\"https:\/\/www.submikron.com\/wp-content\/uploads\/2022\/09\/titelbild-lohnlaeppen-lohnmessen.jpg 2500w, https:\/\/www.submikron.com\/wp-content\/uploads\/2022\/09\/titelbild-lohnlaeppen-lohnmessen-300x52.jpg 300w, https:\/\/www.submikron.com\/wp-content\/uploads\/2022\/09\/titelbild-lohnlaeppen-lohnmessen-1024x178.jpg 1024w, https:\/\/www.submikron.com\/wp-content\/uploads\/2022\/09\/titelbild-lohnlaeppen-lohnmessen-768x133.jpg 768w, https:\/\/www.submikron.com\/wp-content\/uploads\/2022\/09\/titelbild-lohnlaeppen-lohnmessen-1536x267.jpg 1536w, https:\/\/www.submikron.com\/wp-content\/uploads\/2022\/09\/titelbild-lohnlaeppen-lohnmessen-2048x356.jpg 2048w, https:\/\/www.submikron.com\/wp-content\/uploads\/2022\/09\/titelbild-lohnlaeppen-lohnmessen-18x3.jpg 18w\" sizes=\"(max-width: 2500px) 100vw, 2500px\" \/>\t\t\t\t\t\t\t\t\t\t\t\t\t\t\t<\/div>\n\t\t\t\t<\/div>\n\t\t\t\t\t<\/div>\n\t\t<\/div>\n\t\t\t\t\t<\/div>\n\t\t<\/section>\n\t\t\t\t<section class=\"elementor-section elementor-top-section elementor-element elementor-element-02be26f elementor-section-full_width elementor-section-stretched elementor-section-height-default elementor-section-height-default\" data-id=\"02be26f\" data-element_type=\"section\" data-e-type=\"section\" data-settings=\"{&quot;stretch_section&quot;:&quot;section-stretched&quot;}\">\n\t\t\t\t\t\t<div class=\"elementor-container elementor-column-gap-default\">\n\t\t\t\t\t<div class=\"elementor-column elementor-col-100 elementor-top-column elementor-element elementor-element-124a614\" data-id=\"124a614\" data-element_type=\"column\" data-e-type=\"column\">\n\t\t\t<div class=\"elementor-widget-wrap elementor-element-populated\">\n\t\t\t\t\t\t<div class=\"elementor-element elementor-element-bf5f035 elementor-widget elementor-widget-heading\" data-id=\"bf5f035\" data-element_type=\"widget\" data-e-type=\"widget\" data-widget_type=\"heading.default\">\n\t\t\t\t<div class=\"elementor-widget-container\">\n\t\t\t\t\t<h1 class=\"elementor-heading-title elementor-size-default\">Lohnl\u00e4ppen &amp; Lohnmessen<\/h1>\t\t\t\t<\/div>\n\t\t\t\t<\/div>\n\t\t\t\t\t<\/div>\n\t\t<\/div>\n\t\t\t\t\t<\/div>\n\t\t<\/section>\n\t\t\t\t<section class=\"elementor-section elementor-top-section elementor-element elementor-element-3d9e8a9 elementor-section-boxed elementor-section-height-default elementor-section-height-default\" data-id=\"3d9e8a9\" data-element_type=\"section\" data-e-type=\"section\">\n\t\t\t\t\t\t<div class=\"elementor-container elementor-column-gap-default\">\n\t\t\t\t\t<div class=\"elementor-column elementor-col-100 elementor-top-column elementor-element elementor-element-231850a\" data-id=\"231850a\" data-element_type=\"column\" data-e-type=\"column\">\n\t\t\t<div class=\"elementor-widget-wrap elementor-element-populated\">\n\t\t\t\t\t\t<div class=\"elementor-element elementor-element-b1e2555 elementor-widget elementor-widget-text-editor\" data-id=\"b1e2555\" data-element_type=\"widget\" data-e-type=\"widget\" data-widget_type=\"text-editor.default\">\n\t\t\t\t<div class=\"elementor-widget-container\">\n\t\t\t\t\t\t\t\t\t<p>Submikron: Lohnl\u00e4ppen &amp; Lohnmessen<\/p>\t\t\t\t\t\t\t\t<\/div>\n\t\t\t\t<\/div>\n\t\t\t\t<div class=\"elementor-element elementor-element-c6253a5 elementor-widget elementor-widget-spacer\" data-id=\"c6253a5\" data-element_type=\"widget\" data-e-type=\"widget\" data-widget_type=\"spacer.default\">\n\t\t\t\t<div class=\"elementor-widget-container\">\n\t\t\t\t\t\t\t<div class=\"elementor-spacer\">\n\t\t\t<div class=\"elementor-spacer-inner\"><\/div>\n\t\t<\/div>\n\t\t\t\t\t\t<\/div>\n\t\t\t\t<\/div>\n\t\t\t\t\t<\/div>\n\t\t<\/div>\n\t\t\t\t\t<\/div>\n\t\t<\/section>\n\t\t\t\t<section class=\"elementor-section elementor-top-section elementor-element elementor-element-8bea405 elementor-section-boxed elementor-section-height-default elementor-section-height-default\" data-id=\"8bea405\" data-element_type=\"section\" data-e-type=\"section\">\n\t\t\t\t\t\t<div class=\"elementor-container elementor-column-gap-default\">\n\t\t\t\t\t<div class=\"elementor-column elementor-col-100 elementor-top-column elementor-element elementor-element-e4613bd\" data-id=\"e4613bd\" data-element_type=\"column\" data-e-type=\"column\">\n\t\t\t<div class=\"elementor-widget-wrap elementor-element-populated\">\n\t\t\t\t\t\t<div class=\"elementor-element elementor-element-46a16a5 elementor-widget elementor-widget-heading\" data-id=\"46a16a5\" data-element_type=\"widget\" data-e-type=\"widget\" data-widget_type=\"heading.default\">\n\t\t\t\t<div class=\"elementor-widget-container\">\n\t\t\t\t\t<h3 class=\"elementor-heading-title elementor-size-default\">Lohnbearbeitung<\/h3>\t\t\t\t<\/div>\n\t\t\t\t<\/div>\n\t\t\t\t<div class=\"elementor-element elementor-element-a3eada0 elementor-widget elementor-widget-text-editor\" data-id=\"a3eada0\" data-element_type=\"widget\" data-e-type=\"widget\" data-widget_type=\"text-editor.default\">\n\t\t\t\t<div class=\"elementor-widget-container\">\n\t\t\t\t\t\t\t\t\t<p><strong>Sie ben\u00f6tigen eine L\u00f6sung f\u00fcr einen L\u00e4pp- oder Polierprozess und m\u00f6chten diesen Prozess nicht in Ihrem Haus durchf\u00fchren?<\/strong><\/p><p>Wir \u00fcbernehmen das f\u00fcr Sie! F\u00fcllen Sie einfach den folgenden Anforderungsbogen aus, in dem Sie uns mitteilen, um welche Teile es sich handelt und was das Ziel der Bearbeitung ist. Alternativ k\u00f6nnen Sie uns unter <strong style=\"color: #09538a;\">0671 796 14190 oder <\/strong><span style=\"color: #00518c;\"><strong><span class=\"xr_tl Normaler_Text\">bierther[at]submikron.com <\/span><\/strong><\/span>kontaktieren. Ein Anwendungstechniker erarbeitet mit Ihnen die Parameter des Prozesses und erstellt ein attraktives Angebot.<\/p>\t\t\t\t\t\t\t\t<\/div>\n\t\t\t\t<\/div>\n\t\t\t\t<div class=\"elementor-element elementor-element-731651f elementor-widget elementor-widget-button\" data-id=\"731651f\" data-element_type=\"widget\" data-e-type=\"widget\" data-widget_type=\"button.default\">\n\t\t\t\t<div class=\"elementor-widget-container\">\n\t\t\t\t\t\t\t\t\t<div class=\"elementor-button-wrapper\">\n\t\t\t\t\t<a class=\"elementor-button elementor-button-link elementor-size-md\" href=\"\/wp-content\/uploads\/2022\/09\/Erfassungsbogen.pdf\" target=\"_blank\">\n\t\t\t\t\t\t<span class=\"elementor-button-content-wrapper\">\n\t\t\t\t\t\t\t\t\t<span class=\"elementor-button-text\">Jetzt Anforderungsbogen ausf\u00fcllen \u00bb<\/span>\n\t\t\t\t\t<\/span>\n\t\t\t\t\t<\/a>\n\t\t\t\t<\/div>\n\t\t\t\t\t\t\t\t<\/div>\n\t\t\t\t<\/div>\n\t\t\t\t<div class=\"elementor-element elementor-element-39ca318 elementor-widget elementor-widget-spacer\" data-id=\"39ca318\" data-element_type=\"widget\" data-e-type=\"widget\" data-widget_type=\"spacer.default\">\n\t\t\t\t<div class=\"elementor-widget-container\">\n\t\t\t\t\t\t\t<div class=\"elementor-spacer\">\n\t\t\t<div class=\"elementor-spacer-inner\"><\/div>\n\t\t<\/div>\n\t\t\t\t\t\t<\/div>\n\t\t\t\t<\/div>\n\t\t\t\t<div class=\"elementor-element elementor-element-e1ee120 elementor-widget elementor-widget-heading\" data-id=\"e1ee120\" data-element_type=\"widget\" data-e-type=\"widget\" data-widget_type=\"heading.default\">\n\t\t\t\t<div class=\"elementor-widget-container\">\n\t\t\t\t\t<h3 class=\"elementor-heading-title elementor-size-default\">Lohnmessen: Unser brandneues Messger\u00e4t der Marke Polytec<\/h3>\t\t\t\t<\/div>\n\t\t\t\t<\/div>\n\t\t\t\t<div class=\"elementor-element elementor-element-6326b9c elementor-widget elementor-widget-text-editor\" data-id=\"6326b9c\" data-element_type=\"widget\" data-e-type=\"widget\" data-widget_type=\"text-editor.default\">\n\t\t\t\t<div class=\"elementor-widget-container\">\n\t\t\t\t\t\t\t\t\t<p>Das TMS-500 TopMap Pro.Surf ist ein ber\u00fchrungslos arbeitendes Wei\u00dflicht-Interferometer mit gro\u00dfem Bildfeld zur schnellen und einfachen Messung pr\u00e4zisionsgefertigter Oberfl\u00e4chen. Mit gro\u00dfem vertikalen Messbereich werden auch tiefliegende Fl\u00e4chen und gro\u00dfe Stufenh\u00f6hen genau und r\u00fcckf\u00fchrbar charakterisiert. Ebenheits- und Parallelit\u00e4tstoleranzen auch makroskopischer Messobjekte lassen sich schnell und mit hoher Wiederholpr\u00e4zision \u00fcberpr\u00fcfen.<\/p>\t\t\t\t\t\t\t\t<\/div>\n\t\t\t\t<\/div>\n\t\t\t\t<div class=\"elementor-element elementor-element-e6d6c96 elementor-widget elementor-widget-button\" data-id=\"e6d6c96\" data-element_type=\"widget\" data-e-type=\"widget\" data-widget_type=\"button.default\">\n\t\t\t\t<div class=\"elementor-widget-container\">\n\t\t\t\t\t\t\t\t\t<div class=\"elementor-button-wrapper\">\n\t\t\t\t\t<a class=\"elementor-button elementor-button-link elementor-size-md\" href=\"\/wp-content\/uploads\/2022\/09\/messgeraet-polytec-datentabelle-deutsch.pdf\" target=\"_blank\">\n\t\t\t\t\t\t<span class=\"elementor-button-content-wrapper\">\n\t\t\t\t\t\t\t\t\t<span class=\"elementor-button-text\">Die wichtigsten technischen Daten zum Download \u00bb<\/span>\n\t\t\t\t\t<\/span>\n\t\t\t\t\t<\/a>\n\t\t\t\t<\/div>\n\t\t\t\t\t\t\t\t<\/div>\n\t\t\t\t<\/div>\n\t\t\t\t<div class=\"elementor-element elementor-element-e6f979a elementor-widget elementor-widget-spacer\" data-id=\"e6f979a\" data-element_type=\"widget\" data-e-type=\"widget\" data-widget_type=\"spacer.default\">\n\t\t\t\t<div class=\"elementor-widget-container\">\n\t\t\t\t\t\t\t<div class=\"elementor-spacer\">\n\t\t\t<div class=\"elementor-spacer-inner\"><\/div>\n\t\t<\/div>\n\t\t\t\t\t\t<\/div>\n\t\t\t\t<\/div>\n\t\t\t\t<div class=\"elementor-element elementor-element-ffd3f62 elementor-widget elementor-widget-spacer\" data-id=\"ffd3f62\" data-element_type=\"widget\" data-e-type=\"widget\" data-widget_type=\"spacer.default\">\n\t\t\t\t<div class=\"elementor-widget-container\">\n\t\t\t\t\t\t\t<div class=\"elementor-spacer\">\n\t\t\t<div class=\"elementor-spacer-inner\"><\/div>\n\t\t<\/div>\n\t\t\t\t\t\t<\/div>\n\t\t\t\t<\/div>\n\t\t\t\t\t<\/div>\n\t\t<\/div>\n\t\t\t\t\t<\/div>\n\t\t<\/section>\n\t\t\t\t<section class=\"elementor-section elementor-top-section elementor-element elementor-element-e9b1177 elementor-section-boxed elementor-section-height-default elementor-section-height-default\" data-id=\"e9b1177\" data-element_type=\"section\" data-e-type=\"section\">\n\t\t\t\t\t\t<div class=\"elementor-container elementor-column-gap-default\">\n\t\t\t\t\t<div class=\"elementor-column elementor-col-50 elementor-top-column elementor-element elementor-element-71e0c36\" data-id=\"71e0c36\" data-element_type=\"column\" data-e-type=\"column\">\n\t\t\t<div class=\"elementor-widget-wrap elementor-element-populated\">\n\t\t\t\t\t\t<div class=\"elementor-element elementor-element-94d9509 elementor-widget elementor-widget-image\" data-id=\"94d9509\" data-element_type=\"widget\" data-e-type=\"widget\" data-widget_type=\"image.default\">\n\t\t\t\t<div class=\"elementor-widget-container\">\n\t\t\t\t\t\t\t\t\t\t\t\t\t\t\t<img decoding=\"async\" width=\"500\" height=\"335\" src=\"https:\/\/www.submikron.com\/wp-content\/uploads\/2022\/09\/polytec-messgeraet.jpg\" class=\"attachment-large size-large wp-image-2174\" alt=\"\" srcset=\"https:\/\/www.submikron.com\/wp-content\/uploads\/2022\/09\/polytec-messgeraet.jpg 500w, https:\/\/www.submikron.com\/wp-content\/uploads\/2022\/09\/polytec-messgeraet-300x201.jpg 300w, https:\/\/www.submikron.com\/wp-content\/uploads\/2022\/09\/polytec-messgeraet-18x12.jpg 18w\" sizes=\"(max-width: 500px) 100vw, 500px\" \/>\t\t\t\t\t\t\t\t\t\t\t\t\t\t\t<\/div>\n\t\t\t\t<\/div>\n\t\t\t\t<div class=\"elementor-element elementor-element-10c2628 elementor-widget elementor-widget-text-editor\" data-id=\"10c2628\" data-element_type=\"widget\" data-e-type=\"widget\" data-widget_type=\"text-editor.default\">\n\t\t\t\t<div class=\"elementor-widget-container\">\n\t\t\t\t\t\t\t\t\t<p>Unser brandneues Messger\u00e4t der <a href=\"https:\/\/www.polytec.com\/de\/oberflaechenmesstechnik\/produkte\/oberflaechenmessgeraete\/topmap-prosurf\"><span style=\"text-decoration: underline;\"><strong style=\"color: #09538a;\">Marke Polytec \u00bb<\/strong><\/span><\/a>, mit welchem wir f\u00fcr Sie einfach perfekte Messergebnisse erzielen k\u00f6nnen.<\/p>\t\t\t\t\t\t\t\t<\/div>\n\t\t\t\t<\/div>\n\t\t\t\t\t<\/div>\n\t\t<\/div>\n\t\t\t\t<div class=\"elementor-column elementor-col-50 elementor-top-column elementor-element elementor-element-0a2e4d9\" data-id=\"0a2e4d9\" data-element_type=\"column\" data-e-type=\"column\">\n\t\t\t<div class=\"elementor-widget-wrap elementor-element-populated\">\n\t\t\t\t\t\t<div class=\"elementor-element elementor-element-d847a27 elementor-widget elementor-widget-heading\" data-id=\"d847a27\" data-element_type=\"widget\" data-e-type=\"widget\" data-widget_type=\"heading.default\">\n\t\t\t\t<div class=\"elementor-widget-container\">\n\t\t\t\t\t<h3 class=\"elementor-heading-title elementor-size-default\">Highlights<\/h3>\t\t\t\t<\/div>\n\t\t\t\t<\/div>\n\t\t\t\t<div class=\"elementor-element elementor-element-d07eeb8 elementor-widget elementor-widget-text-editor\" data-id=\"d07eeb8\" data-element_type=\"widget\" data-e-type=\"widget\" data-widget_type=\"text-editor.default\">\n\t\t\t\t<div class=\"elementor-widget-container\">\n\t\t\t\t\t\t\t\t\t<ul><li>Schnelle und pr\u00e4zise 3D-Oberfl\u00e4chen-Charakterisierung<\/li><li>Ber\u00fchrungsloses Messprinzip und r\u00fcckf\u00fchrbare Messergebnisse<\/li><li>Smart Surface Scanning Technologie und Filterrad f\u00fcr nahezu alle Oberfl\u00e4chen<\/li><li>Gro\u00dfes Messvolumen 200 x 200 x 70 mm\u00b3<\/li><li>Telezentrische Optik misst selbst tiefliegende Stellen<\/li><li>Sicheres Probenhandling dank gro\u00dfem Arbeitsabstand<\/li><li>Einfach bedienbare und automatisierbare Mess- und Auswerte-Software<\/li><\/ul>\t\t\t\t\t\t\t\t<\/div>\n\t\t\t\t<\/div>\n\t\t\t\t\t<\/div>\n\t\t<\/div>\n\t\t\t\t\t<\/div>\n\t\t<\/section>\n\t\t\t\t<section class=\"elementor-section elementor-top-section elementor-element elementor-element-ea85419 elementor-section-boxed elementor-section-height-default elementor-section-height-default\" data-id=\"ea85419\" data-element_type=\"section\" data-e-type=\"section\">\n\t\t\t\t\t\t<div class=\"elementor-container elementor-column-gap-default\">\n\t\t\t\t\t<div class=\"elementor-column elementor-col-100 elementor-top-column elementor-element elementor-element-2991b35\" data-id=\"2991b35\" data-element_type=\"column\" data-e-type=\"column\">\n\t\t\t<div class=\"elementor-widget-wrap elementor-element-populated\">\n\t\t\t\t\t\t<div class=\"elementor-element elementor-element-925fc22 elementor-widget elementor-widget-spacer\" data-id=\"925fc22\" data-element_type=\"widget\" data-e-type=\"widget\" data-widget_type=\"spacer.default\">\n\t\t\t\t<div class=\"elementor-widget-container\">\n\t\t\t\t\t\t\t<div class=\"elementor-spacer\">\n\t\t\t<div class=\"elementor-spacer-inner\"><\/div>\n\t\t<\/div>\n\t\t\t\t\t\t<\/div>\n\t\t\t\t<\/div>\n\t\t\t\t\t<\/div>\n\t\t<\/div>\n\t\t\t\t\t<\/div>\n\t\t<\/section>\n\t\t\t\t<\/div>\n\t\t","protected":false},"excerpt":{"rendered":"<p>Lohnl\u00e4ppen &amp; Lohnmessen Submikron: Lohnl\u00e4ppen &amp; Lohnmessen Lohnbearbeitung Sie ben\u00f6tigen eine L\u00f6sung f\u00fcr einen L\u00e4pp- oder Polierprozess und m\u00f6chten diesen Prozess nicht in Ihrem Haus durchf\u00fchren? Wir \u00fcbernehmen das f\u00fcr Sie! F\u00fcllen Sie einfach den folgenden Anforderungsbogen aus, in dem Sie uns mitteilen, um welche Teile es sich handelt und was das Ziel der Bearbeitung [&hellip;]<\/p>\n","protected":false},"author":5,"featured_media":0,"parent":0,"menu_order":0,"comment_status":"closed","ping_status":"closed","template":"elementor_header_footer","meta":{"footnotes":""},"class_list":["post-2168","page","type-page","status-publish","hentry"],"_links":{"self":[{"href":"http:\/\/www.submikron.com\/fr\/wp-json\/wp\/v2\/pages\/2168","targetHints":{"allow":["GET"]}}],"collection":[{"href":"http:\/\/www.submikron.com\/fr\/wp-json\/wp\/v2\/pages"}],"about":[{"href":"http:\/\/www.submikron.com\/fr\/wp-json\/wp\/v2\/types\/page"}],"author":[{"embeddable":true,"href":"http:\/\/www.submikron.com\/fr\/wp-json\/wp\/v2\/users\/5"}],"replies":[{"embeddable":true,"href":"http:\/\/www.submikron.com\/fr\/wp-json\/wp\/v2\/comments?post=2168"}],"version-history":[{"count":17,"href":"http:\/\/www.submikron.com\/fr\/wp-json\/wp\/v2\/pages\/2168\/revisions"}],"predecessor-version":[{"id":3248,"href":"http:\/\/www.submikron.com\/fr\/wp-json\/wp\/v2\/pages\/2168\/revisions\/3248"}],"wp:attachment":[{"href":"http:\/\/www.submikron.com\/fr\/wp-json\/wp\/v2\/media?parent=2168"}],"curies":[{"name":"wp","href":"https:\/\/api.w.org\/{rel}","templated":true}]}}