{"id":14,"date":"2021-07-15T09:59:43","date_gmt":"2021-07-15T09:59:43","guid":{"rendered":"http:\/\/s877741999.online.de\/?page_id=14"},"modified":"2021-07-27T12:20:19","modified_gmt":"2021-07-27T12:20:19","slug":"branchen","status":"publish","type":"page","link":"http:\/\/www.submikron.com\/pl\/branchen","title":{"rendered":"Bran\u017ce"},"content":{"rendered":"<div data-elementor-type=\"wp-page\" data-elementor-id=\"14\" class=\"elementor elementor-14\">\n\t\t\t\t\t\t<section class=\"elementor-section elementor-top-section elementor-element elementor-element-18b1e35 elementor-section-full_width elementor-section-height-default elementor-section-height-default\" data-id=\"18b1e35\" data-element_type=\"section\" data-e-type=\"section\">\n\t\t\t\t\t\t<div class=\"elementor-container elementor-column-gap-default\">\n\t\t\t\t\t<div class=\"elementor-column elementor-col-100 elementor-top-column elementor-element elementor-element-a8490a9\" data-id=\"a8490a9\" data-element_type=\"column\" data-e-type=\"column\">\n\t\t\t<div class=\"elementor-widget-wrap elementor-element-populated\">\n\t\t\t\t\t\t<div class=\"elementor-element elementor-element-2cacd73 elementor-widget elementor-widget-spacer\" data-id=\"2cacd73\" data-element_type=\"widget\" data-e-type=\"widget\" data-widget_type=\"spacer.default\">\n\t\t\t\t<div class=\"elementor-widget-container\">\n\t\t\t\t\t\t\t<div class=\"elementor-spacer\">\n\t\t\t<div class=\"elementor-spacer-inner\"><\/div>\n\t\t<\/div>\n\t\t\t\t\t\t<\/div>\n\t\t\t\t<\/div>\n\t\t\t\t\t<\/div>\n\t\t<\/div>\n\t\t\t\t\t<\/div>\n\t\t<\/section>\n\t\t\t\t<section class=\"elementor-section elementor-top-section elementor-element elementor-element-73eb1ed elementor-section-boxed elementor-section-height-default elementor-section-height-default\" data-id=\"73eb1ed\" data-element_type=\"section\" data-e-type=\"section\">\n\t\t\t\t\t\t<div class=\"elementor-container elementor-column-gap-default\">\n\t\t\t\t\t<div class=\"elementor-column elementor-col-50 elementor-top-column elementor-element elementor-element-0ec5215\" data-id=\"0ec5215\" data-element_type=\"column\" data-e-type=\"column\">\n\t\t\t<div class=\"elementor-widget-wrap elementor-element-populated\">\n\t\t\t\t\t\t<div class=\"elementor-element elementor-element-2f6240d elementor-widget elementor-widget-image\" data-id=\"2f6240d\" data-element_type=\"widget\" data-e-type=\"widget\" data-widget_type=\"image.default\">\n\t\t\t\t<div class=\"elementor-widget-container\">\n\t\t\t\t\t\t\t\t\t\t\t\t\t\t\t<img fetchpriority=\"high\" decoding=\"async\" width=\"700\" height=\"300\" src=\"https:\/\/www.submikron.com\/wp-content\/uploads\/2021\/07\/02-submikron-gleitringe.jpeg\" class=\"attachment-large size-large wp-image-132\" alt=\"\" srcset=\"https:\/\/www.submikron.com\/wp-content\/uploads\/2021\/07\/02-submikron-gleitringe.jpeg 700w, https:\/\/www.submikron.com\/wp-content\/uploads\/2021\/07\/02-submikron-gleitringe-300x129.jpeg 300w\" sizes=\"(max-width: 700px) 100vw, 700px\" \/>\t\t\t\t\t\t\t\t\t\t\t\t\t\t\t<\/div>\n\t\t\t\t<\/div>\n\t\t\t\t<div class=\"elementor-element elementor-element-be959c2 elementor-widget elementor-widget-heading\" data-id=\"be959c2\" data-element_type=\"widget\" data-e-type=\"widget\" data-widget_type=\"heading.default\">\n\t\t\t\t<div class=\"elementor-widget-container\">\n\t\t\t\t\t<h2 class=\"elementor-heading-title elementor-size-default\">Gleitringe &amp; Gleitlager<\/h2>\t\t\t\t<\/div>\n\t\t\t\t<\/div>\n\t\t\t\t<div class=\"elementor-element elementor-element-ddc7930 elementor-widget elementor-widget-text-editor\" data-id=\"ddc7930\" data-element_type=\"widget\" data-e-type=\"widget\" data-widget_type=\"text-editor.default\">\n\t\t\t\t<div class=\"elementor-widget-container\">\n\t\t\t\t\t\t\t\t\t<p>Produkcja i konserwacja systemowa<\/p>\t\t\t\t\t\t\t\t<\/div>\n\t\t\t\t<\/div>\n\t\t\t\t<div class=\"elementor-element elementor-element-9545025 elementor-widget elementor-widget-image\" data-id=\"9545025\" data-element_type=\"widget\" data-e-type=\"widget\" data-widget_type=\"image.default\">\n\t\t\t\t<div class=\"elementor-widget-container\">\n\t\t\t\t\t\t\t\t\t\t\t\t\t\t\t<img decoding=\"async\" width=\"700\" height=\"300\" src=\"https:\/\/www.submikron.com\/wp-content\/uploads\/2021\/07\/02-submikron-hydraulik.jpeg\" class=\"attachment-large size-large wp-image-130\" alt=\"\" srcset=\"https:\/\/www.submikron.com\/wp-content\/uploads\/2021\/07\/02-submikron-hydraulik.jpeg 700w, https:\/\/www.submikron.com\/wp-content\/uploads\/2021\/07\/02-submikron-hydraulik-300x129.jpeg 300w\" sizes=\"(max-width: 700px) 100vw, 700px\" \/>\t\t\t\t\t\t\t\t\t\t\t\t\t\t\t<\/div>\n\t\t\t\t<\/div>\n\t\t\t\t<div class=\"elementor-element elementor-element-bfc58b2 elementor-widget elementor-widget-heading\" data-id=\"bfc58b2\" data-element_type=\"widget\" data-e-type=\"widget\" data-widget_type=\"heading.default\">\n\t\t\t\t<div class=\"elementor-widget-container\">\n\t\t\t\t\t<h2 class=\"elementor-heading-title elementor-size-default\">Hydraulik &amp; Kompressoren<\/h2>\t\t\t\t<\/div>\n\t\t\t\t<\/div>\n\t\t\t\t<div class=\"elementor-element elementor-element-6db7d1d elementor-widget elementor-widget-text-editor\" data-id=\"6db7d1d\" data-element_type=\"widget\" data-e-type=\"widget\" data-widget_type=\"text-editor.default\">\n\t\t\t\t<div class=\"elementor-widget-container\">\n\t\t\t\t\t\t\t\t\t<p>Produkcja i konserwacja systemowa<\/p>\t\t\t\t\t\t\t\t<\/div>\n\t\t\t\t<\/div>\n\t\t\t\t\t<\/div>\n\t\t<\/div>\n\t\t\t\t<div class=\"elementor-column elementor-col-50 elementor-top-column elementor-element elementor-element-4be6466\" data-id=\"4be6466\" data-element_type=\"column\" data-e-type=\"column\">\n\t\t\t<div class=\"elementor-widget-wrap elementor-element-populated\">\n\t\t\t\t\t\t<div class=\"elementor-element elementor-element-03ff42c elementor-widget elementor-widget-image\" data-id=\"03ff42c\" data-element_type=\"widget\" data-e-type=\"widget\" data-widget_type=\"image.default\">\n\t\t\t\t<div class=\"elementor-widget-container\">\n\t\t\t\t\t\t\t\t\t\t\t\t\t\t\t<img decoding=\"async\" width=\"700\" height=\"300\" src=\"https:\/\/www.submikron.com\/wp-content\/uploads\/2021\/07\/02-submikron-optik.jpeg\" class=\"attachment-large size-large wp-image-131\" alt=\"\" srcset=\"https:\/\/www.submikron.com\/wp-content\/uploads\/2021\/07\/02-submikron-optik.jpeg 700w, https:\/\/www.submikron.com\/wp-content\/uploads\/2021\/07\/02-submikron-optik-300x129.jpeg 300w\" sizes=\"(max-width: 700px) 100vw, 700px\" \/>\t\t\t\t\t\t\t\t\t\t\t\t\t\t\t<\/div>\n\t\t\t\t<\/div>\n\t\t\t\t<div class=\"elementor-element elementor-element-20c0b7e elementor-widget elementor-widget-heading\" data-id=\"20c0b7e\" data-element_type=\"widget\" data-e-type=\"widget\" data-widget_type=\"heading.default\">\n\t\t\t\t<div class=\"elementor-widget-container\">\n\t\t\t\t\t<h2 class=\"elementor-heading-title elementor-size-default\">Optik &amp; Kristalle<\/h2>\t\t\t\t<\/div>\n\t\t\t\t<\/div>\n\t\t\t\t<div class=\"elementor-element elementor-element-672afd7 elementor-widget elementor-widget-text-editor\" data-id=\"672afd7\" data-element_type=\"widget\" data-e-type=\"widget\" data-widget_type=\"text-editor.default\">\n\t\t\t\t<div class=\"elementor-widget-container\">\n\t\t\t\t\t\t\t\t\t<p>Wydajno\u015b\u0107 z najwy\u017csz\u0105 precyzj\u0105<\/p>\t\t\t\t\t\t\t\t<\/div>\n\t\t\t\t<\/div>\n\t\t\t\t<div class=\"elementor-element elementor-element-8c105d9 elementor-widget elementor-widget-image\" data-id=\"8c105d9\" data-element_type=\"widget\" data-e-type=\"widget\" data-widget_type=\"image.default\">\n\t\t\t\t<div class=\"elementor-widget-container\">\n\t\t\t\t\t\t\t\t\t\t\t\t\t\t\t<img loading=\"lazy\" decoding=\"async\" width=\"700\" height=\"300\" src=\"https:\/\/www.submikron.com\/wp-content\/uploads\/2021\/07\/02-submikron-uhren-schmuck.jpeg\" class=\"attachment-large size-large wp-image-129\" alt=\"\" srcset=\"https:\/\/www.submikron.com\/wp-content\/uploads\/2021\/07\/02-submikron-uhren-schmuck.jpeg 700w, https:\/\/www.submikron.com\/wp-content\/uploads\/2021\/07\/02-submikron-uhren-schmuck-300x129.jpeg 300w\" sizes=\"(max-width: 700px) 100vw, 700px\" \/>\t\t\t\t\t\t\t\t\t\t\t\t\t\t\t<\/div>\n\t\t\t\t<\/div>\n\t\t\t\t<div class=\"elementor-element elementor-element-5eda12f elementor-widget elementor-widget-heading\" data-id=\"5eda12f\" data-element_type=\"widget\" data-e-type=\"widget\" data-widget_type=\"heading.default\">\n\t\t\t\t<div class=\"elementor-widget-container\">\n\t\t\t\t\t<h2 class=\"elementor-heading-title elementor-size-default\">Zegarki i bi\u017cuteria<\/h2>\t\t\t\t<\/div>\n\t\t\t\t<\/div>\n\t\t\t\t<div class=\"elementor-element elementor-element-1ed8f90 elementor-widget elementor-widget-text-editor\" data-id=\"1ed8f90\" data-element_type=\"widget\" data-e-type=\"widget\" data-widget_type=\"text-editor.default\">\n\t\t\t\t<div class=\"elementor-widget-container\">\n\t\t\t\t\t\t\t\t\t<p>Blask najwy\u017cszej jako\u015bci<\/p>\t\t\t\t\t\t\t\t<\/div>\n\t\t\t\t<\/div>\n\t\t\t\t\t<\/div>\n\t\t<\/div>\n\t\t\t\t\t<\/div>\n\t\t<\/section>\n\t\t\t\t<\/div>","protected":false},"excerpt":{"rendered":"<p>Gleitringe &#038; Gleitlager Herstellung und Wartung mit System Hydraulik &#038; Kompressoren Herstellung und Wartung mit System Optik &#038; Kristalle Effizienz in h\u00f6chster Pr\u00e4zision Uhren und Schmuck Brillanz in h\u00f6chster Qualit\u00e4t<\/p>","protected":false},"author":5,"featured_media":0,"parent":0,"menu_order":0,"comment_status":"closed","ping_status":"closed","template":"","meta":{"footnotes":""},"class_list":["post-14","page","type-page","status-publish","hentry"],"_links":{"self":[{"href":"http:\/\/www.submikron.com\/pl\/wp-json\/wp\/v2\/pages\/14","targetHints":{"allow":["GET"]}}],"collection":[{"href":"http:\/\/www.submikron.com\/pl\/wp-json\/wp\/v2\/pages"}],"about":[{"href":"http:\/\/www.submikron.com\/pl\/wp-json\/wp\/v2\/types\/page"}],"author":[{"embeddable":true,"href":"http:\/\/www.submikron.com\/pl\/wp-json\/wp\/v2\/users\/5"}],"replies":[{"embeddable":true,"href":"http:\/\/www.submikron.com\/pl\/wp-json\/wp\/v2\/comments?post=14"}],"version-history":[{"count":5,"href":"http:\/\/www.submikron.com\/pl\/wp-json\/wp\/v2\/pages\/14\/revisions"}],"predecessor-version":[{"id":136,"href":"http:\/\/www.submikron.com\/pl\/wp-json\/wp\/v2\/pages\/14\/revisions\/136"}],"wp:attachment":[{"href":"http:\/\/www.submikron.com\/pl\/wp-json\/wp\/v2\/media?parent=14"}],"curies":[{"name":"wp","href":"https:\/\/api.w.org\/{rel}","templated":true}]}}