{"id":22,"date":"2021-07-15T10:00:38","date_gmt":"2021-07-15T10:00:38","guid":{"rendered":"http:\/\/s877741999.online.de\/?page_id=22"},"modified":"2022-03-10T10:51:32","modified_gmt":"2022-03-10T10:51:32","slug":"veranstaltung","status":"publish","type":"page","link":"https:\/\/www.submikron.com\/en\/veranstaltung","title":{"rendered":"Events"},"content":{"rendered":"<div data-elementor-type=\"wp-page\" data-elementor-id=\"22\" class=\"elementor elementor-22\">\n\t\t\t\t\t\t<section class=\"elementor-section elementor-top-section elementor-element elementor-element-5cac6de elementor-section-full_width elementor-section-stretched elementor-section-height-default elementor-section-height-default\" data-id=\"5cac6de\" data-element_type=\"section\" data-e-type=\"section\" data-settings=\"{&quot;stretch_section&quot;:&quot;section-stretched&quot;}\">\n\t\t\t\t\t\t<div class=\"elementor-container elementor-column-gap-default\">\n\t\t\t\t\t<div class=\"elementor-column elementor-col-100 elementor-top-column elementor-element elementor-element-e33e8e0\" data-id=\"e33e8e0\" data-element_type=\"column\" data-e-type=\"column\">\n\t\t\t<div class=\"elementor-widget-wrap elementor-element-populated\">\n\t\t\t\t\t\t<div class=\"elementor-element elementor-element-689907a elementor-widget elementor-widget-image\" data-id=\"689907a\" data-element_type=\"widget\" data-e-type=\"widget\" data-widget_type=\"image.default\">\n\t\t\t\t<div class=\"elementor-widget-container\">\n\t\t\t\t\t\t\t\t\t\t\t\t\t\t\t<img fetchpriority=\"high\" decoding=\"async\" width=\"2560\" height=\"464\" src=\"https:\/\/www.submikron.com\/wp-content\/uploads\/2022\/03\/02_submikron_titelbild_veranstaltung-scaled.jpg\" class=\"attachment-full size-full wp-image-1738\" alt=\"\" srcset=\"https:\/\/www.submikron.com\/wp-content\/uploads\/2022\/03\/02_submikron_titelbild_veranstaltung-scaled.jpg 2560w, https:\/\/www.submikron.com\/wp-content\/uploads\/2022\/03\/02_submikron_titelbild_veranstaltung-300x54.jpg 300w, https:\/\/www.submikron.com\/wp-content\/uploads\/2022\/03\/02_submikron_titelbild_veranstaltung-1024x186.jpg 1024w, https:\/\/www.submikron.com\/wp-content\/uploads\/2022\/03\/02_submikron_titelbild_veranstaltung-768x139.jpg 768w, https:\/\/www.submikron.com\/wp-content\/uploads\/2022\/03\/02_submikron_titelbild_veranstaltung-1536x278.jpg 1536w, https:\/\/www.submikron.com\/wp-content\/uploads\/2022\/03\/02_submikron_titelbild_veranstaltung-2048x371.jpg 2048w, https:\/\/www.submikron.com\/wp-content\/uploads\/2022\/03\/02_submikron_titelbild_veranstaltung-18x3.jpg 18w\" sizes=\"(max-width: 2560px) 100vw, 2560px\" \/>\t\t\t\t\t\t\t\t\t\t\t\t\t\t\t<\/div>\n\t\t\t\t<\/div>\n\t\t\t\t\t<\/div>\n\t\t<\/div>\n\t\t\t\t\t<\/div>\n\t\t<\/section>\n\t\t\t\t<section class=\"elementor-section elementor-top-section elementor-element elementor-element-48e2093 elementor-section-full_width elementor-section-stretched elementor-section-height-default elementor-section-height-default\" data-id=\"48e2093\" data-element_type=\"section\" data-e-type=\"section\" data-settings=\"{&quot;stretch_section&quot;:&quot;section-stretched&quot;}\">\n\t\t\t\t\t\t<div class=\"elementor-container elementor-column-gap-default\">\n\t\t\t\t\t<div class=\"elementor-column elementor-col-100 elementor-top-column elementor-element elementor-element-be88ecf\" data-id=\"be88ecf\" data-element_type=\"column\" data-e-type=\"column\">\n\t\t\t<div class=\"elementor-widget-wrap elementor-element-populated\">\n\t\t\t\t\t\t<div class=\"elementor-element elementor-element-ca6c1a7 elementor-widget elementor-widget-heading\" data-id=\"ca6c1a7\" data-element_type=\"widget\" data-e-type=\"widget\" data-widget_type=\"heading.default\">\n\t\t\t\t<div class=\"elementor-widget-container\">\n\t\t\t\t\t<h1 class=\"elementor-heading-title elementor-size-default\">Events<\/h1>\t\t\t\t<\/div>\n\t\t\t\t<\/div>\n\t\t\t\t\t<\/div>\n\t\t<\/div>\n\t\t\t\t\t<\/div>\n\t\t<\/section>\n\t\t\t\t<section class=\"elementor-section elementor-top-section elementor-element elementor-element-6d7e942 elementor-section-boxed elementor-section-height-default elementor-section-height-default\" data-id=\"6d7e942\" data-element_type=\"section\" data-e-type=\"section\">\n\t\t\t\t\t\t<div class=\"elementor-container elementor-column-gap-default\">\n\t\t\t\t\t<div class=\"elementor-column elementor-col-100 elementor-top-column elementor-element elementor-element-a150510\" data-id=\"a150510\" data-element_type=\"column\" data-e-type=\"column\">\n\t\t\t<div class=\"elementor-widget-wrap elementor-element-populated\">\n\t\t\t\t\t\t<div class=\"elementor-element elementor-element-d6b7aa3 elementor-widget elementor-widget-text-editor\" data-id=\"d6b7aa3\" data-element_type=\"widget\" data-e-type=\"widget\" data-widget_type=\"text-editor.default\">\n\t\t\t\t<div class=\"elementor-widget-container\">\n\t\t\t\t\t\t\t\t\t<p>Submikron: Events<\/p>\t\t\t\t\t\t\t\t<\/div>\n\t\t\t\t<\/div>\n\t\t\t\t<div class=\"elementor-element elementor-element-453fdea elementor-widget elementor-widget-text-editor\" data-id=\"453fdea\" data-element_type=\"widget\" data-e-type=\"widget\" data-widget_type=\"text-editor.default\">\n\t\t\t\t<div class=\"elementor-widget-container\">\n\t\t\t\t\t\t\t\t\t<p>Here you can find information on current events.  It is continuously updated.<br \/>Check back regularly to be informed about other events.<\/p>\t\t\t\t\t\t\t\t<\/div>\n\t\t\t\t<\/div>\n\t\t\t\t\t<\/div>\n\t\t<\/div>\n\t\t\t\t\t<\/div>\n\t\t<\/section>\n\t\t\t\t<\/div>","protected":false},"excerpt":{"rendered":"<p>Veranstaltungen Submikron: Veranstaltungen Hier finden Sie die aktuelle \u00dcbersicht \u00fcber unsere Veranstaltungen und Events. Unser Veranstaltungsangebot wird laufend aktualisiert.Schauen Sie regelm\u00e4\u00dfig vorbei, um \u00fcber weitere Veranstaltungen informiert zu sein.<\/p>","protected":false},"author":5,"featured_media":0,"parent":0,"menu_order":0,"comment_status":"closed","ping_status":"closed","template":"","meta":{"footnotes":""},"class_list":["post-22","page","type-page","status-publish","hentry"],"_links":{"self":[{"href":"https:\/\/www.submikron.com\/en\/wp-json\/wp\/v2\/pages\/22","targetHints":{"allow":["GET"]}}],"collection":[{"href":"https:\/\/www.submikron.com\/en\/wp-json\/wp\/v2\/pages"}],"about":[{"href":"https:\/\/www.submikron.com\/en\/wp-json\/wp\/v2\/types\/page"}],"author":[{"embeddable":true,"href":"https:\/\/www.submikron.com\/en\/wp-json\/wp\/v2\/users\/5"}],"replies":[{"embeddable":true,"href":"https:\/\/www.submikron.com\/en\/wp-json\/wp\/v2\/comments?post=22"}],"version-history":[{"count":7,"href":"https:\/\/www.submikron.com\/en\/wp-json\/wp\/v2\/pages\/22\/revisions"}],"predecessor-version":[{"id":1740,"href":"https:\/\/www.submikron.com\/en\/wp-json\/wp\/v2\/pages\/22\/revisions\/1740"}],"wp:attachment":[{"href":"https:\/\/www.submikron.com\/en\/wp-json\/wp\/v2\/media?parent=22"}],"curies":[{"name":"wp","href":"https:\/\/api.w.org\/{rel}","templated":true}]}}