{"id":947,"date":"2021-10-27T08:57:22","date_gmt":"2021-10-27T08:57:22","guid":{"rendered":"http:\/\/s877741999.online.de\/?page_id=947"},"modified":"2025-01-22T08:07:23","modified_gmt":"2025-01-22T08:07:23","slug":"kontakt","status":"publish","type":"page","link":"https:\/\/www.submikron.com\/en\/kontakt","title":{"rendered":"Contact"},"content":{"rendered":"\t\t<div data-elementor-type=\"wp-page\" data-elementor-id=\"947\" class=\"elementor elementor-947\">\n\t\t\t\t\t\t<section class=\"elementor-section elementor-top-section elementor-element elementor-element-b3976df elementor-section-boxed elementor-section-height-default elementor-section-height-default\" data-id=\"b3976df\" data-element_type=\"section\" data-e-type=\"section\">\n\t\t\t\t\t\t<div class=\"elementor-container elementor-column-gap-default\">\n\t\t\t\t\t<div class=\"elementor-column elementor-col-100 elementor-top-column elementor-element elementor-element-e222e94\" data-id=\"e222e94\" data-element_type=\"column\" data-e-type=\"column\">\n\t\t\t<div class=\"elementor-widget-wrap elementor-element-populated\">\n\t\t\t\t\t\t<div class=\"elementor-element elementor-element-1b64aa2 elementor-widget elementor-widget-spacer\" data-id=\"1b64aa2\" data-element_type=\"widget\" data-e-type=\"widget\" data-widget_type=\"spacer.default\">\n\t\t\t\t<div class=\"elementor-widget-container\">\n\t\t\t\t\t\t\t<div class=\"elementor-spacer\">\n\t\t\t<div class=\"elementor-spacer-inner\"><\/div>\n\t\t<\/div>\n\t\t\t\t\t\t<\/div>\n\t\t\t\t<\/div>\n\t\t\t\t<div class=\"elementor-element elementor-element-23ee33a elementor-widget elementor-widget-heading\" data-id=\"23ee33a\" data-element_type=\"widget\" data-e-type=\"widget\" data-widget_type=\"heading.default\">\n\t\t\t\t<div class=\"elementor-widget-container\">\n\t\t\t\t\t<h1 class=\"elementor-heading-title elementor-size-default\">Kontakt<\/h1>\t\t\t\t<\/div>\n\t\t\t\t<\/div>\n\t\t\t\t\t<\/div>\n\t\t<\/div>\n\t\t\t\t\t<\/div>\n\t\t<\/section>\n\t\t\t\t<section class=\"elementor-section elementor-top-section elementor-element elementor-element-51a6df0 elementor-section-boxed elementor-section-height-default elementor-section-height-default\" data-id=\"51a6df0\" data-element_type=\"section\" data-e-type=\"section\">\n\t\t\t\t\t\t<div class=\"elementor-container elementor-column-gap-default\">\n\t\t\t\t\t<div class=\"elementor-column elementor-col-100 elementor-top-column elementor-element elementor-element-1e405a4\" data-id=\"1e405a4\" data-element_type=\"column\" data-e-type=\"column\">\n\t\t\t<div class=\"elementor-widget-wrap elementor-element-populated\">\n\t\t\t\t\t\t<div class=\"elementor-element elementor-element-aad5348 elementor-widget elementor-widget-spacer\" data-id=\"aad5348\" data-element_type=\"widget\" data-e-type=\"widget\" data-widget_type=\"spacer.default\">\n\t\t\t\t<div class=\"elementor-widget-container\">\n\t\t\t\t\t\t\t<div class=\"elementor-spacer\">\n\t\t\t<div class=\"elementor-spacer-inner\"><\/div>\n\t\t<\/div>\n\t\t\t\t\t\t<\/div>\n\t\t\t\t<\/div>\n\t\t\t\t\t<\/div>\n\t\t<\/div>\n\t\t\t\t\t<\/div>\n\t\t<\/section>\n\t\t\t\t<section class=\"elementor-section elementor-top-section elementor-element elementor-element-8f58304 elementor-section-boxed elementor-section-height-default elementor-section-height-default\" data-id=\"8f58304\" data-element_type=\"section\" data-e-type=\"section\">\n\t\t\t\t\t\t<div class=\"elementor-container elementor-column-gap-default\">\n\t\t\t\t\t<div class=\"elementor-column elementor-col-33 elementor-top-column elementor-element elementor-element-298fec7\" data-id=\"298fec7\" data-element_type=\"column\" data-e-type=\"column\">\n\t\t\t<div class=\"elementor-widget-wrap elementor-element-populated\">\n\t\t\t\t\t\t<div class=\"elementor-element elementor-element-934426a elementor-widget elementor-widget-heading\" data-id=\"934426a\" data-element_type=\"widget\" data-e-type=\"widget\" data-widget_type=\"heading.default\">\n\t\t\t\t<div class=\"elementor-widget-container\">\n\t\t\t\t\t<h2 class=\"elementor-heading-title elementor-size-default\">Kontaktinformationen<\/h2>\t\t\t\t<\/div>\n\t\t\t\t<\/div>\n\t\t\t\t<div class=\"elementor-element elementor-element-b3432bd elementor-widget elementor-widget-text-editor\" data-id=\"b3432bd\" data-element_type=\"widget\" data-e-type=\"widget\" data-widget_type=\"text-editor.default\">\n\t\t\t\t<div class=\"elementor-widget-container\">\n\t\t\t\t\t\t\t\t\t<p><strong>Anschrift:<\/strong><\/p><p><span class=\"xr_tl Normaler_Text\">Bierther Submikron GmbH<br \/><\/span><span class=\"xr_tl Normaler_Text\">In den zehn Morgen 21<br \/><\/span><span class=\"xr_tl Normaler_Text\">55559 Bretzenheim<\/span><\/p>\t\t\t\t\t\t\t\t<\/div>\n\t\t\t\t<\/div>\n\t\t\t\t<div class=\"elementor-element elementor-element-e47e15d elementor-widget elementor-widget-text-editor\" data-id=\"e47e15d\" data-element_type=\"widget\" data-e-type=\"widget\" data-widget_type=\"text-editor.default\">\n\t\t\t\t<div class=\"elementor-widget-container\">\n\t\t\t\t\t\t\t\t\t<p><strong>Telefon &amp; Fax<\/strong><\/p><p><span class=\"xr_tl Normaler_Text\">Tel.: +49 (0) 671 &#8211; 79 61 41 90<br \/><\/span><span class=\"xr_tl Normaler_Text\">Fax: +49 (0) 671 &#8211; 79 61 41 99<\/span><\/p>\t\t\t\t\t\t\t\t<\/div>\n\t\t\t\t<\/div>\n\t\t\t\t<div class=\"elementor-element elementor-element-3cea490 elementor-widget elementor-widget-text-editor\" data-id=\"3cea490\" data-element_type=\"widget\" data-e-type=\"widget\" data-widget_type=\"text-editor.default\">\n\t\t\t\t<div class=\"elementor-widget-container\">\n\t\t\t\t\t\t\t\t\t<p><strong>E-Mail Adresse:<\/strong><\/p><p><span class=\"xr_tl Normaler_Text\">bierther[at]submikron.com<\/span><\/p>\t\t\t\t\t\t\t\t<\/div>\n\t\t\t\t<\/div>\n\t\t\t\t<div class=\"elementor-element elementor-element-74f7d72 elementor-widget elementor-widget-text-editor\" data-id=\"74f7d72\" data-element_type=\"widget\" data-e-type=\"widget\" data-widget_type=\"text-editor.default\">\n\t\t\t\t<div class=\"elementor-widget-container\">\n\t\t\t\t\t\t\t\t\t<p><strong>\u00d6ffnungszeiten:<\/strong><\/p><p>Mo. \u2013 Fr. : <strong>08:00 \u2013 17:00 Uhr<\/strong><br \/>Sa. \u2013 So. :\u00a0<strong>Geschlossen<\/strong><\/p>\t\t\t\t\t\t\t\t<\/div>\n\t\t\t\t<\/div>\n\t\t\t\t\t<\/div>\n\t\t<\/div>\n\t\t\t\t<div class=\"elementor-column elementor-col-66 elementor-top-column elementor-element elementor-element-5ce241f\" data-id=\"5ce241f\" data-element_type=\"column\" data-e-type=\"column\">\n\t\t\t<div class=\"elementor-widget-wrap elementor-element-populated\">\n\t\t\t\t\t\t<div class=\"elementor-element elementor-element-ed15a12 elementor-widget elementor-widget-heading\" data-id=\"ed15a12\" data-element_type=\"widget\" data-e-type=\"widget\" data-widget_type=\"heading.default\">\n\t\t\t\t<div class=\"elementor-widget-container\">\n\t\t\t\t\t<h2 class=\"elementor-heading-title elementor-size-default\">Wie k\u00f6nnen wir Ihnen behilflich sein?<\/h2>\t\t\t\t<\/div>\n\t\t\t\t<\/div>\n\t\t\t\t<div class=\"elementor-element elementor-element-146ddb9 elementor-widget elementor-widget-shortcode\" data-id=\"146ddb9\" data-element_type=\"widget\" data-e-type=\"widget\" data-widget_type=\"shortcode.default\">\n\t\t\t\t<div class=\"elementor-widget-container\">\n\t\t\t\t\t\t\t<div class=\"elementor-shortcode\"><div class=\"wpforms-container wpforms-container-full\" id=\"wpforms-956\"><form id=\"wpforms-form-956\" class=\"wpforms-validate wpforms-form wpforms-ajax-form\" data-formid=\"956\" method=\"post\" enctype=\"multipart\/form-data\" action=\"\/en\/wp-json\/wp\/v2\/pages\/947\" data-token=\"4fb510fe9a50026f3b183e260715891d\" data-token-time=\"1778069001\"><noscript class=\"wpforms-error-noscript\">Please enable JavaScript in your browser to complete this form.<\/noscript><div class=\"wpforms-field-container\"><div id=\"wpforms-956-field_1-container\" class=\"wpforms-field wpforms-field-select wpforms-conditional-trigger wpforms-field-select-style-modern\" data-field-id=\"1\"><label class=\"wpforms-field-label\" for=\"wpforms-956-field_1\">Dropdown<\/label><select id=\"wpforms-956-field_1\" class=\"wpforms-field-large choicesjs-select\" data-size-class=\"wpforms-field-row wpforms-field-large\" data-search-enabled=\"\" name=\"wpforms[fields][1]\"><option value=\"\" class=\"placeholder\" disabled  selected='selected'><\/option><option value=\"Ich habe eine allgemeine Frage | I have a general question\"  class=\"choice-1 depth-1\"  >Ich habe eine allgemeine Frage | I have a general question<\/option><option value=\"Ich ben\u00f6tige mehr Informationen \u00fcber Ihre Leistungen\/Produkte | I need more information about your services \/ products\"  class=\"choice-2 depth-1\"  >Ich ben\u00f6tige mehr Informationen \u00fcber Ihre Leistungen\/Produkte | I need more information about your services \/ products<\/option><option value=\"Ich ben\u00f6tige ein Angebot | I need an offer\"  class=\"choice-3 depth-1\"  >Ich ben\u00f6tige ein Angebot | I need an offer<\/option><option value=\"Ich m\u00f6chte eine Schulung buchen | I would like to book a training session\"  class=\"choice-5 depth-1\"  >Ich m\u00f6chte eine Schulung buchen | I would like to book a training session<\/option><option value=\"Ich brauche Ihren Support | I need your support.\"  class=\"choice-4 depth-1\"  >Ich brauche Ihren Support | I need your support.<\/option><\/select><div class=\"wpforms-field-description\">Bitte geben Sie so viele Details wie m\u00f6glich, damit wir Ihnen bestm\u00f6glich helfen k\u00f6nnen.<\/div><\/div><div id=\"wpforms-956-field_14-container\" class=\"wpforms-field wpforms-field-text wpforms-conditional-field wpforms-conditional-show\" data-field-id=\"14\" style=\"display:none;\"><label class=\"wpforms-field-label\" for=\"wpforms-956-field_14\">Schulungsort<\/label><input type=\"text\" id=\"wpforms-956-field_14\" class=\"wpforms-field-small\" name=\"wpforms[fields][14]\" ><div class=\"wpforms-field-description\">Bei Ihnen vor Ort (Ortsangabe) oder im Hause Submikron<\/div><\/div><div id=\"wpforms-956-field_12-container\" class=\"wpforms-field wpforms-field-text wpforms-conditional-field wpforms-conditional-show\" data-field-id=\"12\" style=\"display:none;\"><label class=\"wpforms-field-label\" for=\"wpforms-956-field_12\">Wunschdatum<\/label><input type=\"text\" id=\"wpforms-956-field_12\" class=\"wpforms-field-small\" name=\"wpforms[fields][12]\" ><\/div><div id=\"wpforms-956-field_13-container\" class=\"wpforms-field wpforms-field-text wpforms-conditional-field wpforms-conditional-show\" data-field-id=\"13\" style=\"display:none;\"><label class=\"wpforms-field-label\" for=\"wpforms-956-field_13\">Personenzahl<\/label><input type=\"text\" id=\"wpforms-956-field_13\" class=\"wpforms-field-small\" name=\"wpforms[fields][13]\" ><\/div><div id=\"wpforms-956-field_2-container\" class=\"wpforms-field wpforms-field-name\" data-field-id=\"2\"><label class=\"wpforms-field-label\" for=\"wpforms-956-field_2\">Name <span class=\"wpforms-required-label\">*<\/span><\/label><input type=\"text\" id=\"wpforms-956-field_2\" class=\"wpforms-field-large wpforms-field-required\" name=\"wpforms[fields][2]\" required><\/div><div id=\"wpforms-956-field_4-container\" class=\"wpforms-field wpforms-field-email\" data-field-id=\"4\"><label class=\"wpforms-field-label\" for=\"wpforms-956-field_4\">E-Mail <span class=\"wpforms-required-label\">*<\/span><\/label><input type=\"email\" id=\"wpforms-956-field_4\" class=\"wpforms-field-large wpforms-field-required\" name=\"wpforms[fields][4]\" spellcheck=\"false\" required><\/div><div id=\"wpforms-956-field_5-container\" class=\"wpforms-field wpforms-field-text\" data-field-id=\"5\"><label class=\"wpforms-field-label\" for=\"wpforms-956-field_5\">Firma<\/label><input type=\"text\" id=\"wpforms-956-field_5\" class=\"wpforms-field-large\" name=\"wpforms[fields][5]\" ><\/div><div id=\"wpforms-956-field_6-container\" class=\"wpforms-field wpforms-field-text\" data-field-id=\"6\"><label class=\"wpforms-field-label\" for=\"wpforms-956-field_6\">Ort<\/label><input type=\"text\" id=\"wpforms-956-field_6\" class=\"wpforms-field-large\" name=\"wpforms[fields][6]\" ><\/div><div id=\"wpforms-956-field_7-container\" class=\"wpforms-field wpforms-field-textarea\" data-field-id=\"7\"><label class=\"wpforms-field-label\" for=\"wpforms-956-field_7\">Ihre Nachricht <span class=\"wpforms-required-label\">*<\/span><\/label><textarea id=\"wpforms-956-field_7\" class=\"wpforms-field-medium wpforms-field-required\" name=\"wpforms[fields][7]\" required><\/textarea><\/div><div id=\"wpforms-956-field_9-container\" class=\"wpforms-field wpforms-field-checkbox\" data-field-id=\"9\"><label class=\"wpforms-field-label\">Bitte beachte die folgende Bedingung vor dem Absenden des Formulares: <span class=\"wpforms-required-label\">*<\/span><\/label><ul id=\"wpforms-956-field_9\" class=\"wpforms-field-required\"><li class=\"choice-1 depth-1\"><input type=\"checkbox\" id=\"wpforms-956-field_9_1\" name=\"wpforms[fields][9][]\" value=\"Mit dem Absenden des Formulares erkl\u00e4rst du dich damit einverstanden, dass deine Daten zur Bearbeitung deiner Anfrage von uns gespeichert und verwendet werden. (Weitere Informationen und Widerrufshinweise findest du in den   &lt;a href=&quot;\/datenschutz&quot;&gt;Datenschutzinformationen&lt;\/a&gt;.\" required ><label class=\"wpforms-field-label-inline\" for=\"wpforms-956-field_9_1\">Mit dem Absenden des Formulares erkl\u00e4rst du dich damit einverstanden, dass deine Daten zur Bearbeitung deiner Anfrage von uns gespeichert und verwendet werden. (Weitere Informationen und Widerrufshinweise findest du in den   <a href=\"\/datenschutz\">Datenschutzinformationen<\/a>.<\/label><\/li><\/ul><\/div><\/div><!-- .wpforms-field-container --><div class=\"wpforms-recaptcha-container wpforms-is-recaptcha wpforms-is-recaptcha-type-v2\" ><div class=\"g-recaptcha\" data-sitekey=\"6LeoHk0hAAAAAL1gq9NpwGmYkviJrGP7YdS80fM1\"><\/div><input type=\"text\" name=\"g-recaptcha-hidden\" class=\"wpforms-recaptcha-hidden\" style=\"position:absolute!important;clip:rect(0,0,0,0)!important;height:1px!important;width:1px!important;border:0!important;overflow:hidden!important;padding:0!important;margin:0!important;\" data-rule-recaptcha=\"1\"><\/div><div class=\"wpforms-submit-container\" ><input type=\"hidden\" name=\"wpforms[id]\" value=\"956\"><input type=\"hidden\" name=\"page_title\" value=\"\"><input type=\"hidden\" name=\"page_url\" value=\"https:\/\/www.submikron.com\/en\/wp-json\/wp\/v2\/pages\/947\"><input type=\"hidden\" name=\"url_referer\" value=\"\"><button type=\"submit\" name=\"wpforms[submit]\" id=\"wpforms-submit-956\" class=\"wpforms-submit\" data-alt-text=\"Senden...\" data-submit-text=\"Absenden\" aria-live=\"assertive\" value=\"wpforms-submit\">Absenden<\/button><img decoding=\"async\" src=\"https:\/\/www.submikron.com\/wp-content\/plugins\/wpforms\/assets\/images\/submit-spin.svg\" class=\"wpforms-submit-spinner\" style=\"display: none;\" width=\"26\" height=\"26\" alt=\"Loading\"><\/div><\/form><\/div>  <!-- .wpforms-container --><\/div>\n\t\t\t\t\t\t<\/div>\n\t\t\t\t<\/div>\n\t\t\t\t\t<\/div>\n\t\t<\/div>\n\t\t\t\t\t<\/div>\n\t\t<\/section>\n\t\t\t\t<section class=\"elementor-section elementor-top-section elementor-element elementor-element-2fb5f5c elementor-section-boxed elementor-section-height-default elementor-section-height-default\" data-id=\"2fb5f5c\" data-element_type=\"section\" data-e-type=\"section\">\n\t\t\t\t\t\t<div class=\"elementor-container elementor-column-gap-default\">\n\t\t\t\t\t<div class=\"elementor-column elementor-col-100 elementor-top-column elementor-element elementor-element-7a100fe\" data-id=\"7a100fe\" data-element_type=\"column\" data-e-type=\"column\">\n\t\t\t<div class=\"elementor-widget-wrap\">\n\t\t\t\t\t\t\t<\/div>\n\t\t<\/div>\n\t\t\t\t\t<\/div>\n\t\t<\/section>\n\t\t\t\t<\/div>\n\t\t","protected":false},"excerpt":{"rendered":"<p>Kontakt Kontaktinformationen Anschrift: Bierther Submikron GmbHIn den zehn Morgen 2155559 Bretzenheim Telefon &amp; Fax Tel.: +49 (0) 671 &#8211; 79 61 41 90Fax: +49 (0) 671 &#8211; 79 61 41 99 E-Mail Adresse: bierther[at]submikron.com \u00d6ffnungszeiten: Mo. \u2013 Fr. : 08:00 \u2013 17:00 UhrSa. \u2013 So. :\u00a0Geschlossen Wie k\u00f6nnen wir Ihnen behilflich sein?<\/p>\n","protected":false},"author":5,"featured_media":0,"parent":0,"menu_order":0,"comment_status":"closed","ping_status":"closed","template":"","meta":{"footnotes":""},"class_list":["post-947","page","type-page","status-publish","hentry"],"_links":{"self":[{"href":"https:\/\/www.submikron.com\/en\/wp-json\/wp\/v2\/pages\/947","targetHints":{"allow":["GET"]}}],"collection":[{"href":"https:\/\/www.submikron.com\/en\/wp-json\/wp\/v2\/pages"}],"about":[{"href":"https:\/\/www.submikron.com\/en\/wp-json\/wp\/v2\/types\/page"}],"author":[{"embeddable":true,"href":"https:\/\/www.submikron.com\/en\/wp-json\/wp\/v2\/users\/5"}],"replies":[{"embeddable":true,"href":"https:\/\/www.submikron.com\/en\/wp-json\/wp\/v2\/comments?post=947"}],"version-history":[{"count":22,"href":"https:\/\/www.submikron.com\/en\/wp-json\/wp\/v2\/pages\/947\/revisions"}],"predecessor-version":[{"id":3131,"href":"https:\/\/www.submikron.com\/en\/wp-json\/wp\/v2\/pages\/947\/revisions\/3131"}],"wp:attachment":[{"href":"https:\/\/www.submikron.com\/en\/wp-json\/wp\/v2\/media?parent=947"}],"curies":[{"name":"wp","href":"https:\/\/api.w.org\/{rel}","templated":true}]}}