{"id":239,"date":"2021-07-29T12:13:25","date_gmt":"2021-07-29T12:13:25","guid":{"rendered":"http:\/\/s877741999.online.de\/?page_id=239"},"modified":"2022-07-28T13:30:16","modified_gmt":"2022-07-28T13:30:16","slug":"i4-lap","status":"publish","type":"page","link":"https:\/\/www.submikron.com\/es\/produkte\/maschinenuebersicht\/i4-lap","title":{"rendered":"I4-LAP"},"content":{"rendered":"<div data-elementor-type=\"wp-page\" data-elementor-id=\"239\" class=\"elementor elementor-239\">\n\t\t\t\t\t\t<section class=\"elementor-section elementor-top-section elementor-element elementor-element-4b65542 elementor-section-full_width elementor-section-stretched elementor-section-height-default elementor-section-height-default\" data-id=\"4b65542\" data-element_type=\"section\" data-e-type=\"section\" data-settings=\"{&quot;stretch_section&quot;:&quot;section-stretched&quot;}\">\n\t\t\t\t\t\t<div class=\"elementor-container elementor-column-gap-default\">\n\t\t\t\t\t<div class=\"elementor-column elementor-col-100 elementor-top-column elementor-element elementor-element-4366131\" data-id=\"4366131\" data-element_type=\"column\" data-e-type=\"column\">\n\t\t\t<div class=\"elementor-widget-wrap elementor-element-populated\">\n\t\t\t\t\t\t<div class=\"elementor-element elementor-element-755b34f elementor-widget elementor-widget-image\" data-id=\"755b34f\" data-element_type=\"widget\" data-e-type=\"widget\" data-widget_type=\"image.default\">\n\t\t\t\t<div class=\"elementor-widget-container\">\n\t\t\t\t\t\t\t\t\t\t\t\t\t\t\t<img fetchpriority=\"high\" decoding=\"async\" width=\"2560\" height=\"464\" src=\"https:\/\/www.submikron.com\/wp-content\/uploads\/2021\/07\/02-submikron_titelbild_i4LAP-Serie-scaled.jpg\" class=\"attachment-full size-full wp-image-258\" alt=\"\" srcset=\"https:\/\/www.submikron.com\/wp-content\/uploads\/2021\/07\/02-submikron_titelbild_i4LAP-Serie-scaled.jpg 2560w, https:\/\/www.submikron.com\/wp-content\/uploads\/2021\/07\/02-submikron_titelbild_i4LAP-Serie-300x54.jpg 300w, https:\/\/www.submikron.com\/wp-content\/uploads\/2021\/07\/02-submikron_titelbild_i4LAP-Serie-1024x186.jpg 1024w, https:\/\/www.submikron.com\/wp-content\/uploads\/2021\/07\/02-submikron_titelbild_i4LAP-Serie-768x139.jpg 768w, https:\/\/www.submikron.com\/wp-content\/uploads\/2021\/07\/02-submikron_titelbild_i4LAP-Serie-1536x278.jpg 1536w, https:\/\/www.submikron.com\/wp-content\/uploads\/2021\/07\/02-submikron_titelbild_i4LAP-Serie-2048x371.jpg 2048w\" sizes=\"(max-width: 2560px) 100vw, 2560px\" \/>\t\t\t\t\t\t\t\t\t\t\t\t\t\t\t<\/div>\n\t\t\t\t<\/div>\n\t\t\t\t\t<\/div>\n\t\t<\/div>\n\t\t\t\t\t<\/div>\n\t\t<\/section>\n\t\t\t\t<section class=\"elementor-section elementor-top-section elementor-element elementor-element-b2fea50 elementor-section-full_width elementor-section-stretched elementor-section-height-default elementor-section-height-default\" data-id=\"b2fea50\" data-element_type=\"section\" data-e-type=\"section\" data-settings=\"{&quot;stretch_section&quot;:&quot;section-stretched&quot;,&quot;background_background&quot;:&quot;classic&quot;}\">\n\t\t\t\t\t\t<div class=\"elementor-container elementor-column-gap-default\">\n\t\t\t\t\t<div class=\"elementor-column elementor-col-100 elementor-top-column elementor-element elementor-element-22b68bc\" data-id=\"22b68bc\" data-element_type=\"column\" data-e-type=\"column\">\n\t\t\t<div class=\"elementor-widget-wrap elementor-element-populated\">\n\t\t\t\t\t\t<div class=\"elementor-element elementor-element-bb625e4 elementor-widget elementor-widget-heading\" data-id=\"bb625e4\" data-element_type=\"widget\" data-e-type=\"widget\" data-widget_type=\"heading.default\">\n\t\t\t\t<div class=\"elementor-widget-container\">\n\t\t\t\t\t<h1 class=\"elementor-heading-title elementor-size-default\">M\u00e1quinas &amp; sistemas dosificadores: Serie I4 LAP<\/h1>\t\t\t\t<\/div>\n\t\t\t\t<\/div>\n\t\t\t\t\t<\/div>\n\t\t<\/div>\n\t\t\t\t\t<\/div>\n\t\t<\/section>\n\t\t\t\t<section class=\"elementor-section elementor-top-section elementor-element elementor-element-3340417 elementor-section-boxed elementor-section-height-default elementor-section-height-default\" data-id=\"3340417\" data-element_type=\"section\" data-e-type=\"section\">\n\t\t\t\t\t\t<div class=\"elementor-container elementor-column-gap-default\">\n\t\t\t\t\t<div class=\"elementor-column elementor-col-100 elementor-top-column elementor-element elementor-element-2e96fd4\" data-id=\"2e96fd4\" data-element_type=\"column\" data-e-type=\"column\">\n\t\t\t<div class=\"elementor-widget-wrap elementor-element-populated\">\n\t\t\t\t\t\t<div class=\"elementor-element elementor-element-c7e4c7b elementor-widget elementor-widget-text-editor\" data-id=\"c7e4c7b\" data-element_type=\"widget\" data-e-type=\"widget\" data-widget_type=\"text-editor.default\">\n\t\t\t\t<div class=\"elementor-widget-container\">\n\t\t\t\t\t\t\t\t\t<p>Submikron: Productos \u00bb M\u00e1quinas &amp; sistemas dosificadores \u00bb Serie I4 LAP<\/p>\t\t\t\t\t\t\t\t<\/div>\n\t\t\t\t<\/div>\n\t\t\t\t<div class=\"elementor-element elementor-element-8f10ef1 elementor-widget elementor-widget-spacer\" data-id=\"8f10ef1\" data-element_type=\"widget\" data-e-type=\"widget\" data-widget_type=\"spacer.default\">\n\t\t\t\t<div class=\"elementor-widget-container\">\n\t\t\t\t\t\t\t<div class=\"elementor-spacer\">\n\t\t\t<div class=\"elementor-spacer-inner\"><\/div>\n\t\t<\/div>\n\t\t\t\t\t\t<\/div>\n\t\t\t\t<\/div>\n\t\t\t\t\t<\/div>\n\t\t<\/div>\n\t\t\t\t\t<\/div>\n\t\t<\/section>\n\t\t\t\t<section class=\"elementor-section elementor-top-section elementor-element elementor-element-73bd861 elementor-section-boxed elementor-section-height-default elementor-section-height-default\" data-id=\"73bd861\" data-element_type=\"section\" data-e-type=\"section\">\n\t\t\t\t\t\t<div class=\"elementor-container elementor-column-gap-default\">\n\t\t\t\t\t<div class=\"elementor-column elementor-col-50 elementor-top-column elementor-element elementor-element-b8686c7\" data-id=\"b8686c7\" data-element_type=\"column\" data-e-type=\"column\">\n\t\t\t<div class=\"elementor-widget-wrap elementor-element-populated\">\n\t\t\t\t\t\t<div class=\"elementor-element elementor-element-3377e24 elementor-widget elementor-widget-image\" data-id=\"3377e24\" data-element_type=\"widget\" data-e-type=\"widget\" data-widget_type=\"image.default\">\n\t\t\t\t<div class=\"elementor-widget-container\">\n\t\t\t\t\t\t\t\t\t\t\t\t\t\t\t<img decoding=\"async\" width=\"650\" height=\"800\" src=\"https:\/\/www.submikron.com\/wp-content\/uploads\/2021\/07\/submikron-produktbild-i4-lap-serie.jpg\" class=\"attachment-full size-full wp-image-250\" alt=\"\" srcset=\"https:\/\/www.submikron.com\/wp-content\/uploads\/2021\/07\/submikron-produktbild-i4-lap-serie.jpg 650w, https:\/\/www.submikron.com\/wp-content\/uploads\/2021\/07\/submikron-produktbild-i4-lap-serie-244x300.jpg 244w\" sizes=\"(max-width: 650px) 100vw, 650px\" \/>\t\t\t\t\t\t\t\t\t\t\t\t\t\t\t<\/div>\n\t\t\t\t<\/div>\n\t\t\t\t\t<\/div>\n\t\t<\/div>\n\t\t\t\t<div class=\"elementor-column elementor-col-50 elementor-top-column elementor-element elementor-element-aa398ac\" data-id=\"aa398ac\" data-element_type=\"column\" data-e-type=\"column\">\n\t\t\t<div class=\"elementor-widget-wrap elementor-element-populated\">\n\t\t\t\t\t\t<div class=\"elementor-element elementor-element-afc1da6 elementor-widget elementor-widget-text-editor\" data-id=\"afc1da6\" data-element_type=\"widget\" data-e-type=\"widget\" data-widget_type=\"text-editor.default\">\n\t\t\t\t<div class=\"elementor-widget-container\">\n\t\t\t\t\t\t\t\t\t<p class=\"p1 translation-block\">La actual \"Tech-Light\" de Submikron es la nueva generaci\u00f3n de lapeadoras monodisco, I4 LAP 700. Junto a su nuevo dise\u00f1o, esta m\u00e1quina ofrece nuevas posibilidades como la implementaci\u00f3n de especificaciones seg\u00fan la industria 4.0 en el campo del rectificado preciso, lapeado y pulido. Junto con el sistema rectificador de discos de alta eficiencia LPS (Lapping Plate Profiling System) y, entre otros, el disco de lapeado y pulido CP8-Allrounder, Submikron proporciona un sistema completo y fiable para el proceso de lapeado.<\/p><p class=\"p1\"><b>Innovaciones<\/b><\/p><ul><li class=\"p2\">Dise\u00f1o innovador de m\u00e1quinas<\/li><li class=\"p2\"><span class=\"s1\">I<\/span>Integraci\u00f3n I4.0 de la m\u00e1quina en un sistema de control de producci\u00f3n y proceso<\/li><li class=\"p2\">Control Siemens S7 con pantalla TFT Widescreen de 9 pulgadas<\/li><li class=\"p2\">M\u00f3dulos controlados por sistema bus<\/li><li class=\"p2\">Registro y control de todos los par\u00e1metros de proceso importantes, como la velocidad, presi\u00f3n, temperatura y remoci\u00f3n<\/li><li class=\"p2\">Dosificaci\u00f3n integrada para suspensi\u00f3n de diamante y polvo para lapear convencional<\/li><li class=\"p2\">Tanque de medios de lapeado y residuos en dos contenedores sobre rodillos extensibles para un sencillo manejo<\/li><li class=\"p2\">Puesto de carga y descarga central de las piezas de trabajo<\/li><li class=\"p2\">Mantenimiento remoto<\/li><\/ul><div><p class=\"p1\"><b>Opciones para el uso de LPS (Lapping Plate Profiling System)<\/b><\/p><ul><li class=\"p2\">Comprobaci\u00f3n y visualizaci\u00f3n de la planitud del disco de lapeado<\/li><li class=\"p2\">Correcci\u00f3n del disco de lapeado mediante torneado en la m\u00e1quina<\/li><li class=\"p2\">Ranura helicoidal del disco de lapeado en la m\u00e1quina<\/li><\/ul><\/div>\t\t\t\t\t\t\t\t<\/div>\n\t\t\t\t<\/div>\n\t\t\t\t\t<\/div>\n\t\t<\/div>\n\t\t\t\t\t<\/div>\n\t\t<\/section>\n\t\t\t\t<section class=\"elementor-section elementor-top-section elementor-element elementor-element-c971427 elementor-section-stretched elementor-section-boxed elementor-section-height-default elementor-section-height-default\" data-id=\"c971427\" data-element_type=\"section\" data-e-type=\"section\" data-settings=\"{&quot;stretch_section&quot;:&quot;section-stretched&quot;}\">\n\t\t\t\t\t\t<div class=\"elementor-container elementor-column-gap-default\">\n\t\t\t\t\t<div class=\"elementor-column elementor-col-100 elementor-top-column elementor-element elementor-element-bbf2d65\" data-id=\"bbf2d65\" data-element_type=\"column\" data-e-type=\"column\">\n\t\t\t<div class=\"elementor-widget-wrap elementor-element-populated\">\n\t\t\t\t\t\t<div class=\"elementor-element elementor-element-9d12a1d elementor-widget elementor-widget-spacer\" data-id=\"9d12a1d\" data-element_type=\"widget\" data-e-type=\"widget\" data-widget_type=\"spacer.default\">\n\t\t\t\t<div class=\"elementor-widget-container\">\n\t\t\t\t\t\t\t<div class=\"elementor-spacer\">\n\t\t\t<div class=\"elementor-spacer-inner\"><\/div>\n\t\t<\/div>\n\t\t\t\t\t\t<\/div>\n\t\t\t\t<\/div>\n\t\t\t\t\t<\/div>\n\t\t<\/div>\n\t\t\t\t\t<\/div>\n\t\t<\/section>\n\t\t\t\t<section class=\"elementor-section elementor-top-section elementor-element elementor-element-e88a32c elementor-section-boxed elementor-section-height-default elementor-section-height-default\" data-id=\"e88a32c\" data-element_type=\"section\" data-e-type=\"section\">\n\t\t\t\t\t\t<div class=\"elementor-container elementor-column-gap-default\">\n\t\t\t\t\t<div class=\"elementor-column elementor-col-100 elementor-top-column elementor-element elementor-element-f822903\" data-id=\"f822903\" data-element_type=\"column\" data-e-type=\"column\">\n\t\t\t<div class=\"elementor-widget-wrap elementor-element-populated\">\n\t\t\t\t\t\t<div class=\"elementor-element elementor-element-a48a61c elementor-widget elementor-widget-heading\" data-id=\"a48a61c\" data-element_type=\"widget\" data-e-type=\"widget\" data-widget_type=\"heading.default\">\n\t\t\t\t<div class=\"elementor-widget-container\">\n\t\t\t\t\t<h2 class=\"elementor-heading-title elementor-size-default\">Sistema dosificador integrado de la I4 LAP<\/h2>\t\t\t\t<\/div>\n\t\t\t\t<\/div>\n\t\t\t\t<div class=\"elementor-element elementor-element-3ea44ad elementor-widget elementor-widget-text-editor\" data-id=\"3ea44ad\" data-element_type=\"widget\" data-e-type=\"widget\" data-widget_type=\"text-editor.default\">\n\t\t\t\t<div class=\"elementor-widget-container\">\n\t\t\t\t\t\t\t\t\t<ul><li class=\"p1\"><b>N\u00famero de medios de dosificaci\u00f3n:<\/b> Un medio dosificador, capacidad del tanque 15l<\/li><li class=\"p1\"><b>Mezclado:<\/b> Una bomba de medio de lapeado con regulaci\u00f3n de velocidad y tanque asume las funciones de agitaci\u00f3n y transporte del medio de lapeado. La regulaci\u00f3n de velocidad es necesaria para que no se disgregue el abrasivo en el aceite de lapear.<\/li><li class=\"p1\"><b>Transporte:<\/b> El sistema de circulaci\u00f3n impide que se deposite medio de lapeado en los conductos o el atascamiento de estos. Los conductos con v\u00e1lvula de aireaci\u00f3n se encuentran en la parte superior de la unidad dosificadora para que se vac\u00eden al detenerse la bomba.<span class=\"Apple-converted-space\">\u00a0 <\/span><br \/>La distribuci\u00f3n del medio de lapeado con una bomba de manguera de tres canales en tres tubos flexibles articulados garantiza que se suministre exactamente la misma cantidad de fluido para lapear delante de cada estaci\u00f3n de mecanizado.<\/li><li class=\"p1\"><b>Ventaja:<\/b> Apto para todos los medios de lapeado y pulido, tambi\u00e9n fluidos de baja viscosidad sin estabilizaci\u00f3n. El sensor de nivel de llenado integrado impide que el disco de lapeado funcione en seco.<\/li><li class=\"p1\"><b>Opcional:<\/b> Las tres mangueras articuladas pueden estar equipadas con boquillas pulverizadoras para lograr una humectaci\u00f3n homog\u00e9nea en los discos de lapeado y pulido acanalados.<\/li><\/ul>\t\t\t\t\t\t\t\t<\/div>\n\t\t\t\t<\/div>\n\t\t\t\t<div class=\"elementor-element elementor-element-96abfbd elementor-widget elementor-widget-button\" data-id=\"96abfbd\" data-element_type=\"widget\" data-e-type=\"widget\" data-widget_type=\"button.default\">\n\t\t\t\t<div class=\"elementor-widget-container\">\n\t\t\t\t\t\t\t\t\t<div class=\"elementor-button-wrapper\">\n\t\t\t\t\t<a class=\"elementor-button elementor-button-link elementor-size-lg\" href=\"\/wp-content\/uploads\/2022\/07\/I4-LAP-Technische-Daten_ESP.pdf\">\n\t\t\t\t\t\t<span class=\"elementor-button-content-wrapper\">\n\t\t\t\t\t\t\t\t\t<span class=\"elementor-button-text\">I4-LAP Datos t\u00e9cnicos \u00bb<\/span>\n\t\t\t\t\t<\/span>\n\t\t\t\t\t<\/a>\n\t\t\t\t<\/div>\n\t\t\t\t\t\t\t\t<\/div>\n\t\t\t\t<\/div>\n\t\t\t\t\t<\/div>\n\t\t<\/div>\n\t\t\t\t\t<\/div>\n\t\t<\/section>\n\t\t\t\t<section class=\"elementor-section elementor-top-section elementor-element elementor-element-700c0a5 elementor-section-boxed elementor-section-height-default elementor-section-height-default\" data-id=\"700c0a5\" data-element_type=\"section\" data-e-type=\"section\">\n\t\t\t\t\t\t<div class=\"elementor-container elementor-column-gap-default\">\n\t\t\t\t\t<div class=\"elementor-column elementor-col-100 elementor-top-column elementor-element elementor-element-d1a80cf\" data-id=\"d1a80cf\" data-element_type=\"column\" data-e-type=\"column\">\n\t\t\t<div class=\"elementor-widget-wrap elementor-element-populated\">\n\t\t\t\t\t\t<div class=\"elementor-element elementor-element-a397900 elementor-widget elementor-widget-spacer\" data-id=\"a397900\" data-element_type=\"widget\" data-e-type=\"widget\" data-widget_type=\"spacer.default\">\n\t\t\t\t<div class=\"elementor-widget-container\">\n\t\t\t\t\t\t\t<div class=\"elementor-spacer\">\n\t\t\t<div class=\"elementor-spacer-inner\"><\/div>\n\t\t<\/div>\n\t\t\t\t\t\t<\/div>\n\t\t\t\t<\/div>\n\t\t\t\t\t<\/div>\n\t\t<\/div>\n\t\t\t\t\t<\/div>\n\t\t<\/section>\n\t\t\t\t<section class=\"elementor-section elementor-top-section elementor-element elementor-element-061bb60 elementor-section-boxed elementor-section-height-default elementor-section-height-default\" data-id=\"061bb60\" data-element_type=\"section\" data-e-type=\"section\">\n\t\t\t\t\t\t<div class=\"elementor-container elementor-column-gap-default\">\n\t\t\t\t\t<div class=\"elementor-column elementor-col-100 elementor-top-column elementor-element elementor-element-8684224\" data-id=\"8684224\" data-element_type=\"column\" data-e-type=\"column\">\n\t\t\t<div class=\"elementor-widget-wrap elementor-element-populated\">\n\t\t\t\t\t\t<div class=\"elementor-element elementor-element-d99c0eb elementor-widget elementor-widget-heading\" data-id=\"d99c0eb\" data-element_type=\"widget\" data-e-type=\"widget\" data-widget_type=\"heading.default\">\n\t\t\t\t<div class=\"elementor-widget-container\">\n\t\t\t\t\t<h2 class=\"elementor-heading-title elementor-size-default\">Vista general de m\u00e1quinas<\/h2>\t\t\t\t<\/div>\n\t\t\t\t<\/div>\n\t\t\t\t\t<\/div>\n\t\t<\/div>\n\t\t\t\t\t<\/div>\n\t\t<\/section>\n\t\t\t\t<section class=\"elementor-section elementor-top-section elementor-element elementor-element-552308c elementor-section-boxed elementor-section-height-default elementor-section-height-default\" data-id=\"552308c\" data-element_type=\"section\" data-e-type=\"section\">\n\t\t\t\t\t\t<div class=\"elementor-container elementor-column-gap-default\">\n\t\t\t\t\t<div class=\"elementor-column elementor-col-100 elementor-top-column elementor-element elementor-element-3e4addd\" data-id=\"3e4addd\" data-element_type=\"column\" data-e-type=\"column\">\n\t\t\t<div class=\"elementor-widget-wrap elementor-element-populated\">\n\t\t\t\t\t\t<div class=\"elementor-element elementor-element-6242001 elementor-widget elementor-widget-spacer\" data-id=\"6242001\" data-element_type=\"widget\" data-e-type=\"widget\" data-widget_type=\"spacer.default\">\n\t\t\t\t<div class=\"elementor-widget-container\">\n\t\t\t\t\t\t\t<div class=\"elementor-spacer\">\n\t\t\t<div class=\"elementor-spacer-inner\"><\/div>\n\t\t<\/div>\n\t\t\t\t\t\t<\/div>\n\t\t\t\t<\/div>\n\t\t\t\t\t<\/div>\n\t\t<\/div>\n\t\t\t\t\t<\/div>\n\t\t<\/section>\n\t\t\t\t<section class=\"elementor-section elementor-top-section elementor-element elementor-element-c29d811 elementor-section-boxed elementor-section-height-default elementor-section-height-default\" data-id=\"c29d811\" data-element_type=\"section\" data-e-type=\"section\">\n\t\t\t\t\t\t<div class=\"elementor-container elementor-column-gap-default\">\n\t\t\t\t\t<div class=\"elementor-column elementor-col-33 elementor-top-column elementor-element elementor-element-5ed5e5f\" data-id=\"5ed5e5f\" data-element_type=\"column\" data-e-type=\"column\">\n\t\t\t<div class=\"elementor-widget-wrap elementor-element-populated\">\n\t\t\t\t\t\t<div class=\"elementor-element elementor-element-4dc9393 elementor-widget elementor-widget-text-editor\" data-id=\"4dc9393\" data-element_type=\"widget\" data-e-type=\"widget\" data-widget_type=\"text-editor.default\">\n\t\t\t\t<div class=\"elementor-widget-container\">\n\t\t\t\t\t\t\t\t\t<p><a style=\"color: #ffffff;\" href=\"\/es\/produkte\/maschinenuebersicht\/eco-lap-smart-serie\/\">ECO LAP Smart-Serie<\/a><\/p>\t\t\t\t\t\t\t\t<\/div>\n\t\t\t\t<\/div>\n\t\t\t\t\t<\/div>\n\t\t<\/div>\n\t\t\t\t<div class=\"elementor-column elementor-col-33 elementor-top-column elementor-element elementor-element-c70db8b\" data-id=\"c70db8b\" data-element_type=\"column\" data-e-type=\"column\">\n\t\t\t<div class=\"elementor-widget-wrap elementor-element-populated\">\n\t\t\t\t\t\t<div class=\"elementor-element elementor-element-d6a562b elementor-widget elementor-widget-text-editor\" data-id=\"d6a562b\" data-element_type=\"widget\" data-e-type=\"widget\" data-widget_type=\"text-editor.default\">\n\t\t\t\t<div class=\"elementor-widget-container\">\n\t\t\t\t\t\t\t\t\t<p><a style=\"color: #ffffff;\" href=\"\/es\/produkte\/maschinenuebersicht\/elap-serie\/\">ELAP-Serie<\/a><\/p>\t\t\t\t\t\t\t\t<\/div>\n\t\t\t\t<\/div>\n\t\t\t\t\t<\/div>\n\t\t<\/div>\n\t\t\t\t<div class=\"elementor-column elementor-col-33 elementor-top-column elementor-element elementor-element-61b3b9f\" data-id=\"61b3b9f\" data-element_type=\"column\" data-e-type=\"column\">\n\t\t\t<div class=\"elementor-widget-wrap elementor-element-populated\">\n\t\t\t\t\t\t<div class=\"elementor-element elementor-element-3ad0f80 elementor-widget elementor-widget-text-editor\" data-id=\"3ad0f80\" data-element_type=\"widget\" data-e-type=\"widget\" data-widget_type=\"text-editor.default\">\n\t\t\t\t<div class=\"elementor-widget-container\">\n\t\t\t\t\t\t\t\t\t<a style=\"color: #ffffff;\" href=\"\/es\/produkte\/maschinenuebersicht\/sondermaschinen\/\">M\u00e1quinas especiales<\/a>\t\t\t\t\t\t\t\t<\/div>\n\t\t\t\t<\/div>\n\t\t\t\t\t<\/div>\n\t\t<\/div>\n\t\t\t\t\t<\/div>\n\t\t<\/section>\n\t\t\t\t<section class=\"elementor-section elementor-top-section elementor-element elementor-element-5ec7bad elementor-section-boxed elementor-section-height-default elementor-section-height-default\" data-id=\"5ec7bad\" data-element_type=\"section\" data-e-type=\"section\">\n\t\t\t\t\t\t<div class=\"elementor-container elementor-column-gap-default\">\n\t\t\t\t\t<div class=\"elementor-column elementor-col-33 elementor-top-column elementor-element elementor-element-66b451a\" data-id=\"66b451a\" data-element_type=\"column\" data-e-type=\"column\">\n\t\t\t<div class=\"elementor-widget-wrap elementor-element-populated\">\n\t\t\t\t\t\t<div class=\"elementor-element elementor-element-ee8a043 elementor-widget elementor-widget-text-editor\" data-id=\"ee8a043\" data-element_type=\"widget\" data-e-type=\"widget\" data-widget_type=\"text-editor.default\">\n\t\t\t\t<div class=\"elementor-widget-container\">\n\t\t\t\t\t\t\t\t\t<a style=\"color: #ffffff;\" href=\"\/es\/produkte\/maschinenuebersicht\/dosiersysteme\/\">Sistemas dosificadores<\/a>\t\t\t\t\t\t\t\t<\/div>\n\t\t\t\t<\/div>\n\t\t\t\t\t<\/div>\n\t\t<\/div>\n\t\t\t\t<div class=\"elementor-column elementor-col-33 elementor-top-column elementor-element elementor-element-c9cb492\" data-id=\"c9cb492\" data-element_type=\"column\" data-e-type=\"column\">\n\t\t\t<div class=\"elementor-widget-wrap elementor-element-populated\">\n\t\t\t\t\t\t<div class=\"elementor-element elementor-element-3214173 elementor-widget elementor-widget-text-editor\" data-id=\"3214173\" data-element_type=\"widget\" data-e-type=\"widget\" data-widget_type=\"text-editor.default\">\n\t\t\t\t<div class=\"elementor-widget-container\">\n\t\t\t\t\t\t\t\t\t<p><a style=\"color: #ffffff;\" href=\"http:\/\/s877741999.online.de\/produkte\/maschinenuebersicht\/abrichtsystem-lps\">Sistema rectificador LPS<\/a><\/p>\t\t\t\t\t\t\t\t<\/div>\n\t\t\t\t<\/div>\n\t\t\t\t\t<\/div>\n\t\t<\/div>\n\t\t\t\t<div class=\"elementor-column elementor-col-33 elementor-top-column elementor-element elementor-element-410cfec\" data-id=\"410cfec\" data-element_type=\"column\" data-e-type=\"column\">\n\t\t\t<div class=\"elementor-widget-wrap elementor-element-populated\">\n\t\t\t\t\t\t<div class=\"elementor-element elementor-element-937b9b6 elementor-widget elementor-widget-text-editor\" data-id=\"937b9b6\" data-element_type=\"widget\" data-e-type=\"widget\" data-widget_type=\"text-editor.default\">\n\t\t\t\t<div class=\"elementor-widget-container\">\n\t\t\t\t\t\t\t\t\t<a style=\"color: #ffffff;\" href=\"\/es\/produkte\/maschinenuebersicht\/bsm-d-serie\/\">BSM D-Serie<\/a>\t\t\t\t\t\t\t\t<\/div>\n\t\t\t\t<\/div>\n\t\t\t\t\t<\/div>\n\t\t<\/div>\n\t\t\t\t\t<\/div>\n\t\t<\/section>\n\t\t\t\t<section class=\"elementor-section elementor-top-section elementor-element elementor-element-8308e0e elementor-section-boxed elementor-section-height-default elementor-section-height-default\" data-id=\"8308e0e\" data-element_type=\"section\" data-e-type=\"section\">\n\t\t\t\t\t\t<div class=\"elementor-container elementor-column-gap-default\">\n\t\t\t\t\t<div class=\"elementor-column elementor-col-100 elementor-top-column elementor-element elementor-element-cb7a0ef\" data-id=\"cb7a0ef\" data-element_type=\"column\" data-e-type=\"column\">\n\t\t\t<div class=\"elementor-widget-wrap elementor-element-populated\">\n\t\t\t\t\t\t<div class=\"elementor-element elementor-element-65f20e5 elementor-widget elementor-widget-spacer\" data-id=\"65f20e5\" data-element_type=\"widget\" data-e-type=\"widget\" data-widget_type=\"spacer.default\">\n\t\t\t\t<div class=\"elementor-widget-container\">\n\t\t\t\t\t\t\t<div class=\"elementor-spacer\">\n\t\t\t<div class=\"elementor-spacer-inner\"><\/div>\n\t\t<\/div>\n\t\t\t\t\t\t<\/div>\n\t\t\t\t<\/div>\n\t\t\t\t<div class=\"elementor-element elementor-element-8a00fc4 elementor-widget elementor-widget-spacer\" data-id=\"8a00fc4\" data-element_type=\"widget\" data-e-type=\"widget\" data-widget_type=\"spacer.default\">\n\t\t\t\t<div class=\"elementor-widget-container\">\n\t\t\t\t\t\t\t<div class=\"elementor-spacer\">\n\t\t\t<div class=\"elementor-spacer-inner\"><\/div>\n\t\t<\/div>\n\t\t\t\t\t\t<\/div>\n\t\t\t\t<\/div>\n\t\t\t\t\t<\/div>\n\t\t<\/div>\n\t\t\t\t\t<\/div>\n\t\t<\/section>\n\t\t\t\t<\/div>","protected":false},"excerpt":{"rendered":"<p>Maschinen und Dosiersysteme: I4 LAP-Serie Submikron: Produkte \u00bb Maschinen &amp; Dosiersysteme \u00bb I4 LAP-Serie Das aktuelle \u201eTech-Light\u201c von Submikron ist die neue Generation der Einscheiben-L\u00e4ppmaschinen, I4 LAP 700. Neben einem neuen Design bietet diese Maschine neue M\u00f6glichkeiten, um z.B. Ma\u00dfgaben gem\u00e4\u00df Industrie 4.0 im Bereich Feinschleifen, L\u00e4ppen und Polieren umzusetzen. Zusammen mit dem hocheffizienten Scheibenabrichtsystem [&hellip;]<\/p>\n","protected":false},"author":5,"featured_media":0,"parent":11,"menu_order":1,"comment_status":"closed","ping_status":"closed","template":"elementor_header_footer","meta":{"footnotes":""},"class_list":["post-239","page","type-page","status-publish","hentry"],"_links":{"self":[{"href":"https:\/\/www.submikron.com\/es\/wp-json\/wp\/v2\/pages\/239","targetHints":{"allow":["GET"]}}],"collection":[{"href":"https:\/\/www.submikron.com\/es\/wp-json\/wp\/v2\/pages"}],"about":[{"href":"https:\/\/www.submikron.com\/es\/wp-json\/wp\/v2\/types\/page"}],"author":[{"embeddable":true,"href":"https:\/\/www.submikron.com\/es\/wp-json\/wp\/v2\/users\/5"}],"replies":[{"embeddable":true,"href":"https:\/\/www.submikron.com\/es\/wp-json\/wp\/v2\/comments?post=239"}],"version-history":[{"count":34,"href":"https:\/\/www.submikron.com\/es\/wp-json\/wp\/v2\/pages\/239\/revisions"}],"predecessor-version":[{"id":2087,"href":"https:\/\/www.submikron.com\/es\/wp-json\/wp\/v2\/pages\/239\/revisions\/2087"}],"up":[{"embeddable":true,"href":"https:\/\/www.submikron.com\/es\/wp-json\/wp\/v2\/pages\/11"}],"wp:attachment":[{"href":"https:\/\/www.submikron.com\/es\/wp-json\/wp\/v2\/media?parent=239"}],"curies":[{"name":"wp","href":"https:\/\/api.w.org\/{rel}","templated":true}]}}