{"id":2394,"date":"2023-03-08T13:13:12","date_gmt":"2023-03-08T13:13:12","guid":{"rendered":"https:\/\/www.submikron.com\/?page_id=2394"},"modified":"2025-10-07T05:49:31","modified_gmt":"2025-10-07T05:49:31","slug":"produktionsmitarbeiter-in-im-bereich-werkstatt-m-w-d","status":"publish","type":"page","link":"https:\/\/www.submikron.com\/es\/karriere\/produktionsmitarbeiter-in-im-bereich-werkstatt-m-w-d","title":{"rendered":"Produktionsmitarbeiter\/in im Bereich Werkstatt (w\/m\/d)"},"content":{"rendered":"\t\t<div data-elementor-type=\"wp-page\" data-elementor-id=\"2394\" class=\"elementor elementor-2394\">\n\t\t\t\t\t\t<section class=\"elementor-section elementor-top-section elementor-element elementor-element-600d860 elementor-section-boxed elementor-section-height-default elementor-section-height-default\" data-id=\"600d860\" data-element_type=\"section\" data-e-type=\"section\">\n\t\t\t\t\t\t<div class=\"elementor-container elementor-column-gap-default\">\n\t\t\t\t\t<div class=\"elementor-column elementor-col-100 elementor-top-column elementor-element elementor-element-9da5e7b\" data-id=\"9da5e7b\" data-element_type=\"column\" data-e-type=\"column\">\n\t\t\t<div class=\"elementor-widget-wrap elementor-element-populated\">\n\t\t\t\t\t\t<div class=\"elementor-element elementor-element-c274a67 elementor-widget elementor-widget-text-editor\" data-id=\"c274a67\" data-element_type=\"widget\" data-e-type=\"widget\" data-widget_type=\"text-editor.default\">\n\t\t\t\t<div class=\"elementor-widget-container\">\n\t\t\t\t\t\t\t\t\t<p>Submikron: Karriere \u00bb Stellenangebote<\/p>\t\t\t\t\t\t\t\t<\/div>\n\t\t\t\t<\/div>\n\t\t\t\t<div class=\"elementor-element elementor-element-07cd844 elementor-widget elementor-widget-text-editor\" data-id=\"07cd844\" data-element_type=\"widget\" data-e-type=\"widget\" data-widget_type=\"text-editor.default\">\n\t\t\t\t<div class=\"elementor-widget-container\">\n\t\t\t\t\t\t\t\t\t<p><strong>#s\u2018geilbeiuns<\/strong><\/p><p>Lerne Submikron kennen! Du wirst es lieben!<\/p><p>Wir arbeiten nach einem integralen Wertesystem, durch welches eine wertsch\u00e4tzende Unternehmenskultur gelebt wird. Unsere Mitarbeitenden erfahren einen klaren und empathischen F\u00fchrungsstil, der ihnen Raum f\u00fcr Eigenverantwortung und Entscheidungsfreude bietet. Unsere Mitarbeitenden wirken in einer f\u00fcr sie sinnhaften Position und erhalten den Raum zur individuellen Entfaltung ihres Potentials. Durch dein Wirken erschaffen wir f\u00fcr unsere Kunden mit Hingabe und Pr\u00e4zision individuelle Prozesse. Daf\u00fcr setzen wir unsere Expertise und Erfahrung ein. Unser Fokus liegt auf Wachstum, wodurch wir mit Ausdauer &amp; Kreativit\u00e4t unsere Vision verwirklichen. Daf\u00fcr sind wir bereit, Risiken einzugehen.<\/p><p>Wir wirken selbstbewusst und authentisch am Markt &#8211; Wir stehen zu unserem Wort!<\/p><p>Die Bierther Submikron GmbH ist ein Systemanbieter von L\u00f6sungen f\u00fcr Feinschleif-, L\u00e4pp- und Polierprozessen. Wir entwickeln, fertigen und vertreiben erfolgreich nachhaltige Maschinen, Produkte, Dienstleistungen und Prozesse und pflegen eine verantwortungsvolle Kooperation mit unseren Gesch\u00e4ftspartnern.<\/p><p><strong>Ab 01.08.2025 suchen wir eine\/n Produktionsmitarbeiter\/in im Bereich Werkstatt (w\/m\/d) <\/strong><strong>in Vollzeit mit 40 Stunden\/Woche<\/strong><\/p><p><strong>Aufgabengebiet:<\/strong><\/p><ul><li>\u00dcberwachung &amp; Kontrolle von Maschinen\/Ger\u00e4ten<\/li><li>Steuern &amp; Bedienen von Maschinen<\/li><li>Best\u00fcckung von Maschinen f\u00fcr den Feinschleif-, L\u00e4pp- und Polierprozess<\/li><li>Mechanische Bearbeitung von Teilen<\/li><li>Montage von Maschinen<\/li><li>Lagerarbeiten<\/li><li>Warenannahme &amp; Warenversendung<\/li><li>Allgemeine Unterst\u00fctzung innerhalb der Produktionsprozesse<\/li><\/ul><p><strong>Anforderungen:<\/strong><\/p><ul><li>Berufserfahrung in den genannten Aufgabenfeldern von Vorteil<\/li><li>Handwerkliches Geschick<\/li><li>Zuverl\u00e4ssige und eigenst\u00e4ndige Arbeitsweise<\/li><li>Mindestens gute Deutschkenntnisse in Wort und Schrift<\/li><li>Mindestens F\u00fchrerschein der Klasse B<\/li><li>Teamf\u00e4higkeit<\/li><\/ul><p><strong>Wir bieten Dir:<br \/><\/strong><\/p><ul><li>Eine strukturierte Einarbeitung<\/li><li>Ein tolles Team, das Hand in Hand arbeitet<\/li><li>Arbeitszeiten von Montag bis Freitag<\/li><li>Flexible Arbeitszeiten, Gleitzeit<\/li><li>Betriebliche Altersvorsorge<\/li><li>Betriebliches Gesundheitsmanagement<\/li><li>Betriebliche Weiterbildungen<\/li><li>Betriebsarzt und Vorsorge<\/li><li>Betriebsferien \u00fcber Weihnachten\u00a0&amp; Silvester<\/li><li>Kostenloses Obst und Getr\u00e4nke<\/li><li>Corporate Benefits<\/li><\/ul><p>Sagt Dir unser Stellenangebot zu?<\/p><p>Dann freuen wir uns auf Deine Bewerbung mit Angabe deiner K\u00fcndigungsfrist und deinem Gehaltswunsch. Bitte lege einen Lebenslauf, Zeugnisse und Referenzen mit dazu, sodass wir uns ein Bild Deiner bisherigen T\u00e4tigkeit machen k\u00f6nnen.<\/p><p>Gerne per E-Mail an:<\/p><p>Bierther Submikron GmbH<br \/>Frau Astrid Clas<br \/>In den zehn Morgen 21<br \/>55559 Bretzenheim<\/p><p>Telefon: 0671-7961419-17<br \/>personal[at]submikron.com<\/p>\t\t\t\t\t\t\t\t<\/div>\n\t\t\t\t<\/div>\n\t\t\t\t<div class=\"elementor-element elementor-element-8079340 elementor-widget elementor-widget-html\" data-id=\"8079340\" data-element_type=\"widget\" data-e-type=\"widget\" data-widget_type=\"html.default\">\n\t\t\t\t<div class=\"elementor-widget-container\">\n\t\t\t\t\t<a href=\"javascript:history.back()\"><button type=\"button\" class=\"btn btn-secondary\">Zur\u00fcck \u00bb<\/button><\/a>\t\t\t\t<\/div>\n\t\t\t\t<\/div>\n\t\t\t\t<div class=\"elementor-element elementor-element-856c7b0 elementor-widget elementor-widget-spacer\" data-id=\"856c7b0\" data-element_type=\"widget\" data-e-type=\"widget\" data-widget_type=\"spacer.default\">\n\t\t\t\t<div class=\"elementor-widget-container\">\n\t\t\t\t\t\t\t<div class=\"elementor-spacer\">\n\t\t\t<div class=\"elementor-spacer-inner\"><\/div>\n\t\t<\/div>\n\t\t\t\t\t\t<\/div>\n\t\t\t\t<\/div>\n\t\t\t\t\t<\/div>\n\t\t<\/div>\n\t\t\t\t\t<\/div>\n\t\t<\/section>\n\t\t\t\t<\/div>\n\t\t","protected":false},"excerpt":{"rendered":"<p>Submikron: Karriere \u00bb Stellenangebote #s\u2018geilbeiuns Lerne Submikron kennen! Du wirst es lieben! Wir arbeiten nach einem integralen Wertesystem, durch welches eine wertsch\u00e4tzende Unternehmenskultur gelebt wird. Unsere Mitarbeitenden erfahren einen klaren und empathischen F\u00fchrungsstil, der ihnen Raum f\u00fcr Eigenverantwortung und Entscheidungsfreude bietet. Unsere Mitarbeitenden wirken in einer f\u00fcr sie sinnhaften Position und erhalten den Raum zur [&hellip;]<\/p>\n","protected":false},"author":3,"featured_media":0,"parent":20,"menu_order":2,"comment_status":"closed","ping_status":"closed","template":"","meta":{"footnotes":""},"class_list":["post-2394","page","type-page","status-publish","hentry"],"_links":{"self":[{"href":"https:\/\/www.submikron.com\/es\/wp-json\/wp\/v2\/pages\/2394","targetHints":{"allow":["GET"]}}],"collection":[{"href":"https:\/\/www.submikron.com\/es\/wp-json\/wp\/v2\/pages"}],"about":[{"href":"https:\/\/www.submikron.com\/es\/wp-json\/wp\/v2\/types\/page"}],"author":[{"embeddable":true,"href":"https:\/\/www.submikron.com\/es\/wp-json\/wp\/v2\/users\/3"}],"replies":[{"embeddable":true,"href":"https:\/\/www.submikron.com\/es\/wp-json\/wp\/v2\/comments?post=2394"}],"version-history":[{"count":25,"href":"https:\/\/www.submikron.com\/es\/wp-json\/wp\/v2\/pages\/2394\/revisions"}],"predecessor-version":[{"id":3251,"href":"https:\/\/www.submikron.com\/es\/wp-json\/wp\/v2\/pages\/2394\/revisions\/3251"}],"up":[{"embeddable":true,"href":"https:\/\/www.submikron.com\/es\/wp-json\/wp\/v2\/pages\/20"}],"wp:attachment":[{"href":"https:\/\/www.submikron.com\/es\/wp-json\/wp\/v2\/media?parent=2394"}],"curies":[{"name":"wp","href":"https:\/\/api.w.org\/{rel}","templated":true}]}}