{"id":239,"date":"2021-07-29T12:13:25","date_gmt":"2021-07-29T12:13:25","guid":{"rendered":"http:\/\/s877741999.online.de\/?page_id=239"},"modified":"2022-07-28T13:30:16","modified_gmt":"2022-07-28T13:30:16","slug":"i4-lap","status":"publish","type":"page","link":"https:\/\/www.submikron.com\/it\/produkte\/maschinenuebersicht\/i4-lap","title":{"rendered":"I4-LAP"},"content":{"rendered":"<div data-elementor-type=\"wp-page\" data-elementor-id=\"239\" class=\"elementor elementor-239\">\n\t\t\t\t\t\t<section class=\"elementor-section elementor-top-section elementor-element elementor-element-4b65542 elementor-section-full_width elementor-section-stretched elementor-section-height-default elementor-section-height-default\" data-id=\"4b65542\" data-element_type=\"section\" data-e-type=\"section\" data-settings=\"{&quot;stretch_section&quot;:&quot;section-stretched&quot;}\">\n\t\t\t\t\t\t<div class=\"elementor-container elementor-column-gap-default\">\n\t\t\t\t\t<div class=\"elementor-column elementor-col-100 elementor-top-column elementor-element elementor-element-4366131\" data-id=\"4366131\" data-element_type=\"column\" data-e-type=\"column\">\n\t\t\t<div class=\"elementor-widget-wrap elementor-element-populated\">\n\t\t\t\t\t\t<div class=\"elementor-element elementor-element-755b34f elementor-widget elementor-widget-image\" data-id=\"755b34f\" data-element_type=\"widget\" data-e-type=\"widget\" data-widget_type=\"image.default\">\n\t\t\t\t<div class=\"elementor-widget-container\">\n\t\t\t\t\t\t\t\t\t\t\t\t\t\t\t<img fetchpriority=\"high\" decoding=\"async\" width=\"2560\" height=\"464\" src=\"https:\/\/www.submikron.com\/wp-content\/uploads\/2021\/07\/02-submikron_titelbild_i4LAP-Serie-scaled.jpg\" class=\"attachment-full size-full wp-image-258\" alt=\"\" srcset=\"https:\/\/www.submikron.com\/wp-content\/uploads\/2021\/07\/02-submikron_titelbild_i4LAP-Serie-scaled.jpg 2560w, https:\/\/www.submikron.com\/wp-content\/uploads\/2021\/07\/02-submikron_titelbild_i4LAP-Serie-300x54.jpg 300w, https:\/\/www.submikron.com\/wp-content\/uploads\/2021\/07\/02-submikron_titelbild_i4LAP-Serie-1024x186.jpg 1024w, https:\/\/www.submikron.com\/wp-content\/uploads\/2021\/07\/02-submikron_titelbild_i4LAP-Serie-768x139.jpg 768w, https:\/\/www.submikron.com\/wp-content\/uploads\/2021\/07\/02-submikron_titelbild_i4LAP-Serie-1536x278.jpg 1536w, https:\/\/www.submikron.com\/wp-content\/uploads\/2021\/07\/02-submikron_titelbild_i4LAP-Serie-2048x371.jpg 2048w\" sizes=\"(max-width: 2560px) 100vw, 2560px\" \/>\t\t\t\t\t\t\t\t\t\t\t\t\t\t\t<\/div>\n\t\t\t\t<\/div>\n\t\t\t\t\t<\/div>\n\t\t<\/div>\n\t\t\t\t\t<\/div>\n\t\t<\/section>\n\t\t\t\t<section class=\"elementor-section elementor-top-section elementor-element elementor-element-b2fea50 elementor-section-full_width elementor-section-stretched elementor-section-height-default elementor-section-height-default\" data-id=\"b2fea50\" data-element_type=\"section\" data-e-type=\"section\" data-settings=\"{&quot;stretch_section&quot;:&quot;section-stretched&quot;,&quot;background_background&quot;:&quot;classic&quot;}\">\n\t\t\t\t\t\t<div class=\"elementor-container elementor-column-gap-default\">\n\t\t\t\t\t<div class=\"elementor-column elementor-col-100 elementor-top-column elementor-element elementor-element-22b68bc\" data-id=\"22b68bc\" data-element_type=\"column\" data-e-type=\"column\">\n\t\t\t<div class=\"elementor-widget-wrap elementor-element-populated\">\n\t\t\t\t\t\t<div class=\"elementor-element elementor-element-bb625e4 elementor-widget elementor-widget-heading\" data-id=\"bb625e4\" data-element_type=\"widget\" data-e-type=\"widget\" data-widget_type=\"heading.default\">\n\t\t\t\t<div class=\"elementor-widget-container\">\n\t\t\t\t\t<h1 class=\"elementor-heading-title elementor-size-default\">Macchine e sistemi di dosaggio: serie I4 LAP<\/h1>\t\t\t\t<\/div>\n\t\t\t\t<\/div>\n\t\t\t\t\t<\/div>\n\t\t<\/div>\n\t\t\t\t\t<\/div>\n\t\t<\/section>\n\t\t\t\t<section class=\"elementor-section elementor-top-section elementor-element elementor-element-3340417 elementor-section-boxed elementor-section-height-default elementor-section-height-default\" data-id=\"3340417\" data-element_type=\"section\" data-e-type=\"section\">\n\t\t\t\t\t\t<div class=\"elementor-container elementor-column-gap-default\">\n\t\t\t\t\t<div class=\"elementor-column elementor-col-100 elementor-top-column elementor-element elementor-element-2e96fd4\" data-id=\"2e96fd4\" data-element_type=\"column\" data-e-type=\"column\">\n\t\t\t<div class=\"elementor-widget-wrap elementor-element-populated\">\n\t\t\t\t\t\t<div class=\"elementor-element elementor-element-c7e4c7b elementor-widget elementor-widget-text-editor\" data-id=\"c7e4c7b\" data-element_type=\"widget\" data-e-type=\"widget\" data-widget_type=\"text-editor.default\">\n\t\t\t\t<div class=\"elementor-widget-container\">\n\t\t\t\t\t\t\t\t\t<p>Submikron: Prodotti \u00bb Macchine e sistemi di dosaggio \u00bb Serie I4 LAP<\/p>\t\t\t\t\t\t\t\t<\/div>\n\t\t\t\t<\/div>\n\t\t\t\t<div class=\"elementor-element elementor-element-8f10ef1 elementor-widget elementor-widget-spacer\" data-id=\"8f10ef1\" data-element_type=\"widget\" data-e-type=\"widget\" data-widget_type=\"spacer.default\">\n\t\t\t\t<div class=\"elementor-widget-container\">\n\t\t\t\t\t\t\t<div class=\"elementor-spacer\">\n\t\t\t<div class=\"elementor-spacer-inner\"><\/div>\n\t\t<\/div>\n\t\t\t\t\t\t<\/div>\n\t\t\t\t<\/div>\n\t\t\t\t\t<\/div>\n\t\t<\/div>\n\t\t\t\t\t<\/div>\n\t\t<\/section>\n\t\t\t\t<section class=\"elementor-section elementor-top-section elementor-element elementor-element-73bd861 elementor-section-boxed elementor-section-height-default elementor-section-height-default\" data-id=\"73bd861\" data-element_type=\"section\" data-e-type=\"section\">\n\t\t\t\t\t\t<div class=\"elementor-container elementor-column-gap-default\">\n\t\t\t\t\t<div class=\"elementor-column elementor-col-50 elementor-top-column elementor-element elementor-element-b8686c7\" data-id=\"b8686c7\" data-element_type=\"column\" data-e-type=\"column\">\n\t\t\t<div class=\"elementor-widget-wrap elementor-element-populated\">\n\t\t\t\t\t\t<div class=\"elementor-element elementor-element-3377e24 elementor-widget elementor-widget-image\" data-id=\"3377e24\" data-element_type=\"widget\" data-e-type=\"widget\" data-widget_type=\"image.default\">\n\t\t\t\t<div class=\"elementor-widget-container\">\n\t\t\t\t\t\t\t\t\t\t\t\t\t\t\t<img decoding=\"async\" width=\"650\" height=\"800\" src=\"https:\/\/www.submikron.com\/wp-content\/uploads\/2021\/07\/submikron-produktbild-i4-lap-serie.jpg\" class=\"attachment-full size-full wp-image-250\" alt=\"\" srcset=\"https:\/\/www.submikron.com\/wp-content\/uploads\/2021\/07\/submikron-produktbild-i4-lap-serie.jpg 650w, https:\/\/www.submikron.com\/wp-content\/uploads\/2021\/07\/submikron-produktbild-i4-lap-serie-244x300.jpg 244w\" sizes=\"(max-width: 650px) 100vw, 650px\" \/>\t\t\t\t\t\t\t\t\t\t\t\t\t\t\t<\/div>\n\t\t\t\t<\/div>\n\t\t\t\t\t<\/div>\n\t\t<\/div>\n\t\t\t\t<div class=\"elementor-column elementor-col-50 elementor-top-column elementor-element elementor-element-aa398ac\" data-id=\"aa398ac\" data-element_type=\"column\" data-e-type=\"column\">\n\t\t\t<div class=\"elementor-widget-wrap elementor-element-populated\">\n\t\t\t\t\t\t<div class=\"elementor-element elementor-element-afc1da6 elementor-widget elementor-widget-text-editor\" data-id=\"afc1da6\" data-element_type=\"widget\" data-e-type=\"widget\" data-widget_type=\"text-editor.default\">\n\t\t\t\t<div class=\"elementor-widget-container\">\n\t\t\t\t\t\t\t\t\t<p class=\"p1 translation-block\">L\u2019attuale \"Tech-Light\" di Submikron \u00e8 la nuova generazione di macchine per lappatura a un disco, la serie I4 LAP 700. Oltre a un nuovo design, questa macchina offre nuove possibilit\u00e0 ad es. per attuare le direttive per l\u2019industria 4.0 nei settori di microfinitura, lappatura e lucidatura. Abbinata al sistema di ravvivatura a dischi LPS (Lapping Plate Profiling System) altamente efficiente e al poliedrico disco di lucidatura-lappatura CP8, la macchina di Submikron rappresenta un sistema completo e affidabile per il processo di lappatura.<\/p><p class=\"p1\"><b>Innovazioni<\/b><\/p><ul><li class=\"p2\">Design innovativo della macchina<\/li><li class=\"p2\"><span class=\"s1\">I<\/span>I4.0 Integrazione della macchina in un sistema di controllo produzione e processo<\/li><li class=\"p2\">Comando Siemens S7 con display TFT widescreen da 9 pollici<\/li><li class=\"p2\">Insiemi controllati con sistema bus<\/li><li class=\"p2\">Registrazione e regolazione di tutti i parametri di processo rilevanti quali velocit\u00e0, pressione, temperatura e asportazione<\/li><li class=\"p2\">Dosaggio integrato per sospensione diamantata e mezzo di lappatura convenzionale<\/li><li class=\"p2\">Mezzo di lappatura e relativo serbatoio di raccolta in due contenitori su ruote estraibili per una facile movimentazione<\/li><li class=\"p2\">Stazione centrale di carico e scarico dei pezzi<\/li><li class=\"p2\">Manutenzione da remoto<\/li><\/ul><div><p class=\"p1\"><b>Opzioni per l\u2019impiego del sistema LPS (Lapping Plate Profiling System)<\/b><\/p><ul><li class=\"p2\">Verifica e visualizzazione della planarit\u00e0 del disco di lappatura<\/li><li class=\"p2\">Correzione del disco di lappatura mediante ripassatura sulla macchina<\/li><li class=\"p2\">Scanalatura a spirale del disco di lappatura sulla macchina<\/li><\/ul><\/div>\t\t\t\t\t\t\t\t<\/div>\n\t\t\t\t<\/div>\n\t\t\t\t\t<\/div>\n\t\t<\/div>\n\t\t\t\t\t<\/div>\n\t\t<\/section>\n\t\t\t\t<section class=\"elementor-section elementor-top-section elementor-element elementor-element-c971427 elementor-section-stretched elementor-section-boxed elementor-section-height-default elementor-section-height-default\" data-id=\"c971427\" data-element_type=\"section\" data-e-type=\"section\" data-settings=\"{&quot;stretch_section&quot;:&quot;section-stretched&quot;}\">\n\t\t\t\t\t\t<div class=\"elementor-container elementor-column-gap-default\">\n\t\t\t\t\t<div class=\"elementor-column elementor-col-100 elementor-top-column elementor-element elementor-element-bbf2d65\" data-id=\"bbf2d65\" data-element_type=\"column\" data-e-type=\"column\">\n\t\t\t<div class=\"elementor-widget-wrap elementor-element-populated\">\n\t\t\t\t\t\t<div class=\"elementor-element elementor-element-9d12a1d elementor-widget elementor-widget-spacer\" data-id=\"9d12a1d\" data-element_type=\"widget\" data-e-type=\"widget\" data-widget_type=\"spacer.default\">\n\t\t\t\t<div class=\"elementor-widget-container\">\n\t\t\t\t\t\t\t<div class=\"elementor-spacer\">\n\t\t\t<div class=\"elementor-spacer-inner\"><\/div>\n\t\t<\/div>\n\t\t\t\t\t\t<\/div>\n\t\t\t\t<\/div>\n\t\t\t\t\t<\/div>\n\t\t<\/div>\n\t\t\t\t\t<\/div>\n\t\t<\/section>\n\t\t\t\t<section class=\"elementor-section elementor-top-section elementor-element elementor-element-e88a32c elementor-section-boxed elementor-section-height-default elementor-section-height-default\" data-id=\"e88a32c\" data-element_type=\"section\" data-e-type=\"section\">\n\t\t\t\t\t\t<div class=\"elementor-container elementor-column-gap-default\">\n\t\t\t\t\t<div class=\"elementor-column elementor-col-100 elementor-top-column elementor-element elementor-element-f822903\" data-id=\"f822903\" data-element_type=\"column\" data-e-type=\"column\">\n\t\t\t<div class=\"elementor-widget-wrap elementor-element-populated\">\n\t\t\t\t\t\t<div class=\"elementor-element elementor-element-a48a61c elementor-widget elementor-widget-heading\" data-id=\"a48a61c\" data-element_type=\"widget\" data-e-type=\"widget\" data-widget_type=\"heading.default\">\n\t\t\t\t<div class=\"elementor-widget-container\">\n\t\t\t\t\t<h2 class=\"elementor-heading-title elementor-size-default\">Sistema di dosaggio integrato della I4 LAP<\/h2>\t\t\t\t<\/div>\n\t\t\t\t<\/div>\n\t\t\t\t<div class=\"elementor-element elementor-element-3ea44ad elementor-widget elementor-widget-text-editor\" data-id=\"3ea44ad\" data-element_type=\"widget\" data-e-type=\"widget\" data-widget_type=\"text-editor.default\">\n\t\t\t\t<div class=\"elementor-widget-container\">\n\t\t\t\t\t\t\t\t\t<ul><li class=\"p1\"><b>Numero dei mezzi da dosare:<\/b> un mezzo da dosare, contenuto del serbatoio 15 litri<\/li><li class=\"p1\"><b>Miscela:<\/b> una pompa per mezzo di lappatura con regolazione della velocit\u00e0 e serbatoio assolve le funzioni di mescolare e trasportare il mezzo di lappatura. La regolazione della velocit\u00e0 \u00e8 necessaria per evitare che l\u2019abrasivo si separi nell\u2019olio per lappatura.<\/li><li class=\"p1\"><b>Trasporto:<\/b> il sistema di circolazione impedisce che il mezzo di lappatura si depositi nelle condotte o le intasi. Le condotte con valvola di sfiato si trovano nella parte superiore dell\u2019unit\u00e0 di dosaggio in modo da svuotare le condotte all\u2019arresto della pompa.<span class=\"Apple-converted-space\">\u00a0 <\/span><br \/>La distribuzione del mezzo di lappatura con una pompa a tre canali flessibili in tre tubi flessibili articolati assicura che davanti a ciascuna stazione di lavorazione venga convogliata con precisione la stessa quantit\u00e0 di liquido di lappatura.<\/li><li class=\"p1\"><b>Vantaggio:<\/b> adatto a tutti i mezzi di lappatura e lucidatura, anche ai liquidi a bassa viscosit\u00e0 senza stabilizzazione. Il sensore del livello di riempimento incorporato impedisce che il disco di lappatura funzioni a secco.<\/li><li class=\"p1\"><b>Optional:<\/b> i tre tubi flessibili articolati possono essere dotati di ugelli nebulizzatori per bagnare in modo omogeneo i dischi di lappatura e di lucidatura scanalati.<\/li><\/ul>\t\t\t\t\t\t\t\t<\/div>\n\t\t\t\t<\/div>\n\t\t\t\t<div class=\"elementor-element elementor-element-96abfbd elementor-widget elementor-widget-button\" data-id=\"96abfbd\" data-element_type=\"widget\" data-e-type=\"widget\" data-widget_type=\"button.default\">\n\t\t\t\t<div class=\"elementor-widget-container\">\n\t\t\t\t\t\t\t\t\t<div class=\"elementor-button-wrapper\">\n\t\t\t\t\t<a class=\"elementor-button elementor-button-link elementor-size-lg\" href=\"\/wp-content\/uploads\/2022\/07\/I4-LAP-Technische-Daten_IT.pdf\">\n\t\t\t\t\t\t<span class=\"elementor-button-content-wrapper\">\n\t\t\t\t\t\t\t\t\t<span class=\"elementor-button-text\">I4-LAP Dati tecnici \u00bb<\/span>\n\t\t\t\t\t<\/span>\n\t\t\t\t\t<\/a>\n\t\t\t\t<\/div>\n\t\t\t\t\t\t\t\t<\/div>\n\t\t\t\t<\/div>\n\t\t\t\t\t<\/div>\n\t\t<\/div>\n\t\t\t\t\t<\/div>\n\t\t<\/section>\n\t\t\t\t<section class=\"elementor-section elementor-top-section elementor-element elementor-element-700c0a5 elementor-section-boxed elementor-section-height-default elementor-section-height-default\" data-id=\"700c0a5\" data-element_type=\"section\" data-e-type=\"section\">\n\t\t\t\t\t\t<div class=\"elementor-container elementor-column-gap-default\">\n\t\t\t\t\t<div class=\"elementor-column elementor-col-100 elementor-top-column elementor-element elementor-element-d1a80cf\" data-id=\"d1a80cf\" data-element_type=\"column\" data-e-type=\"column\">\n\t\t\t<div class=\"elementor-widget-wrap elementor-element-populated\">\n\t\t\t\t\t\t<div class=\"elementor-element elementor-element-a397900 elementor-widget elementor-widget-spacer\" data-id=\"a397900\" data-element_type=\"widget\" data-e-type=\"widget\" data-widget_type=\"spacer.default\">\n\t\t\t\t<div class=\"elementor-widget-container\">\n\t\t\t\t\t\t\t<div class=\"elementor-spacer\">\n\t\t\t<div class=\"elementor-spacer-inner\"><\/div>\n\t\t<\/div>\n\t\t\t\t\t\t<\/div>\n\t\t\t\t<\/div>\n\t\t\t\t\t<\/div>\n\t\t<\/div>\n\t\t\t\t\t<\/div>\n\t\t<\/section>\n\t\t\t\t<section class=\"elementor-section elementor-top-section elementor-element elementor-element-061bb60 elementor-section-boxed elementor-section-height-default elementor-section-height-default\" data-id=\"061bb60\" data-element_type=\"section\" data-e-type=\"section\">\n\t\t\t\t\t\t<div class=\"elementor-container elementor-column-gap-default\">\n\t\t\t\t\t<div class=\"elementor-column elementor-col-100 elementor-top-column elementor-element elementor-element-8684224\" data-id=\"8684224\" data-element_type=\"column\" data-e-type=\"column\">\n\t\t\t<div class=\"elementor-widget-wrap elementor-element-populated\">\n\t\t\t\t\t\t<div class=\"elementor-element elementor-element-d99c0eb elementor-widget elementor-widget-heading\" data-id=\"d99c0eb\" data-element_type=\"widget\" data-e-type=\"widget\" data-widget_type=\"heading.default\">\n\t\t\t\t<div class=\"elementor-widget-container\">\n\t\t\t\t\t<h2 class=\"elementor-heading-title elementor-size-default\">Panoramica delle macchine<\/h2>\t\t\t\t<\/div>\n\t\t\t\t<\/div>\n\t\t\t\t\t<\/div>\n\t\t<\/div>\n\t\t\t\t\t<\/div>\n\t\t<\/section>\n\t\t\t\t<section class=\"elementor-section elementor-top-section elementor-element elementor-element-552308c elementor-section-boxed elementor-section-height-default elementor-section-height-default\" data-id=\"552308c\" data-element_type=\"section\" data-e-type=\"section\">\n\t\t\t\t\t\t<div class=\"elementor-container elementor-column-gap-default\">\n\t\t\t\t\t<div class=\"elementor-column elementor-col-100 elementor-top-column elementor-element elementor-element-3e4addd\" data-id=\"3e4addd\" data-element_type=\"column\" data-e-type=\"column\">\n\t\t\t<div class=\"elementor-widget-wrap elementor-element-populated\">\n\t\t\t\t\t\t<div class=\"elementor-element elementor-element-6242001 elementor-widget elementor-widget-spacer\" data-id=\"6242001\" data-element_type=\"widget\" data-e-type=\"widget\" data-widget_type=\"spacer.default\">\n\t\t\t\t<div class=\"elementor-widget-container\">\n\t\t\t\t\t\t\t<div class=\"elementor-spacer\">\n\t\t\t<div class=\"elementor-spacer-inner\"><\/div>\n\t\t<\/div>\n\t\t\t\t\t\t<\/div>\n\t\t\t\t<\/div>\n\t\t\t\t\t<\/div>\n\t\t<\/div>\n\t\t\t\t\t<\/div>\n\t\t<\/section>\n\t\t\t\t<section class=\"elementor-section elementor-top-section elementor-element elementor-element-c29d811 elementor-section-boxed elementor-section-height-default elementor-section-height-default\" data-id=\"c29d811\" data-element_type=\"section\" data-e-type=\"section\">\n\t\t\t\t\t\t<div class=\"elementor-container elementor-column-gap-default\">\n\t\t\t\t\t<div class=\"elementor-column elementor-col-33 elementor-top-column elementor-element elementor-element-5ed5e5f\" data-id=\"5ed5e5f\" data-element_type=\"column\" data-e-type=\"column\">\n\t\t\t<div class=\"elementor-widget-wrap elementor-element-populated\">\n\t\t\t\t\t\t<div class=\"elementor-element elementor-element-4dc9393 elementor-widget elementor-widget-text-editor\" data-id=\"4dc9393\" data-element_type=\"widget\" data-e-type=\"widget\" data-widget_type=\"text-editor.default\">\n\t\t\t\t<div class=\"elementor-widget-container\">\n\t\t\t\t\t\t\t\t\t<p><a style=\"color: #ffffff;\" href=\"\/it\/produkte\/maschinenuebersicht\/eco-lap-smart-serie\/\">Serie ECO LAP Smart<\/a><\/p>\t\t\t\t\t\t\t\t<\/div>\n\t\t\t\t<\/div>\n\t\t\t\t\t<\/div>\n\t\t<\/div>\n\t\t\t\t<div class=\"elementor-column elementor-col-33 elementor-top-column elementor-element elementor-element-c70db8b\" data-id=\"c70db8b\" data-element_type=\"column\" data-e-type=\"column\">\n\t\t\t<div class=\"elementor-widget-wrap elementor-element-populated\">\n\t\t\t\t\t\t<div class=\"elementor-element elementor-element-d6a562b elementor-widget elementor-widget-text-editor\" data-id=\"d6a562b\" data-element_type=\"widget\" data-e-type=\"widget\" data-widget_type=\"text-editor.default\">\n\t\t\t\t<div class=\"elementor-widget-container\">\n\t\t\t\t\t\t\t\t\t<p><a style=\"color: #ffffff;\" href=\"\/it\/produkte\/maschinenuebersicht\/elap-serie\/\">Serie ELAP<\/a><\/p>\t\t\t\t\t\t\t\t<\/div>\n\t\t\t\t<\/div>\n\t\t\t\t\t<\/div>\n\t\t<\/div>\n\t\t\t\t<div class=\"elementor-column elementor-col-33 elementor-top-column elementor-element elementor-element-61b3b9f\" data-id=\"61b3b9f\" data-element_type=\"column\" data-e-type=\"column\">\n\t\t\t<div class=\"elementor-widget-wrap elementor-element-populated\">\n\t\t\t\t\t\t<div class=\"elementor-element elementor-element-3ad0f80 elementor-widget elementor-widget-text-editor\" data-id=\"3ad0f80\" data-element_type=\"widget\" data-e-type=\"widget\" data-widget_type=\"text-editor.default\">\n\t\t\t\t<div class=\"elementor-widget-container\">\n\t\t\t\t\t\t\t\t\t<a style=\"color: #ffffff;\" href=\"\/it\/produkte\/maschinenuebersicht\/sondermaschinen\/\">Macchine speciali<\/a>\t\t\t\t\t\t\t\t<\/div>\n\t\t\t\t<\/div>\n\t\t\t\t\t<\/div>\n\t\t<\/div>\n\t\t\t\t\t<\/div>\n\t\t<\/section>\n\t\t\t\t<section class=\"elementor-section elementor-top-section elementor-element elementor-element-5ec7bad elementor-section-boxed elementor-section-height-default elementor-section-height-default\" data-id=\"5ec7bad\" data-element_type=\"section\" data-e-type=\"section\">\n\t\t\t\t\t\t<div class=\"elementor-container elementor-column-gap-default\">\n\t\t\t\t\t<div class=\"elementor-column elementor-col-33 elementor-top-column elementor-element elementor-element-66b451a\" data-id=\"66b451a\" data-element_type=\"column\" data-e-type=\"column\">\n\t\t\t<div class=\"elementor-widget-wrap elementor-element-populated\">\n\t\t\t\t\t\t<div class=\"elementor-element elementor-element-ee8a043 elementor-widget elementor-widget-text-editor\" data-id=\"ee8a043\" data-element_type=\"widget\" data-e-type=\"widget\" data-widget_type=\"text-editor.default\">\n\t\t\t\t<div class=\"elementor-widget-container\">\n\t\t\t\t\t\t\t\t\t<a style=\"color: #ffffff;\" href=\"\/it\/produkte\/maschinenuebersicht\/dosiersysteme\/\">Sistemi di dosaggio<\/a>\t\t\t\t\t\t\t\t<\/div>\n\t\t\t\t<\/div>\n\t\t\t\t\t<\/div>\n\t\t<\/div>\n\t\t\t\t<div class=\"elementor-column elementor-col-33 elementor-top-column elementor-element elementor-element-c9cb492\" data-id=\"c9cb492\" data-element_type=\"column\" data-e-type=\"column\">\n\t\t\t<div class=\"elementor-widget-wrap elementor-element-populated\">\n\t\t\t\t\t\t<div class=\"elementor-element elementor-element-3214173 elementor-widget elementor-widget-text-editor\" data-id=\"3214173\" data-element_type=\"widget\" data-e-type=\"widget\" data-widget_type=\"text-editor.default\">\n\t\t\t\t<div class=\"elementor-widget-container\">\n\t\t\t\t\t\t\t\t\t<p><a style=\"color: #ffffff;\" href=\"http:\/\/s877741999.online.de\/produkte\/maschinenuebersicht\/abrichtsystem-lps\">Sistema di ravvivatura LPS<\/a><\/p>\t\t\t\t\t\t\t\t<\/div>\n\t\t\t\t<\/div>\n\t\t\t\t\t<\/div>\n\t\t<\/div>\n\t\t\t\t<div class=\"elementor-column elementor-col-33 elementor-top-column elementor-element elementor-element-410cfec\" data-id=\"410cfec\" data-element_type=\"column\" data-e-type=\"column\">\n\t\t\t<div class=\"elementor-widget-wrap elementor-element-populated\">\n\t\t\t\t\t\t<div class=\"elementor-element elementor-element-937b9b6 elementor-widget elementor-widget-text-editor\" data-id=\"937b9b6\" data-element_type=\"widget\" data-e-type=\"widget\" data-widget_type=\"text-editor.default\">\n\t\t\t\t<div class=\"elementor-widget-container\">\n\t\t\t\t\t\t\t\t\t<a style=\"color: #ffffff;\" href=\"\/it\/produkte\/maschinenuebersicht\/bsm-d-serie\/\">Serie BSM D<\/a>\t\t\t\t\t\t\t\t<\/div>\n\t\t\t\t<\/div>\n\t\t\t\t\t<\/div>\n\t\t<\/div>\n\t\t\t\t\t<\/div>\n\t\t<\/section>\n\t\t\t\t<section class=\"elementor-section elementor-top-section elementor-element elementor-element-8308e0e elementor-section-boxed elementor-section-height-default elementor-section-height-default\" data-id=\"8308e0e\" data-element_type=\"section\" data-e-type=\"section\">\n\t\t\t\t\t\t<div class=\"elementor-container elementor-column-gap-default\">\n\t\t\t\t\t<div class=\"elementor-column elementor-col-100 elementor-top-column elementor-element elementor-element-cb7a0ef\" data-id=\"cb7a0ef\" data-element_type=\"column\" data-e-type=\"column\">\n\t\t\t<div class=\"elementor-widget-wrap elementor-element-populated\">\n\t\t\t\t\t\t<div class=\"elementor-element elementor-element-65f20e5 elementor-widget elementor-widget-spacer\" data-id=\"65f20e5\" data-element_type=\"widget\" data-e-type=\"widget\" data-widget_type=\"spacer.default\">\n\t\t\t\t<div class=\"elementor-widget-container\">\n\t\t\t\t\t\t\t<div class=\"elementor-spacer\">\n\t\t\t<div class=\"elementor-spacer-inner\"><\/div>\n\t\t<\/div>\n\t\t\t\t\t\t<\/div>\n\t\t\t\t<\/div>\n\t\t\t\t<div class=\"elementor-element elementor-element-8a00fc4 elementor-widget elementor-widget-spacer\" data-id=\"8a00fc4\" data-element_type=\"widget\" data-e-type=\"widget\" data-widget_type=\"spacer.default\">\n\t\t\t\t<div class=\"elementor-widget-container\">\n\t\t\t\t\t\t\t<div class=\"elementor-spacer\">\n\t\t\t<div class=\"elementor-spacer-inner\"><\/div>\n\t\t<\/div>\n\t\t\t\t\t\t<\/div>\n\t\t\t\t<\/div>\n\t\t\t\t\t<\/div>\n\t\t<\/div>\n\t\t\t\t\t<\/div>\n\t\t<\/section>\n\t\t\t\t<\/div>","protected":false},"excerpt":{"rendered":"<p>Maschinen und Dosiersysteme: I4 LAP-Serie Submikron: Produkte \u00bb Maschinen &amp; Dosiersysteme \u00bb I4 LAP-Serie Das aktuelle \u201eTech-Light\u201c von Submikron ist die neue Generation der Einscheiben-L\u00e4ppmaschinen, I4 LAP 700. Neben einem neuen Design bietet diese Maschine neue M\u00f6glichkeiten, um z.B. Ma\u00dfgaben gem\u00e4\u00df Industrie 4.0 im Bereich Feinschleifen, L\u00e4ppen und Polieren umzusetzen. Zusammen mit dem hocheffizienten Scheibenabrichtsystem [&hellip;]<\/p>\n","protected":false},"author":5,"featured_media":0,"parent":11,"menu_order":1,"comment_status":"closed","ping_status":"closed","template":"elementor_header_footer","meta":{"footnotes":""},"class_list":["post-239","page","type-page","status-publish","hentry"],"_links":{"self":[{"href":"https:\/\/www.submikron.com\/it\/wp-json\/wp\/v2\/pages\/239","targetHints":{"allow":["GET"]}}],"collection":[{"href":"https:\/\/www.submikron.com\/it\/wp-json\/wp\/v2\/pages"}],"about":[{"href":"https:\/\/www.submikron.com\/it\/wp-json\/wp\/v2\/types\/page"}],"author":[{"embeddable":true,"href":"https:\/\/www.submikron.com\/it\/wp-json\/wp\/v2\/users\/5"}],"replies":[{"embeddable":true,"href":"https:\/\/www.submikron.com\/it\/wp-json\/wp\/v2\/comments?post=239"}],"version-history":[{"count":34,"href":"https:\/\/www.submikron.com\/it\/wp-json\/wp\/v2\/pages\/239\/revisions"}],"predecessor-version":[{"id":2087,"href":"https:\/\/www.submikron.com\/it\/wp-json\/wp\/v2\/pages\/239\/revisions\/2087"}],"up":[{"embeddable":true,"href":"https:\/\/www.submikron.com\/it\/wp-json\/wp\/v2\/pages\/11"}],"wp:attachment":[{"href":"https:\/\/www.submikron.com\/it\/wp-json\/wp\/v2\/media?parent=239"}],"curies":[{"name":"wp","href":"https:\/\/api.w.org\/{rel}","templated":true}]}}