{"id":3260,"date":"2025-10-10T09:37:45","date_gmt":"2025-10-10T09:37:45","guid":{"rendered":"https:\/\/www.submikron.com\/?page_id=3260"},"modified":"2025-10-13T05:38:30","modified_gmt":"2025-10-13T05:38:30","slug":"eco-lap-compact-380","status":"publish","type":"page","link":"https:\/\/www.submikron.com\/it\/produkte\/maschinenuebersicht\/eco-lap-compact-380","title":{"rendered":"ECO LAP COMPACT 380"},"content":{"rendered":"<div data-elementor-type=\"wp-page\" data-elementor-id=\"3260\" class=\"elementor elementor-3260\">\n\t\t\t\t\t\t<section class=\"elementor-section elementor-top-section elementor-element elementor-element-5da37a5 elementor-section-full_width elementor-section-stretched elementor-section-height-default elementor-section-height-default\" data-id=\"5da37a5\" data-element_type=\"section\" data-e-type=\"section\" data-settings=\"{&quot;stretch_section&quot;:&quot;section-stretched&quot;}\">\n\t\t\t\t\t\t<div class=\"elementor-container elementor-column-gap-default\">\n\t\t\t\t\t<div class=\"elementor-column elementor-col-100 elementor-top-column elementor-element elementor-element-9af5a64\" data-id=\"9af5a64\" data-element_type=\"column\" data-e-type=\"column\">\n\t\t\t<div class=\"elementor-widget-wrap elementor-element-populated\">\n\t\t\t\t\t\t<div class=\"elementor-element elementor-element-a3365cc elementor-widget elementor-widget-image\" data-id=\"a3365cc\" data-element_type=\"widget\" data-e-type=\"widget\" data-widget_type=\"image.default\">\n\t\t\t\t<div class=\"elementor-widget-container\">\n\t\t\t\t\t\t\t\t\t\t\t\t\t\t\t<img fetchpriority=\"high\" decoding=\"async\" width=\"2560\" height=\"464\" src=\"https:\/\/www.submikron.com\/wp-content\/uploads\/2021\/07\/02-submikron_titelbild_ECO_LAP_Smart_Serie-scaled.jpg\" class=\"attachment-full size-full wp-image-293\" alt=\"\" srcset=\"https:\/\/www.submikron.com\/wp-content\/uploads\/2021\/07\/02-submikron_titelbild_ECO_LAP_Smart_Serie-scaled.jpg 2560w, https:\/\/www.submikron.com\/wp-content\/uploads\/2021\/07\/02-submikron_titelbild_ECO_LAP_Smart_Serie-300x54.jpg 300w, https:\/\/www.submikron.com\/wp-content\/uploads\/2021\/07\/02-submikron_titelbild_ECO_LAP_Smart_Serie-1024x186.jpg 1024w, https:\/\/www.submikron.com\/wp-content\/uploads\/2021\/07\/02-submikron_titelbild_ECO_LAP_Smart_Serie-768x139.jpg 768w, https:\/\/www.submikron.com\/wp-content\/uploads\/2021\/07\/02-submikron_titelbild_ECO_LAP_Smart_Serie-1536x278.jpg 1536w, https:\/\/www.submikron.com\/wp-content\/uploads\/2021\/07\/02-submikron_titelbild_ECO_LAP_Smart_Serie-2048x371.jpg 2048w\" sizes=\"(max-width: 2560px) 100vw, 2560px\" \/>\t\t\t\t\t\t\t\t\t\t\t\t\t\t\t<\/div>\n\t\t\t\t<\/div>\n\t\t\t\t\t<\/div>\n\t\t<\/div>\n\t\t\t\t\t<\/div>\n\t\t<\/section>\n\t\t\t\t<section class=\"elementor-section elementor-top-section elementor-element elementor-element-24f8683 elementor-section-full_width elementor-section-stretched elementor-section-height-default elementor-section-height-default\" data-id=\"24f8683\" data-element_type=\"section\" data-e-type=\"section\" data-settings=\"{&quot;stretch_section&quot;:&quot;section-stretched&quot;,&quot;background_background&quot;:&quot;classic&quot;}\">\n\t\t\t\t\t\t<div class=\"elementor-container elementor-column-gap-default\">\n\t\t\t\t\t<div class=\"elementor-column elementor-col-100 elementor-top-column elementor-element elementor-element-8b5c501\" data-id=\"8b5c501\" data-element_type=\"column\" data-e-type=\"column\">\n\t\t\t<div class=\"elementor-widget-wrap elementor-element-populated\">\n\t\t\t\t\t\t<div class=\"elementor-element elementor-element-8f0eb84 elementor-widget elementor-widget-heading\" data-id=\"8f0eb84\" data-element_type=\"widget\" data-e-type=\"widget\" data-widget_type=\"heading.default\">\n\t\t\t\t<div class=\"elementor-widget-container\">\n\t\t\t\t\t<h1 class=\"elementor-heading-title elementor-size-default\">Maschinen und Dosiersysteme: ECO LAP <span>COMPACT 380<\/span><\/h1>\t\t\t\t<\/div>\n\t\t\t\t<\/div>\n\t\t\t\t\t<\/div>\n\t\t<\/div>\n\t\t\t\t\t<\/div>\n\t\t<\/section>\n\t\t\t\t<section class=\"elementor-section elementor-top-section elementor-element elementor-element-ec89f1c elementor-section-stretched elementor-section-boxed elementor-section-height-default elementor-section-height-default\" data-id=\"ec89f1c\" data-element_type=\"section\" data-e-type=\"section\" data-settings=\"{&quot;stretch_section&quot;:&quot;section-stretched&quot;}\">\n\t\t\t\t\t\t<div class=\"elementor-container elementor-column-gap-default\">\n\t\t\t\t\t<div class=\"elementor-column elementor-col-100 elementor-top-column elementor-element elementor-element-13347c9\" data-id=\"13347c9\" data-element_type=\"column\" data-e-type=\"column\">\n\t\t\t<div class=\"elementor-widget-wrap elementor-element-populated\">\n\t\t\t\t\t\t<div class=\"elementor-element elementor-element-252351b elementor-widget elementor-widget-text-editor\" data-id=\"252351b\" data-element_type=\"widget\" data-e-type=\"widget\" data-widget_type=\"text-editor.default\">\n\t\t\t\t<div class=\"elementor-widget-container\">\n\t\t\t\t\t\t\t\t\t<p>Submikron: Produkte \u00bb Maschinen &amp; Dosiersysteme \u00bb ECO LAP <span class=\"fontstyle0\">COMPACT 380<\/span> <\/p>\t\t\t\t\t\t\t\t<\/div>\n\t\t\t\t<\/div>\n\t\t\t\t\t<\/div>\n\t\t<\/div>\n\t\t\t\t\t<\/div>\n\t\t<\/section>\n\t\t\t\t<section class=\"elementor-section elementor-top-section elementor-element elementor-element-dc37112 elementor-section-boxed elementor-section-height-default elementor-section-height-default\" data-id=\"dc37112\" data-element_type=\"section\" data-e-type=\"section\">\n\t\t\t\t\t\t<div class=\"elementor-container elementor-column-gap-default\">\n\t\t\t\t\t<div class=\"elementor-column elementor-col-100 elementor-top-column elementor-element elementor-element-e75629d\" data-id=\"e75629d\" data-element_type=\"column\" data-e-type=\"column\">\n\t\t\t<div class=\"elementor-widget-wrap elementor-element-populated\">\n\t\t\t\t\t\t<div class=\"elementor-element elementor-element-194ee84 elementor-widget elementor-widget-spacer\" data-id=\"194ee84\" data-element_type=\"widget\" data-e-type=\"widget\" data-widget_type=\"spacer.default\">\n\t\t\t\t<div class=\"elementor-widget-container\">\n\t\t\t\t\t\t\t<div class=\"elementor-spacer\">\n\t\t\t<div class=\"elementor-spacer-inner\"><\/div>\n\t\t<\/div>\n\t\t\t\t\t\t<\/div>\n\t\t\t\t<\/div>\n\t\t\t\t\t<\/div>\n\t\t<\/div>\n\t\t\t\t\t<\/div>\n\t\t<\/section>\n\t\t\t\t<section class=\"elementor-section elementor-top-section elementor-element elementor-element-3fbbb18 elementor-section-boxed elementor-section-height-default elementor-section-height-default\" data-id=\"3fbbb18\" data-element_type=\"section\" data-e-type=\"section\">\n\t\t\t\t\t\t<div class=\"elementor-container elementor-column-gap-default\">\n\t\t\t\t\t<div class=\"elementor-column elementor-col-50 elementor-top-column elementor-element elementor-element-3906523\" data-id=\"3906523\" data-element_type=\"column\" data-e-type=\"column\">\n\t\t\t<div class=\"elementor-widget-wrap elementor-element-populated\">\n\t\t\t\t\t\t<div class=\"elementor-element elementor-element-d20615e elementor-widget elementor-widget-image\" data-id=\"d20615e\" data-element_type=\"widget\" data-e-type=\"widget\" data-widget_type=\"image.default\">\n\t\t\t\t<div class=\"elementor-widget-container\">\n\t\t\t\t\t\t\t\t\t\t\t\t\t\t\t<img decoding=\"async\" width=\"388\" height=\"396\" src=\"https:\/\/www.submikron.com\/wp-content\/uploads\/2025\/10\/ECO-LAP-COMPACT-380.jpg\" class=\"attachment-large size-large wp-image-3261\" alt=\"\" srcset=\"https:\/\/www.submikron.com\/wp-content\/uploads\/2025\/10\/ECO-LAP-COMPACT-380.jpg 388w, https:\/\/www.submikron.com\/wp-content\/uploads\/2025\/10\/ECO-LAP-COMPACT-380-294x300.jpg 294w, https:\/\/www.submikron.com\/wp-content\/uploads\/2025\/10\/ECO-LAP-COMPACT-380-12x12.jpg 12w\" sizes=\"(max-width: 388px) 100vw, 388px\" \/>\t\t\t\t\t\t\t\t\t\t\t\t\t\t\t<\/div>\n\t\t\t\t<\/div>\n\t\t\t\t\t<\/div>\n\t\t<\/div>\n\t\t\t\t<div class=\"elementor-column elementor-col-50 elementor-top-column elementor-element elementor-element-1f33463\" data-id=\"1f33463\" data-element_type=\"column\" data-e-type=\"column\">\n\t\t\t<div class=\"elementor-widget-wrap elementor-element-populated\">\n\t\t\t\t\t\t<div class=\"elementor-element elementor-element-9666deb elementor-widget elementor-widget-heading\" data-id=\"9666deb\" data-element_type=\"widget\" data-e-type=\"widget\" data-widget_type=\"heading.default\">\n\t\t\t\t<div class=\"elementor-widget-container\">\n\t\t\t\t\t<h2 class=\"elementor-heading-title elementor-size-default\">Die kompakte Tischmaschine: <span>ECO LAP COMPACT 380<\/span><\/h2>\t\t\t\t<\/div>\n\t\t\t\t<\/div>\n\t\t\t\t<div class=\"elementor-element elementor-element-f20a196 elementor-widget elementor-widget-text-editor\" data-id=\"f20a196\" data-element_type=\"widget\" data-e-type=\"widget\" data-widget_type=\"text-editor.default\">\n\t\t\t\t<div class=\"elementor-widget-container\">\n\t\t\t\t\t\t\t\t\t<p class=\"p1\"><span class=\"fontstyle0\">Die ECO LAP COMPACT 380 steht f\u00fcr einen attraktiven Preis mit h\u00f6chster Submikron Qualit\u00e4t. Ein durchdachtes praxisorientiertes Gesamtkonzept sorgt f\u00fcr einfache Bedienung und komfortable Handhabung und garantiert einen reibungslosen Arbeitsablauf.<\/span><\/p>\n<p class=\"p2\"><span class=\"fontstyle0\">Ausgestattet mit einer Siemens LOGO!-Steuerung l\u00e4sst sich sowohl die Maschine als auch die Dosierung pr\u00e4zise und effizient in einer Einheit kontrollieren. Bis zu 10 L\u00e4pp-Programme k\u00f6nnen gespeichert und jederzeit abgerufen werden. Damit garantiert die ECO LAP COMPACT 380 maximale Flexibilit\u00e4t in der Produktion.<\/span><\/p><p class=\"p2\">Das robuste Gestell aus Edelstahl sorgt f\u00fcr eine hohe Langlebigkeit und macht die ECO LAP COMPACT zur zuverl\u00e4ssigen L\u00f6sung f\u00fcr Ihre Anforderungen. Die ECO SMART COMPACT ist vollst\u00e4ndig in Deutschland gefertigt \u2013 Qualit\u00e4t \u201eMade in Germany\u201c, auf die Sie sich verlassen k\u00f6nnen.<\/p>\t\t\t\t\t\t\t\t<\/div>\n\t\t\t\t<\/div>\n\t\t\t\t\t<\/div>\n\t\t<\/div>\n\t\t\t\t\t<\/div>\n\t\t<\/section>\n\t\t\t\t<section class=\"elementor-section elementor-top-section elementor-element elementor-element-d9dc593 elementor-section-boxed elementor-section-height-default elementor-section-height-default\" data-id=\"d9dc593\" data-element_type=\"section\" data-e-type=\"section\">\n\t\t\t\t\t\t<div class=\"elementor-container elementor-column-gap-default\">\n\t\t\t\t\t<div class=\"elementor-column elementor-col-100 elementor-top-column elementor-element elementor-element-3a957ba\" data-id=\"3a957ba\" data-element_type=\"column\" data-e-type=\"column\">\n\t\t\t<div class=\"elementor-widget-wrap elementor-element-populated\">\n\t\t\t\t\t\t<div class=\"elementor-element elementor-element-871580c elementor-widget elementor-widget-spacer\" data-id=\"871580c\" data-element_type=\"widget\" data-e-type=\"widget\" data-widget_type=\"spacer.default\">\n\t\t\t\t<div class=\"elementor-widget-container\">\n\t\t\t\t\t\t\t<div class=\"elementor-spacer\">\n\t\t\t<div class=\"elementor-spacer-inner\"><\/div>\n\t\t<\/div>\n\t\t\t\t\t\t<\/div>\n\t\t\t\t<\/div>\n\t\t\t\t\t<\/div>\n\t\t<\/div>\n\t\t\t\t\t<\/div>\n\t\t<\/section>\n\t\t\t\t<section class=\"elementor-section elementor-top-section elementor-element elementor-element-62cf85b elementor-section-boxed elementor-section-height-default elementor-section-height-default\" data-id=\"62cf85b\" data-element_type=\"section\" data-e-type=\"section\">\n\t\t\t\t\t\t<div class=\"elementor-container elementor-column-gap-default\">\n\t\t\t\t\t<div class=\"elementor-column elementor-col-100 elementor-top-column elementor-element elementor-element-efa2941\" data-id=\"efa2941\" data-element_type=\"column\" data-e-type=\"column\">\n\t\t\t<div class=\"elementor-widget-wrap elementor-element-populated\">\n\t\t\t\t\t\t<div class=\"elementor-element elementor-element-8601ae0 elementor-widget elementor-widget-button\" data-id=\"8601ae0\" data-element_type=\"widget\" data-e-type=\"widget\" data-widget_type=\"button.default\">\n\t\t\t\t<div class=\"elementor-widget-container\">\n\t\t\t\t\t\t\t\t\t<div class=\"elementor-button-wrapper\">\n\t\t\t\t\t<a class=\"elementor-button elementor-button-link elementor-size-lg\" href=\"https:\/\/www.submikron.com\/wp-content\/uploads\/2025\/10\/Flyer_ECO_LAP_Compact_380_DE_2025-10-07.pdf\">\n\t\t\t\t\t\t<span class=\"elementor-button-content-wrapper\">\n\t\t\t\t\t\t\t\t\t<span class=\"elementor-button-text\">ECO LAP COMPACT 380 | Technische Daten \u00bb<\/span>\n\t\t\t\t\t<\/span>\n\t\t\t\t\t<\/a>\n\t\t\t\t<\/div>\n\t\t\t\t\t\t\t\t<\/div>\n\t\t\t\t<\/div>\n\t\t\t\t<div class=\"elementor-element elementor-element-4f8c381 elementor-widget elementor-widget-spacer\" data-id=\"4f8c381\" data-element_type=\"widget\" data-e-type=\"widget\" data-widget_type=\"spacer.default\">\n\t\t\t\t<div class=\"elementor-widget-container\">\n\t\t\t\t\t\t\t<div class=\"elementor-spacer\">\n\t\t\t<div class=\"elementor-spacer-inner\"><\/div>\n\t\t<\/div>\n\t\t\t\t\t\t<\/div>\n\t\t\t\t<\/div>\n\t\t\t\t<div class=\"elementor-element elementor-element-1e2bc6e elementor-widget elementor-widget-heading\" data-id=\"1e2bc6e\" data-element_type=\"widget\" data-e-type=\"widget\" data-widget_type=\"heading.default\">\n\t\t\t\t<div class=\"elementor-widget-container\">\n\t\t\t\t\t<h2 class=\"elementor-heading-title elementor-size-default\">Panoramica delle macchine<\/h2>\t\t\t\t<\/div>\n\t\t\t\t<\/div>\n\t\t\t\t<div class=\"elementor-element elementor-element-ea304d9 elementor-widget elementor-widget-spacer\" data-id=\"ea304d9\" data-element_type=\"widget\" data-e-type=\"widget\" data-widget_type=\"spacer.default\">\n\t\t\t\t<div class=\"elementor-widget-container\">\n\t\t\t\t\t\t\t<div class=\"elementor-spacer\">\n\t\t\t<div class=\"elementor-spacer-inner\"><\/div>\n\t\t<\/div>\n\t\t\t\t\t\t<\/div>\n\t\t\t\t<\/div>\n\t\t\t\t\t<\/div>\n\t\t<\/div>\n\t\t\t\t\t<\/div>\n\t\t<\/section>\n\t\t\t\t<section class=\"elementor-section elementor-top-section elementor-element elementor-element-936c9da elementor-section-boxed elementor-section-height-default elementor-section-height-default\" data-id=\"936c9da\" data-element_type=\"section\" data-e-type=\"section\">\n\t\t\t\t\t\t<div class=\"elementor-container elementor-column-gap-default\">\n\t\t\t\t\t<div class=\"elementor-column elementor-col-33 elementor-top-column elementor-element elementor-element-2b17e12\" data-id=\"2b17e12\" data-element_type=\"column\" data-e-type=\"column\">\n\t\t\t<div class=\"elementor-widget-wrap elementor-element-populated\">\n\t\t\t\t\t\t<div class=\"elementor-element elementor-element-eac1bf6 elementor-widget elementor-widget-text-editor\" data-id=\"eac1bf6\" data-element_type=\"widget\" data-e-type=\"widget\" data-widget_type=\"text-editor.default\">\n\t\t\t\t<div class=\"elementor-widget-container\">\n\t\t\t\t\t\t\t\t\t<a style=\"color: #ffffff;\" href=\"\/it\/produkte\/maschinenuebersicht\/i4-lap\/\">Serie I4 LAP<\/a>\t\t\t\t\t\t\t\t<\/div>\n\t\t\t\t<\/div>\n\t\t\t\t\t<\/div>\n\t\t<\/div>\n\t\t\t\t<div class=\"elementor-column elementor-col-33 elementor-top-column elementor-element elementor-element-66e3a3b\" data-id=\"66e3a3b\" data-element_type=\"column\" data-e-type=\"column\">\n\t\t\t<div class=\"elementor-widget-wrap elementor-element-populated\">\n\t\t\t\t\t\t<div class=\"elementor-element elementor-element-69bf0c7 elementor-widget elementor-widget-text-editor\" data-id=\"69bf0c7\" data-element_type=\"widget\" data-e-type=\"widget\" data-widget_type=\"text-editor.default\">\n\t\t\t\t<div class=\"elementor-widget-container\">\n\t\t\t\t\t\t\t\t\t<a style=\"color: #ffffff;\" href=\"\/it\/produkte\/maschinenuebersicht\/elap-serie\/\">Serie ELAP<\/a>\t\t\t\t\t\t\t\t<\/div>\n\t\t\t\t<\/div>\n\t\t\t\t\t<\/div>\n\t\t<\/div>\n\t\t\t\t<div class=\"elementor-column elementor-col-33 elementor-top-column elementor-element elementor-element-21eb28d\" data-id=\"21eb28d\" data-element_type=\"column\" data-e-type=\"column\">\n\t\t\t<div class=\"elementor-widget-wrap elementor-element-populated\">\n\t\t\t\t\t\t<div class=\"elementor-element elementor-element-ecc455c elementor-widget elementor-widget-text-editor\" data-id=\"ecc455c\" data-element_type=\"widget\" data-e-type=\"widget\" data-widget_type=\"text-editor.default\">\n\t\t\t\t<div class=\"elementor-widget-container\">\n\t\t\t\t\t\t\t\t\t<a style=\"color: #ffffff;\" href=\"\/it\/produkte\/maschinenuebersicht\/sondermaschinen\/\">Macchine speciali<\/a>\t\t\t\t\t\t\t\t<\/div>\n\t\t\t\t<\/div>\n\t\t\t\t\t<\/div>\n\t\t<\/div>\n\t\t\t\t\t<\/div>\n\t\t<\/section>\n\t\t\t\t<section class=\"elementor-section elementor-top-section elementor-element elementor-element-5d09406 elementor-section-boxed elementor-section-height-default elementor-section-height-default\" data-id=\"5d09406\" data-element_type=\"section\" data-e-type=\"section\">\n\t\t\t\t\t\t<div class=\"elementor-container elementor-column-gap-default\">\n\t\t\t\t\t<div class=\"elementor-column elementor-col-33 elementor-top-column elementor-element elementor-element-5316b9b\" data-id=\"5316b9b\" data-element_type=\"column\" data-e-type=\"column\">\n\t\t\t<div class=\"elementor-widget-wrap elementor-element-populated\">\n\t\t\t\t\t\t<div class=\"elementor-element elementor-element-513dff1 elementor-widget elementor-widget-text-editor\" data-id=\"513dff1\" data-element_type=\"widget\" data-e-type=\"widget\" data-widget_type=\"text-editor.default\">\n\t\t\t\t<div class=\"elementor-widget-container\">\n\t\t\t\t\t\t\t\t\t<p><a style=\"color: #ffffff;\" href=\"\/it\/produkte\/maschinenuebersicht\/dosiersysteme\/\">Sistemi di dosaggio<\/a><\/p>\t\t\t\t\t\t\t\t<\/div>\n\t\t\t\t<\/div>\n\t\t\t\t\t<\/div>\n\t\t<\/div>\n\t\t\t\t<div class=\"elementor-column elementor-col-33 elementor-top-column elementor-element elementor-element-37b63d1\" data-id=\"37b63d1\" data-element_type=\"column\" data-e-type=\"column\">\n\t\t\t<div class=\"elementor-widget-wrap elementor-element-populated\">\n\t\t\t\t\t\t<div class=\"elementor-element elementor-element-3a5527a elementor-widget elementor-widget-text-editor\" data-id=\"3a5527a\" data-element_type=\"widget\" data-e-type=\"widget\" data-widget_type=\"text-editor.default\">\n\t\t\t\t<div class=\"elementor-widget-container\">\n\t\t\t\t\t\t\t\t\t<p><a style=\"color: #ffffff;\" href=\"\/it\/produkte\/maschinenuebersicht\/abrichtsystem-lps\/\">Sistema di ravvivatura LPS<\/a><\/p>\t\t\t\t\t\t\t\t<\/div>\n\t\t\t\t<\/div>\n\t\t\t\t\t<\/div>\n\t\t<\/div>\n\t\t\t\t<div class=\"elementor-column elementor-col-33 elementor-top-column elementor-element elementor-element-e5efef0\" data-id=\"e5efef0\" data-element_type=\"column\" data-e-type=\"column\">\n\t\t\t<div class=\"elementor-widget-wrap elementor-element-populated\">\n\t\t\t\t\t\t<div class=\"elementor-element elementor-element-378bc30 elementor-widget elementor-widget-text-editor\" data-id=\"378bc30\" data-element_type=\"widget\" data-e-type=\"widget\" data-widget_type=\"text-editor.default\">\n\t\t\t\t<div class=\"elementor-widget-container\">\n\t\t\t\t\t\t\t\t\t<p><a style=\"color: #ffffff;\" href=\"\/it\/produkte\/maschinenuebersicht\/bsm-d-serie\/\">Serie BSM D<\/a><\/p>\t\t\t\t\t\t\t\t<\/div>\n\t\t\t\t<\/div>\n\t\t\t\t\t<\/div>\n\t\t<\/div>\n\t\t\t\t\t<\/div>\n\t\t<\/section>\n\t\t\t\t<\/div>","protected":false},"excerpt":{"rendered":"<p>Maschinen und Dosiersysteme: ECO LAP COMPACT 380 Submikron: Produkte \u00bb Maschinen &amp; Dosiersysteme \u00bb ECO LAP COMPACT 380 Die kompakte Tischmaschine: ECO LAP COMPACT 380 Die ECO LAP COMPACT 380 steht f\u00fcr einen attraktiven Preis mit h\u00f6chster Submikron Qualit\u00e4t. Ein durchdachtes praxisorientiertes Gesamtkonzept sorgt f\u00fcr einfache Bedienung und komfortable Handhabung und garantiert einen reibungslosen Arbeitsablauf. [&hellip;]<\/p>\n","protected":false},"author":5,"featured_media":0,"parent":11,"menu_order":2,"comment_status":"closed","ping_status":"closed","template":"elementor_header_footer","meta":{"footnotes":""},"class_list":["post-3260","page","type-page","status-publish","hentry"],"_links":{"self":[{"href":"https:\/\/www.submikron.com\/it\/wp-json\/wp\/v2\/pages\/3260","targetHints":{"allow":["GET"]}}],"collection":[{"href":"https:\/\/www.submikron.com\/it\/wp-json\/wp\/v2\/pages"}],"about":[{"href":"https:\/\/www.submikron.com\/it\/wp-json\/wp\/v2\/types\/page"}],"author":[{"embeddable":true,"href":"https:\/\/www.submikron.com\/it\/wp-json\/wp\/v2\/users\/5"}],"replies":[{"embeddable":true,"href":"https:\/\/www.submikron.com\/it\/wp-json\/wp\/v2\/comments?post=3260"}],"version-history":[{"count":15,"href":"https:\/\/www.submikron.com\/it\/wp-json\/wp\/v2\/pages\/3260\/revisions"}],"predecessor-version":[{"id":3277,"href":"https:\/\/www.submikron.com\/it\/wp-json\/wp\/v2\/pages\/3260\/revisions\/3277"}],"up":[{"embeddable":true,"href":"https:\/\/www.submikron.com\/it\/wp-json\/wp\/v2\/pages\/11"}],"wp:attachment":[{"href":"https:\/\/www.submikron.com\/it\/wp-json\/wp\/v2\/media?parent=3260"}],"curies":[{"name":"wp","href":"https:\/\/api.w.org\/{rel}","templated":true}]}}