{"id":678,"date":"2021-08-13T09:49:10","date_gmt":"2021-08-13T09:49:10","guid":{"rendered":"http:\/\/s877741999.online.de\/?page_id=678"},"modified":"2023-11-09T14:14:49","modified_gmt":"2023-11-09T14:14:49","slug":"polier-und-schleifmittel","status":"publish","type":"page","link":"https:\/\/www.submikron.com\/pl\/produkte\/polier-und-schleifmittel","title":{"rendered":"\u015arodki polerskie i szlifierskie"},"content":{"rendered":"<div data-elementor-type=\"wp-page\" data-elementor-id=\"678\" class=\"elementor elementor-678\">\n\t\t\t\t\t\t<section class=\"elementor-section elementor-top-section elementor-element elementor-element-d0857b0 elementor-section-full_width elementor-section-stretched elementor-section-height-default elementor-section-height-default\" data-id=\"d0857b0\" data-element_type=\"section\" data-e-type=\"section\" data-settings=\"{&quot;stretch_section&quot;:&quot;section-stretched&quot;}\">\n\t\t\t\t\t\t<div class=\"elementor-container elementor-column-gap-default\">\n\t\t\t\t\t<div class=\"elementor-column elementor-col-100 elementor-top-column elementor-element elementor-element-e4900c4\" data-id=\"e4900c4\" data-element_type=\"column\" data-e-type=\"column\">\n\t\t\t<div class=\"elementor-widget-wrap elementor-element-populated\">\n\t\t\t\t\t\t<div class=\"elementor-element elementor-element-7501003 elementor-widget elementor-widget-image\" data-id=\"7501003\" data-element_type=\"widget\" data-e-type=\"widget\" data-widget_type=\"image.default\">\n\t\t\t\t<div class=\"elementor-widget-container\">\n\t\t\t\t\t\t\t\t\t\t\t\t\t\t\t<img fetchpriority=\"high\" decoding=\"async\" width=\"2048\" height=\"371\" src=\"https:\/\/www.submikron.com\/wp-content\/uploads\/2021\/11\/02_submikron_titelbild_Polier-und-Schleifmittel.jpg\" class=\"attachment-full size-full wp-image-1091\" alt=\"\" srcset=\"https:\/\/www.submikron.com\/wp-content\/uploads\/2021\/11\/02_submikron_titelbild_Polier-und-Schleifmittel.jpg 2048w, https:\/\/www.submikron.com\/wp-content\/uploads\/2021\/11\/02_submikron_titelbild_Polier-und-Schleifmittel-300x54.jpg 300w, https:\/\/www.submikron.com\/wp-content\/uploads\/2021\/11\/02_submikron_titelbild_Polier-und-Schleifmittel-1024x186.jpg 1024w, https:\/\/www.submikron.com\/wp-content\/uploads\/2021\/11\/02_submikron_titelbild_Polier-und-Schleifmittel-768x139.jpg 768w, https:\/\/www.submikron.com\/wp-content\/uploads\/2021\/11\/02_submikron_titelbild_Polier-und-Schleifmittel-1536x278.jpg 1536w, https:\/\/www.submikron.com\/wp-content\/uploads\/2021\/11\/02_submikron_titelbild_Polier-und-Schleifmittel-18x3.jpg 18w\" sizes=\"(max-width: 2048px) 100vw, 2048px\" \/>\t\t\t\t\t\t\t\t\t\t\t\t\t\t\t<\/div>\n\t\t\t\t<\/div>\n\t\t\t\t\t<\/div>\n\t\t<\/div>\n\t\t\t\t\t<\/div>\n\t\t<\/section>\n\t\t\t\t<section class=\"elementor-section elementor-top-section elementor-element elementor-element-f144538 elementor-section-full_width elementor-section-stretched elementor-section-height-default elementor-section-height-default\" data-id=\"f144538\" data-element_type=\"section\" data-e-type=\"section\" data-settings=\"{&quot;stretch_section&quot;:&quot;section-stretched&quot;}\">\n\t\t\t\t\t\t<div class=\"elementor-container elementor-column-gap-default\">\n\t\t\t\t\t<div class=\"elementor-column elementor-col-100 elementor-top-column elementor-element elementor-element-993d711\" data-id=\"993d711\" data-element_type=\"column\" data-e-type=\"column\">\n\t\t\t<div class=\"elementor-widget-wrap elementor-element-populated\">\n\t\t\t\t\t\t<div class=\"elementor-element elementor-element-8c32bc6 elementor-widget elementor-widget-heading\" data-id=\"8c32bc6\" data-element_type=\"widget\" data-e-type=\"widget\" data-widget_type=\"heading.default\">\n\t\t\t\t<div class=\"elementor-widget-container\">\n\t\t\t\t\t<h1 class=\"elementor-heading-title elementor-size-default\">\u015arodki polerskie i szlifierskie<\/h1>\t\t\t\t<\/div>\n\t\t\t\t<\/div>\n\t\t\t\t\t<\/div>\n\t\t<\/div>\n\t\t\t\t\t<\/div>\n\t\t<\/section>\n\t\t\t\t<section class=\"elementor-section elementor-top-section elementor-element elementor-element-7656bdf elementor-section-boxed elementor-section-height-default elementor-section-height-default\" data-id=\"7656bdf\" data-element_type=\"section\" data-e-type=\"section\">\n\t\t\t\t\t\t<div class=\"elementor-container elementor-column-gap-default\">\n\t\t\t\t\t<div class=\"elementor-column elementor-col-100 elementor-top-column elementor-element elementor-element-1e1e21c\" data-id=\"1e1e21c\" data-element_type=\"column\" data-e-type=\"column\">\n\t\t\t<div class=\"elementor-widget-wrap elementor-element-populated\">\n\t\t\t\t\t\t<div class=\"elementor-element elementor-element-104c46f elementor-widget elementor-widget-text-editor\" data-id=\"104c46f\" data-element_type=\"widget\" data-e-type=\"widget\" data-widget_type=\"text-editor.default\">\n\t\t\t\t<div class=\"elementor-widget-container\">\n\t\t\t\t\t\t\t\t\t<p>Submikron: Produkty \u00bb \u015arodki polerskie i szlifierskie\u00a0<\/p>\t\t\t\t\t\t\t\t<\/div>\n\t\t\t\t<\/div>\n\t\t\t\t<div class=\"elementor-element elementor-element-99a3026 elementor-widget elementor-widget-spacer\" data-id=\"99a3026\" data-element_type=\"widget\" data-e-type=\"widget\" data-widget_type=\"spacer.default\">\n\t\t\t\t<div class=\"elementor-widget-container\">\n\t\t\t\t\t\t\t<div class=\"elementor-spacer\">\n\t\t\t<div class=\"elementor-spacer-inner\"><\/div>\n\t\t<\/div>\n\t\t\t\t\t\t<\/div>\n\t\t\t\t<\/div>\n\t\t\t\t\t<\/div>\n\t\t<\/div>\n\t\t\t\t\t<\/div>\n\t\t<\/section>\n\t\t\t\t<section class=\"elementor-section elementor-top-section elementor-element elementor-element-feb7401 elementor-section-boxed elementor-section-height-default elementor-section-height-default\" data-id=\"feb7401\" data-element_type=\"section\" data-e-type=\"section\">\n\t\t\t\t\t\t<div class=\"elementor-container elementor-column-gap-default\">\n\t\t\t\t\t<div class=\"elementor-column elementor-col-50 elementor-top-column elementor-element elementor-element-9fd4ea3\" data-id=\"9fd4ea3\" data-element_type=\"column\" data-e-type=\"column\">\n\t\t\t<div class=\"elementor-widget-wrap elementor-element-populated\">\n\t\t\t\t\t\t<div class=\"elementor-element elementor-element-5a392d7 elementor-widget elementor-widget-text-editor\" data-id=\"5a392d7\" data-element_type=\"widget\" data-e-type=\"widget\" data-widget_type=\"text-editor.default\">\n\t\t\t\t<div class=\"elementor-widget-container\">\n\t\t\t\t\t\t\t\t\t<p><a style=\"color: #ffffff;\" href=\"http:\/\/s877741999.online.de\/produkte\/polier-und-schleifmittel\/abrasive\">\u015acierniwa<\/a><\/p>\t\t\t\t\t\t\t\t<\/div>\n\t\t\t\t<\/div>\n\t\t\t\t\t<\/div>\n\t\t<\/div>\n\t\t\t\t<div class=\"elementor-column elementor-col-50 elementor-top-column elementor-element elementor-element-72558a2\" data-id=\"72558a2\" data-element_type=\"column\" data-e-type=\"column\">\n\t\t\t<div class=\"elementor-widget-wrap elementor-element-populated\">\n\t\t\t\t\t\t<div class=\"elementor-element elementor-element-c951d7a elementor-widget elementor-widget-text-editor\" data-id=\"c951d7a\" data-element_type=\"widget\" data-e-type=\"widget\" data-widget_type=\"text-editor.default\">\n\t\t\t\t<div class=\"elementor-widget-container\">\n\t\t\t\t\t\t\t\t\t<a style=\"color: #ffffff;\" href=\"http:\/\/s877741999.online.de\/produkte\/polier-und-schleifmittel\/oele-additive\">Oleje i dodatki<\/a>\t\t\t\t\t\t\t\t<\/div>\n\t\t\t\t<\/div>\n\t\t\t\t\t<\/div>\n\t\t<\/div>\n\t\t\t\t\t<\/div>\n\t\t<\/section>\n\t\t\t\t<section class=\"elementor-section elementor-top-section elementor-element elementor-element-cfe5f1c elementor-section-full_width elementor-section-stretched elementor-section-height-default elementor-section-height-default\" data-id=\"cfe5f1c\" data-element_type=\"section\" data-e-type=\"section\" data-settings=\"{&quot;stretch_section&quot;:&quot;section-stretched&quot;}\">\n\t\t\t\t\t\t<div class=\"elementor-container elementor-column-gap-default\">\n\t\t\t\t\t<div class=\"elementor-column elementor-col-100 elementor-top-column elementor-element elementor-element-fbeb189\" data-id=\"fbeb189\" data-element_type=\"column\" data-e-type=\"column\">\n\t\t\t<div class=\"elementor-widget-wrap elementor-element-populated\">\n\t\t\t\t\t\t<div class=\"elementor-element elementor-element-e75d2e6 elementor-widget elementor-widget-spacer\" data-id=\"e75d2e6\" data-element_type=\"widget\" data-e-type=\"widget\" data-widget_type=\"spacer.default\">\n\t\t\t\t<div class=\"elementor-widget-container\">\n\t\t\t\t\t\t\t<div class=\"elementor-spacer\">\n\t\t\t<div class=\"elementor-spacer-inner\"><\/div>\n\t\t<\/div>\n\t\t\t\t\t\t<\/div>\n\t\t\t\t<\/div>\n\t\t\t\t\t<\/div>\n\t\t<\/div>\n\t\t\t\t\t<\/div>\n\t\t<\/section>\n\t\t\t\t<section class=\"elementor-section elementor-top-section elementor-element elementor-element-5850bfd elementor-section-full_width elementor-section-stretched elementor-section-height-default elementor-section-height-default\" data-id=\"5850bfd\" data-element_type=\"section\" data-e-type=\"section\" data-settings=\"{&quot;stretch_section&quot;:&quot;section-stretched&quot;}\">\n\t\t\t\t\t\t<div class=\"elementor-container elementor-column-gap-default\">\n\t\t\t\t\t<div class=\"elementor-column elementor-col-100 elementor-top-column elementor-element elementor-element-88ea476\" data-id=\"88ea476\" data-element_type=\"column\" data-e-type=\"column\">\n\t\t\t<div class=\"elementor-widget-wrap elementor-element-populated\">\n\t\t\t\t\t\t<div class=\"elementor-element elementor-element-e9ace87 elementor-widget elementor-widget-spacer\" data-id=\"e9ace87\" data-element_type=\"widget\" data-e-type=\"widget\" data-widget_type=\"spacer.default\">\n\t\t\t\t<div class=\"elementor-widget-container\">\n\t\t\t\t\t\t\t<div class=\"elementor-spacer\">\n\t\t\t<div class=\"elementor-spacer-inner\"><\/div>\n\t\t<\/div>\n\t\t\t\t\t\t<\/div>\n\t\t\t\t<\/div>\n\t\t\t\t\t<\/div>\n\t\t<\/div>\n\t\t\t\t\t<\/div>\n\t\t<\/section>\n\t\t\t\t<section class=\"elementor-section elementor-top-section elementor-element elementor-element-282c69f elementor-section-boxed elementor-section-height-default elementor-section-height-default\" data-id=\"282c69f\" data-element_type=\"section\" data-e-type=\"section\">\n\t\t\t\t\t\t<div class=\"elementor-container elementor-column-gap-default\">\n\t\t\t\t\t<div class=\"elementor-column elementor-col-66 elementor-top-column elementor-element elementor-element-4f7f890\" data-id=\"4f7f890\" data-element_type=\"column\" data-e-type=\"column\">\n\t\t\t<div class=\"elementor-widget-wrap elementor-element-populated\">\n\t\t\t\t\t\t<div class=\"elementor-element elementor-element-7180c0e elementor-widget elementor-widget-heading\" data-id=\"7180c0e\" data-element_type=\"widget\" data-e-type=\"widget\" data-widget_type=\"heading.default\">\n\t\t\t\t<div class=\"elementor-widget-container\">\n\t\t\t\t\t<h2 class=\"elementor-heading-title elementor-size-default\">Kontrola jako\u015bci<\/h2>\t\t\t\t<\/div>\n\t\t\t\t<\/div>\n\t\t\t\t<div class=\"elementor-element elementor-element-07c158d elementor-widget elementor-widget-text-editor\" data-id=\"07c158d\" data-element_type=\"widget\" data-e-type=\"widget\" data-widget_type=\"text-editor.default\">\n\t\t\t\t<div class=\"elementor-widget-container\">\n\t\t\t\t\t\t\t\t\t<p class=\"p1\">Na kolejnych stronach znajduje si\u0119 lista wszystkich dost\u0119pnych u nas produkt\u00f3w polerskich i \u015bciernych.<\/p><p class=\"p1\">Nasze wielko\u015bci ziaren s\u0105 zgodne z normami bran\u017cowymi. Odpowiednie rozk\u0142ady ziaren dla poszczeg\u00f3lnych produkt\u00f3w podano w formie tabeli. Wszystkie gotowe produkty s\u0105 wytwarzane na miejscu w ramach naszego wewn\u0119trznego systemu zarz\u0105dzania jako\u015bci\u0105. Stosowane surowce s\u0105 sprawdzane za pomoc\u0105 analizy cz\u0105steczek. W ka\u017cdym przypadku archiwizuje si\u0119 zresetowane pr\u00f3bki.<\/p><p class=\"p2\">Je\u015bli nie masz pewno\u015bci co do wielko\u015bci ziaren u\u017cywanego produktu, mo\u017cemy przeprowadzi\u0107 analiz\u0119 cz\u0105stek. Aby okre\u015bli\u0107 wielko\u015b\u0107 ziarna, mo\u017cna przes\u0142a\u0107 nam pr\u00f3bk\u0119. Zwykle wystarcza niewielka ilo\u015b\u0107 proszku lub p\u0142ynu.<\/p>\t\t\t\t\t\t\t\t<\/div>\n\t\t\t\t<\/div>\n\t\t\t\t\t<\/div>\n\t\t<\/div>\n\t\t\t\t<div class=\"elementor-column elementor-col-33 elementor-top-column elementor-element elementor-element-0f99cad\" data-id=\"0f99cad\" data-element_type=\"column\" data-e-type=\"column\">\n\t\t\t<div class=\"elementor-widget-wrap elementor-element-populated\">\n\t\t\t\t\t\t<div class=\"elementor-element elementor-element-3c758d2 elementor-widget elementor-widget-image\" data-id=\"3c758d2\" data-element_type=\"widget\" data-e-type=\"widget\" data-widget_type=\"image.default\">\n\t\t\t\t<div class=\"elementor-widget-container\">\n\t\t\t\t\t\t\t\t\t\t\t\t\t\t\t<img decoding=\"async\" width=\"500\" height=\"480\" src=\"https:\/\/www.submikron.com\/wp-content\/uploads\/2021\/10\/submikron-polier-und-schleifmittel.jpg\" class=\"attachment-medium_large size-medium_large wp-image-845\" alt=\"\" srcset=\"https:\/\/www.submikron.com\/wp-content\/uploads\/2021\/10\/submikron-polier-und-schleifmittel.jpg 500w, https:\/\/www.submikron.com\/wp-content\/uploads\/2021\/10\/submikron-polier-und-schleifmittel-300x288.jpg 300w, https:\/\/www.submikron.com\/wp-content\/uploads\/2021\/10\/submikron-polier-und-schleifmittel-13x12.jpg 13w\" sizes=\"(max-width: 500px) 100vw, 500px\" \/>\t\t\t\t\t\t\t\t\t\t\t\t\t\t\t<\/div>\n\t\t\t\t<\/div>\n\t\t\t\t\t<\/div>\n\t\t<\/div>\n\t\t\t\t\t<\/div>\n\t\t<\/section>\n\t\t\t\t<section class=\"elementor-section elementor-top-section elementor-element elementor-element-052de13 elementor-section-full_width elementor-section-stretched elementor-section-height-default elementor-section-height-default\" data-id=\"052de13\" data-element_type=\"section\" data-e-type=\"section\" data-settings=\"{&quot;stretch_section&quot;:&quot;section-stretched&quot;}\">\n\t\t\t\t\t\t<div class=\"elementor-container elementor-column-gap-default\">\n\t\t\t\t\t<div class=\"elementor-column elementor-col-100 elementor-top-column elementor-element elementor-element-8c18605\" data-id=\"8c18605\" data-element_type=\"column\" data-e-type=\"column\">\n\t\t\t<div class=\"elementor-widget-wrap elementor-element-populated\">\n\t\t\t\t\t\t<div class=\"elementor-element elementor-element-f0ec84f elementor-widget elementor-widget-spacer\" data-id=\"f0ec84f\" data-element_type=\"widget\" data-e-type=\"widget\" data-widget_type=\"spacer.default\">\n\t\t\t\t<div class=\"elementor-widget-container\">\n\t\t\t\t\t\t\t<div class=\"elementor-spacer\">\n\t\t\t<div class=\"elementor-spacer-inner\"><\/div>\n\t\t<\/div>\n\t\t\t\t\t\t<\/div>\n\t\t\t\t<\/div>\n\t\t\t\t\t<\/div>\n\t\t<\/div>\n\t\t\t\t\t<\/div>\n\t\t<\/section>\n\t\t\t\t<\/div>","protected":false},"excerpt":{"rendered":"<p>Polier- und Schleifmittel Submikron: Produkte \u00bb Polier- und Schleifmittel\u00a0 Abrasive \u00d6le &amp; Additive Quali\u00e4tskontrolle Auf den nachfolgenden Seiten finden Sie eine Auflistung aller von uns erh\u00e4ltlichen Polier- und Schleifmittel. Unsere K\u00f6rnungen entsprechen den branchen\u00fcblichen Standards. F\u00fcr die einzelnen Produkte sind entsprechende Kornverteilungen in Tabellenform aufgelistet. Alle fertigen Produkte werden in unserem Hause durch unser internes [&hellip;]<\/p>\n","protected":false},"author":5,"featured_media":0,"parent":234,"menu_order":4,"comment_status":"closed","ping_status":"closed","template":"elementor_header_footer","meta":{"footnotes":""},"class_list":["post-678","page","type-page","status-publish","hentry"],"_links":{"self":[{"href":"https:\/\/www.submikron.com\/pl\/wp-json\/wp\/v2\/pages\/678","targetHints":{"allow":["GET"]}}],"collection":[{"href":"https:\/\/www.submikron.com\/pl\/wp-json\/wp\/v2\/pages"}],"about":[{"href":"https:\/\/www.submikron.com\/pl\/wp-json\/wp\/v2\/types\/page"}],"author":[{"embeddable":true,"href":"https:\/\/www.submikron.com\/pl\/wp-json\/wp\/v2\/users\/5"}],"replies":[{"embeddable":true,"href":"https:\/\/www.submikron.com\/pl\/wp-json\/wp\/v2\/comments?post=678"}],"version-history":[{"count":20,"href":"https:\/\/www.submikron.com\/pl\/wp-json\/wp\/v2\/pages\/678\/revisions"}],"predecessor-version":[{"id":2860,"href":"https:\/\/www.submikron.com\/pl\/wp-json\/wp\/v2\/pages\/678\/revisions\/2860"}],"up":[{"embeddable":true,"href":"https:\/\/www.submikron.com\/pl\/wp-json\/wp\/v2\/pages\/234"}],"wp:attachment":[{"href":"https:\/\/www.submikron.com\/pl\/wp-json\/wp\/v2\/media?parent=678"}],"curies":[{"name":"wp","href":"https:\/\/api.w.org\/{rel}","templated":true}]}}